{"id":43990,"date":"2026-04-17T17:21:55","date_gmt":"2026-04-17T15:21:55","guid":{"rendered":"https:\/\/premino.pl\/produkt\/capillus-szampon-gleboko-oczyszczajacy-300ml\/"},"modified":"2026-04-17T17:22:05","modified_gmt":"2026-04-17T15:22:05","slug":"capillus-szampon-gleboko-oczyszczajacy-300ml","status":"publish","type":"product","link":"https:\/\/premino.pl\/?product=capillus-szampon-gleboko-oczyszczajacy-300ml","title":{"rendered":"Capillus szampon g\u0142\u0119boko oczyszczaj\u0105cy 300ml"},"content":{"rendered":"<p>Szampon g\u0142\u0119boko  oczyszczaj\u0105cy efektywnie usuwa nadmiar sebum, martwy nask\u00f3rek i\u202finne  zanieczyszczenia. Doskonale sprawdzi si\u0119 do mycia przet\u0142uszczaj\u0105cej si\u0119 sk\u00f3ry  g\u0142owy, zapewniaj\u0105c efekt \u015bwie\u017co\u015bci i zwi\u0119kszonej obj\u0119to\u015bci w\u0142os\u00f3w na d\u0142u\u017cszy  czas. Dok\u0142adnie oczyszcza skalp z pozosta\u0142o\u015bci \u015brodk\u00f3w do stylizacji, suchego  szamponu czy pozosta\u0142o\u015bci piel\u0119gnacji, a dzi\u0119ki zdolno\u015bci do redukcji osadu  mineralnego sprawdzi si\u0119 tak\u017ce do mycia w twardej wodzie.\u00a0     <\/p>\n<p><b>DZIA\u0141ANIE:<br \/><\/b>\u2022 3% PHA (kwas laktobionowy, glukonolakton) zapobiegaj\u0105 powstawaniu osadu  mineralnego. Poprawiaj\u0105 kondycj\u0119 skalpu oraz domykaj\u0105 \u0142uski w\u0142os\u00f3w,  zwi\u0119kszaj\u0105c ich g\u0142adko\u015b\u0107, odporno\u015b\u0107 na czynniki mechaniczne i pl\u0105tanie.\u00a0 <br \/>    \u2022 Arginina chroni sk\u00f3r\u0119 g\u0142owy przed podra\u017cnieniami, wzmacnia barier\u0119  nask\u00f3rkow\u0105. Zwi\u0119ksza odporno\u015b\u0107 w\u0142os\u00f3w na uszkodzenia.\u00a0 <br \/>    \u2022 Mocznik jest sk\u0142adnikiem naturalnego czynnika nawil\u017caj\u0105cego,  odpowiedzialnego za nawodnienie sk\u00f3ry g\u0142owy. Regeneruje nask\u00f3rek oraz u\u0142atwia  usuwanie zrogowacia\u0142ych kom\u00f3rek i oczyszczanie skalpu.\u00a0 <br \/>    \u2022 Sorbitol wykazuje silne w\u0142a\u015bciwo\u015bci nawil\u017caj\u0105ce dzi\u0119ki czemu zapobiega  przesuszaniu sk\u00f3ry g\u0142owy i w\u0142os\u00f3w, zwi\u0119ksza ich po\u0142ysk oraz nadaje  mi\u0119kko\u015bci.\u00a0 <br \/>    \u2022 Prowitamina B5 koi i regeneruje sk\u00f3r\u0119 g\u0142owy. Posiada silne w\u0142a\u015bciwo\u015bci  nawil\u017caj\u0105ce, przywraca w\u0142osom blask i zdrowy wygl\u0105d.<\/p>\n<p><b>    WSKAZANIA:\u00a0 <\/b><br \/>    \u2022 przet\u0142uszczaj\u0105ca si\u0119 sk\u00f3ra g\u0142owy\u00a0  <br \/>    \u2022 brak obj\u0119to\u015bci\u00a0 <br \/>    \u2022 mocniejsze oczyszczenie raz w tygodniu lub rzadziej, w zale\u017cno\u015bci od  potrzeb (na przemian z\u202fdelikatniejszymi produktami)\u00a0 <br \/>    \u2022 usuwanie produkt\u00f3w do stylizacji, osadu mineralnego i pozosta\u0142o\u015bci  piel\u0119gnacji<\/p>\n<p><b>SPOS\u00d3B U\u017bYCIA:<br \/><\/b>Niewielk\u0105 ilo\u015b\u0107 szamponu nanie\u015b na sk\u00f3r\u0119 g\u0142owy i\u202fopuszkami palc\u00f3w wykonaj delikatny masa\u017c. Pozostaw na chwil\u0119, a nast\u0119pnie dok\u0142adnie sp\u0142ucz letni\u0105 wod\u0105. Powt\u00f3rz proces mycia.<\/p>\n<p><strong>Gramatura:<\/strong> ml<br \/>\n<strong>Henna:<\/strong> nie<br \/>\n<strong>Konsystencja:<\/strong> szampon<br \/>\n<strong>Linie elitarne:<\/strong> nie<br \/>\n<strong>Pojemno\u015b\u0107:<\/strong> 300<br \/>\n<strong>P\u0142e\u0107:<\/strong> damski<br \/>\n<strong>S\u0142o\u0144ce:<\/strong> nie<\/p>\n<p><strong>Uwagi:<\/strong><\/p>\n<p>W przypadku kontaktu z oczami, obficie przemyj je wod\u0105. Przechowywa\u0107 w suchym i zaciemnionym miejscu, w temperaturze pokojowej.<\/p>\n<p><strong>Sk\u0142adniki:<\/strong><\/p>\n<p>Aqua, Sodium Coco-sulfate, Cocamidopropyl Hydroxysultaine, Sorbitol, Coco-Glucoside, Lactobionic Acid, Panthenol, Glukonolakton, Xylitylglucoside, Citric Acid, Xylitol, Anhydroxylitol, Urea, Arginine, Glucose, Glyceryl Oleate, Dicaprylyl Ether, Glycerin, Decyl Glucoside, Guar Hydroxy Propyltrimonium Chloride, Levulinic Acid, Sodium Levulinate, Benzoic Acid, Parfum.<\/p>\n","protected":false},"excerpt":{"rendered":"<p> <strong>Gramatura:<\/strong> ml<br \/>  <strong>Henna:<\/strong> nie<br \/>  <strong>Konsystencja:<\/strong> szampon<br \/>  <strong>Linie elitarne:<\/strong> nie<br \/>  <strong>Pojemno\u015b\u0107:<\/strong> 300<br \/>  <strong>P\u0142e\u0107:<\/strong> damski<br \/>  <strong>S\u0142o\u0144ce:<\/strong> nie <\/p>\n","protected":false},"featured_media":43991,"comment_status":"open","ping_status":"closed","template":"","meta":{"_acf_changed":false},"kategoria-hurtowni":[211,217],"product_brand":[441],"product_cat":[76],"product_tag":[],"class_list":{"0":"post-43990","1":"product","2":"type-product","3":"status-publish","4":"has-post-thumbnail","6":"kategoria-hurtowni-dermokosmetyki","7":"kategoria-hurtowni-pielegnacja-wlosy-dermokosmetyki","8":"product_brand-basiclab","9":"product_cat-primavera","11":"first","12":"outofstock","13":"taxable","14":"shipping-taxable","15":"product-type-simple"},"acf":[],"_links":{"self":[{"href":"https:\/\/premino.pl\/index.php?rest_route=\/wp\/v2\/product\/43990","targetHints":{"allow":["GET"]}}],"collection":[{"href":"https:\/\/premino.pl\/index.php?rest_route=\/wp\/v2\/product"}],"about":[{"href":"https:\/\/premino.pl\/index.php?rest_route=\/wp\/v2\/types\/product"}],"replies":[{"embeddable":true,"href":"https:\/\/premino.pl\/index.php?rest_route=%2Fwp%2Fv2%2Fcomments&post=43990"}],"wp:featuredmedia":[{"embeddable":true,"href":"https:\/\/premino.pl\/index.php?rest_route=\/wp\/v2\/media\/43991"}],"wp:attachment":[{"href":"https:\/\/premino.pl\/index.php?rest_route=%2Fwp%2Fv2%2Fmedia&parent=43990"}],"wp:term":[{"taxonomy":"kategoria-hurtowni","embeddable":true,"href":"https:\/\/premino.pl\/index.php?rest_route=%2Fwp%2Fv2%2Fkategoria-hurtowni&post=43990"},{"taxonomy":"product_brand","embeddable":true,"href":"https:\/\/premino.pl\/index.php?rest_route=%2Fwp%2Fv2%2Fproduct_brand&post=43990"},{"taxonomy":"product_cat","embeddable":true,"href":"https:\/\/premino.pl\/index.php?rest_route=%2Fwp%2Fv2%2Fproduct_cat&post=43990"},{"taxonomy":"product_tag","embeddable":true,"href":"https:\/\/premino.pl\/index.php?rest_route=%2Fwp%2Fv2%2Fproduct_tag&post=43990"}],"curies":[{"name":"wp","href":"https:\/\/api.w.org\/{rel}","templated":true}]}}