{"id":43992,"date":"2026-04-17T17:21:55","date_gmt":"2026-04-17T15:21:55","guid":{"rendered":"https:\/\/premino.pl\/produkt\/capillus-codzienny-szampon-nawilzajacy-300ml\/"},"modified":"2026-04-17T17:22:06","modified_gmt":"2026-04-17T15:22:06","slug":"capillus-codzienny-szampon-nawilzajacy-300ml","status":"publish","type":"product","link":"https:\/\/premino.pl\/?product=capillus-codzienny-szampon-nawilzajacy-300ml","title":{"rendered":"Capillus codzienny szampon nawil\u017caj\u0105cy 300ml"},"content":{"rendered":"<p>Codzienny szampon  nawil\u017caj\u0105cy to formu\u0142a \u0142\u0105cz\u0105ca w sobie delikatno\u015b\u0107 i dok\u0142adne oczyszczenie.  Idealnie sprawdzi si\u0119 do regularnego mycia ka\u017cdego rodzaju sk\u00f3ry g\u0142owy,  szczeg\u00f3lnie suchej i normalnej. Skutecznie usuwa nadmiar sebum i inne  zanieczyszczania, jednocze\u015bnie dbaj\u0105c o r\u00f3wnowag\u0119 bariery hydrolipidowej,  dzi\u0119ki czemu pozostawia sk\u00f3r\u0119 i w\u0142osy \u015bwie\u017ce oraz nawil\u017cone. Naturalnie  podnosi w\u0142osy u\u202fnasady, dodaj\u0105c w\u0142osom lekko\u015bci i elastyczno\u015bci.<\/p>\n<p><b>DZIA\u0141ANIE:<br \/><\/b>\u2022 4% fermentu ry\u017cowego efektywnie wyg\u0142adza i nab\u0142yszcza \u0142odygi, zapobiegaj\u0105c  pl\u0105taniu si\u0119 w\u0142os\u00f3w. Koi sk\u00f3r\u0119 g\u0142owy i pomaga wzmocni\u0107 w\u0142osy, zmniejszaj\u0105c  ich \u0142amliwo\u015b\u0107.\u00a0 <br \/>    \u2022 Prowitamina B5 koi i regeneruje sk\u00f3r\u0119 g\u0142owy. Posiada silne w\u0142a\u015bciwo\u015bci  nawil\u017caj\u0105ce, przywraca w\u0142osom blask i zdrowy wygl\u0105d.\u00a0 <br \/>    \u2022 Kompleks aminokwas\u00f3w wzmacnia odporno\u015b\u0107 w\u0142os\u00f3w na uszkodzenia i \u0142amanie.  Odbudowuje barier\u0119 nask\u00f3rkow\u0105, chroni\u0105c sk\u00f3r\u0119 g\u0142owy przed podra\u017cnieniami.\u00a0 <br \/>    \u2022 Sorbitol wykazuje silne w\u0142a\u015bciwo\u015bci nawil\u017caj\u0105ce dzi\u0119ki czemu zapobiega  przesuszaniu sk\u00f3ry g\u0142owy i w\u0142os\u00f3w, zwi\u0119ksza ich po\u0142ysk oraz nadaje mi\u0119kko\u015bci.<\/p>\n<p><b>WSKAZANIA:\u00a0 <\/b><br \/>    \u2022 ka\u017cdy typ sk\u00f3ry g\u0142owy, szczeg\u00f3lnie sucha i normalna\u00a0 <br \/>    \u2022 brak obj\u0119to\u015bci i blasku\u00a0 <br \/>    \u2022 regularne oczyszczanie\u00a0 <br \/>    \u2022 ka\u017cdy rodzaj w\u0142os\u00f3w<\/p>\n<p><b>SPOS\u00d3B U\u017bYCIA:<br \/><\/b>Niewielk\u0105 ilo\u015b\u0107 szamponu nanie\u015b na sk\u00f3r\u0119 g\u0142owy i\u202fopuszkami palc\u00f3w wykonaj delikatny masa\u017c. Pozostaw na chwil\u0119, a nast\u0119pnie dok\u0142adnie sp\u0142ucz letni\u0105 wod\u0105. Powt\u00f3rz proces mycia.<\/p>\n<p><strong>Gramatura:<\/strong> ml<br \/>\n<strong>Henna:<\/strong> nie<br \/>\n<strong>Konsystencja:<\/strong> szampon<br \/>\n<strong>Linie elitarne:<\/strong> nie<br \/>\n<strong>Pojemno\u015b\u0107:<\/strong> 300<br \/>\n<strong>P\u0142e\u0107:<\/strong> damski<br \/>\n<strong>S\u0142o\u0144ce:<\/strong> nie<\/p>\n<p><strong>Uwagi:<\/strong><\/p>\n<p>W przypadku kontaktu z oczami, obficie przemyj je wod\u0105. Przechowywa\u0107 w suchym i zaciemnionym miejscu, w temperaturze pokojowej.<\/p>\n<p><strong>Sk\u0142adniki:<\/strong><\/p>\n<p>Aqua, Coco-Glucoside, Sodium Coco-Sulfate, Cocamidopropyl Hydroxysultaine, Sorbitol, Saccharomyces\/ Rice Ferment Filtrate, Panthenol, Xylitylglucoside, Dicaprylyl Ether, Xylitol, Anhydroxylitol, Arginine, Serine, Tyrosine, Alanine, Lysine, Proline, Threonine, Isoleucine, Valine, Histidine, Phenylalanine, Leucine, Glycine, Glutamic Acid, Aspartic Acid, Glucose, Glycerin, Glyceryl Oleate, Decyl Glucoside, Guar Hydroxypropyltrimonium Chloride, Pentylene Glycol, Butylene Glycol, Sodium Levulinate, Citric Acid, Levulinic Acid, Benzoic Acid, Parfum.<\/p>\n","protected":false},"excerpt":{"rendered":"<p> <strong>Gramatura:<\/strong> ml<br \/>  <strong>Henna:<\/strong> nie<br \/>  <strong>Konsystencja:<\/strong> szampon<br \/>  <strong>Linie elitarne:<\/strong> nie<br \/>  <strong>Pojemno\u015b\u0107:<\/strong> 300<br \/>  <strong>P\u0142e\u0107:<\/strong> damski<br \/>  <strong>S\u0142o\u0144ce:<\/strong> nie <\/p>\n","protected":false},"featured_media":43993,"comment_status":"open","ping_status":"closed","template":"","meta":{"_acf_changed":false},"kategoria-hurtowni":[211,217],"product_brand":[441],"product_cat":[76],"product_tag":[],"class_list":{"0":"post-43992","1":"product","2":"type-product","3":"status-publish","4":"has-post-thumbnail","6":"kategoria-hurtowni-dermokosmetyki","7":"kategoria-hurtowni-pielegnacja-wlosy-dermokosmetyki","8":"product_brand-basiclab","9":"product_cat-primavera","11":"first","12":"outofstock","13":"taxable","14":"shipping-taxable","15":"product-type-simple"},"acf":[],"_links":{"self":[{"href":"https:\/\/premino.pl\/index.php?rest_route=\/wp\/v2\/product\/43992","targetHints":{"allow":["GET"]}}],"collection":[{"href":"https:\/\/premino.pl\/index.php?rest_route=\/wp\/v2\/product"}],"about":[{"href":"https:\/\/premino.pl\/index.php?rest_route=\/wp\/v2\/types\/product"}],"replies":[{"embeddable":true,"href":"https:\/\/premino.pl\/index.php?rest_route=%2Fwp%2Fv2%2Fcomments&post=43992"}],"wp:featuredmedia":[{"embeddable":true,"href":"https:\/\/premino.pl\/index.php?rest_route=\/wp\/v2\/media\/43993"}],"wp:attachment":[{"href":"https:\/\/premino.pl\/index.php?rest_route=%2Fwp%2Fv2%2Fmedia&parent=43992"}],"wp:term":[{"taxonomy":"kategoria-hurtowni","embeddable":true,"href":"https:\/\/premino.pl\/index.php?rest_route=%2Fwp%2Fv2%2Fkategoria-hurtowni&post=43992"},{"taxonomy":"product_brand","embeddable":true,"href":"https:\/\/premino.pl\/index.php?rest_route=%2Fwp%2Fv2%2Fproduct_brand&post=43992"},{"taxonomy":"product_cat","embeddable":true,"href":"https:\/\/premino.pl\/index.php?rest_route=%2Fwp%2Fv2%2Fproduct_cat&post=43992"},{"taxonomy":"product_tag","embeddable":true,"href":"https:\/\/premino.pl\/index.php?rest_route=%2Fwp%2Fv2%2Fproduct_tag&post=43992"}],"curies":[{"name":"wp","href":"https:\/\/api.w.org\/{rel}","templated":true}]}}