{"id":43994,"date":"2026-04-17T17:21:55","date_gmt":"2026-04-17T15:21:55","guid":{"rendered":"https:\/\/premino.pl\/produkt\/capillus-delikatny-szampon-prebiotyczny-300ml\/"},"modified":"2026-04-17T17:22:07","modified_gmt":"2026-04-17T15:22:07","slug":"capillus-delikatny-szampon-prebiotyczny-300ml","status":"publish","type":"product","link":"https:\/\/premino.pl\/?product=capillus-delikatny-szampon-prebiotyczny-300ml","title":{"rendered":"Capillus delikatny szampon prebiotyczny 300ml"},"content":{"rendered":"<p>Delikatny szampon prebiotyczny\u00a0z 2% prebiotyk\u00f3w, ektoiny i kationowym kwasem hialuronowym o \u0142agodnej formule idealnie nadaje si\u0119 do cz\u0119stego stosowania, w tym r\u00f3wnie\u017c\u00a0dla dzieci od 1. miesi\u0105ca \u017cycia. Skutecznie oczyszcza sk\u00f3r\u0119 g\u0142owy z zanieczyszcze\u0144 i nadmiaru sebum,\u00a0przywracaj\u0105c r\u00f3wnowag\u0119 suchej i wra\u017cliwej sk\u00f3rze. Tworzy sprzyjaj\u0105ce warunki dla wzrostu zdrowych w\u0142os\u00f3w,\u00a0\u0142agodz\u0105c podra\u017cnienia i wzmacniaj\u0105c barier\u0119 ochronn\u0105.<\/p>\n<p><b>DZIA\u0141ANIE:<\/b><br \/>\u2022\u00a02% prebiotyk\u00f3w\u00a0wspiera r\u00f3wnowag\u0119 mikrobiomu, kt\u00f3ry jest kluczowy dla prawid\u0142owego dzia\u0142ania funkcji obronnych sk\u00f3ry. Wzmacnia odporno\u015b\u0107 na czynniki zewn\u0119trzne, podra\u017cnienia i uszkodzenia, jednocze\u015bnie nawil\u017caj\u0105c i koj\u0105c wra\u017cliw\u0105 sk\u00f3r\u0119.<br \/>\u2022\u00a0Ektoina\u00a0wspiera barier\u0119 hydrolipidow\u0105, zmniejsza sucho\u015b\u0107 i \u0142uszczenie si\u0119 sk\u00f3ry.<br \/>\u2022\u00a0Kationowy kwas hialuronowy, dzi\u0119ki swojej kompatybilno\u015bci z naturalnym \u0142adunkiem w\u0142osa, skutecznie wi\u0105\u017ce si\u0119 z jego powierzchni\u0105, zapobiegaj\u0105c elektryzowaniu si\u0119, zamykaj\u0105c \u0142uski, oraz nawil\u017caj\u0105c i wyg\u0142adzaj\u0105c w\u0142osy.<br \/>\u2022\u00a0Prowitamina B5\u00a0koi i regeneruje sk\u00f3r\u0119 g\u0142owy, silnie nawil\u017ca, przywracaj\u0105c w\u0142osom blask i zdrowy wygl\u0105d.<br \/>\u2022\u00a0Olej z awokado, bogaty w nienasycone kwasy t\u0142uszczowe, dzia\u0142a ochronnie i wzmacniaj\u0105co, zapobiegaj\u0105c pl\u0105taniu si\u0119 w\u0142os\u00f3w.<\/p>\n<p><b>WSKAZANIA:<\/b>\u00a0 <br \/>\u2022 suchej i wra\u017cliwej, sk\u0142onnej do podra\u017cnie\u0144,<br \/>\u2022 podra\u017cnionej np. po peelingu, ekspozycji na s\u0142o\u0144ce, agresywnych zabiegach fryzjerskich,<br \/>\u2022 wymagaj\u0105cej cz\u0119stego mycia,<br \/>\u2022 do w\u0142os\u00f3w szorstkich i \u0142amliwych.<\/p>\n<p><b>SPOS\u00d3B U\u017bYCIA:<br \/><\/b>Niewielk\u0105 ilo\u015b\u0107 szamponu nanie\u015b na sk\u00f3r\u0119 g\u0142owy i\u202fopuszkami palc\u00f3w wykonaj delikatny masa\u017c. Pozostaw na chwil\u0119, a nast\u0119pnie dok\u0142adnie sp\u0142ucz letni\u0105 wod\u0105. Powt\u00f3rz proces mycia.<\/p>\n<p><strong>Gramatura:<\/strong> ml<br \/>\n<strong>Henna:<\/strong> nie<br \/>\n<strong>Konsystencja:<\/strong> szampon<br \/>\n<strong>Linie elitarne:<\/strong> nie<br \/>\n<strong>Pojemno\u015b\u0107:<\/strong> 300<br \/>\n<strong>P\u0142e\u0107:<\/strong> damski<br \/>\n<strong>S\u0142o\u0144ce:<\/strong> nie<\/p>\n<p><strong>Uwagi:<\/strong><\/p>\n<p>W przypadku kontaktu z oczami, obficie przemyj je wod\u0105. Przechowywa\u0107 w suchym i zaciemnionym miejscu, w temperaturze pokojowej.<\/p>\n<p><strong>Sk\u0142adniki:<\/strong><\/p>\n<p>Aqua, Cocamidopropyl Hydroxysultaine, Coco-Glucoside, Panthenol, Sorbitol, Inulin, Sodium Cocoyl Amino Acid, Sodium Coco-Sulfate, Xylitylglucoside, Xylitol, Ectoin, Hydroxypropyltrimonium Hyaluronate, Saccharide Isomerate, Alpha-Glucan Oligosaccharide, Persea Gratissima Oil, Anhydroxylitol, Glucose, Glyceryl Oleate, Glycerin, Dicaprylyl Ether, Guar Hydroxypropyltrimonium Chloride, Decyl Glucoside, Sodium Citrate, Sodium levulinate, Sodium Benzoate, Citric Acid, Levulinic Acid, Benzoic Acid, Parfum.<\/p>\n","protected":false},"excerpt":{"rendered":"<p> <strong>Gramatura:<\/strong> ml<br \/>  <strong>Henna:<\/strong> nie<br \/>  <strong>Konsystencja:<\/strong> szampon<br \/>  <strong>Linie elitarne:<\/strong> nie<br \/>  <strong>Pojemno\u015b\u0107:<\/strong> 300<br \/>  <strong>P\u0142e\u0107:<\/strong> damski<br \/>  <strong>S\u0142o\u0144ce:<\/strong> nie <\/p>\n","protected":false},"featured_media":43995,"comment_status":"open","ping_status":"closed","template":"","meta":{"_acf_changed":false},"kategoria-hurtowni":[211,217],"product_brand":[441],"product_cat":[76],"product_tag":[],"class_list":{"0":"post-43994","1":"product","2":"type-product","3":"status-publish","4":"has-post-thumbnail","6":"kategoria-hurtowni-dermokosmetyki","7":"kategoria-hurtowni-pielegnacja-wlosy-dermokosmetyki","8":"product_brand-basiclab","9":"product_cat-primavera","11":"first","12":"outofstock","13":"taxable","14":"shipping-taxable","15":"product-type-simple"},"acf":[],"_links":{"self":[{"href":"https:\/\/premino.pl\/index.php?rest_route=\/wp\/v2\/product\/43994","targetHints":{"allow":["GET"]}}],"collection":[{"href":"https:\/\/premino.pl\/index.php?rest_route=\/wp\/v2\/product"}],"about":[{"href":"https:\/\/premino.pl\/index.php?rest_route=\/wp\/v2\/types\/product"}],"replies":[{"embeddable":true,"href":"https:\/\/premino.pl\/index.php?rest_route=%2Fwp%2Fv2%2Fcomments&post=43994"}],"wp:featuredmedia":[{"embeddable":true,"href":"https:\/\/premino.pl\/index.php?rest_route=\/wp\/v2\/media\/43995"}],"wp:attachment":[{"href":"https:\/\/premino.pl\/index.php?rest_route=%2Fwp%2Fv2%2Fmedia&parent=43994"}],"wp:term":[{"taxonomy":"kategoria-hurtowni","embeddable":true,"href":"https:\/\/premino.pl\/index.php?rest_route=%2Fwp%2Fv2%2Fkategoria-hurtowni&post=43994"},{"taxonomy":"product_brand","embeddable":true,"href":"https:\/\/premino.pl\/index.php?rest_route=%2Fwp%2Fv2%2Fproduct_brand&post=43994"},{"taxonomy":"product_cat","embeddable":true,"href":"https:\/\/premino.pl\/index.php?rest_route=%2Fwp%2Fv2%2Fproduct_cat&post=43994"},{"taxonomy":"product_tag","embeddable":true,"href":"https:\/\/premino.pl\/index.php?rest_route=%2Fwp%2Fv2%2Fproduct_tag&post=43994"}],"curies":[{"name":"wp","href":"https:\/\/api.w.org\/{rel}","templated":true}]}}