{"id":43996,"date":"2026-04-17T17:21:55","date_gmt":"2026-04-17T15:21:55","guid":{"rendered":"https:\/\/premino.pl\/produkt\/copperis-aktywnie-wygladzajacy-krem-pod-oczy-na-dzien-18ml\/"},"modified":"2026-04-17T17:22:10","modified_gmt":"2026-04-17T15:22:10","slug":"copperis-aktywnie-wygladzajacy-krem-pod-oczy-na-dzien-18ml","status":"publish","type":"product","link":"https:\/\/premino.pl\/?product=copperis-aktywnie-wygladzajacy-krem-pod-oczy-na-dzien-18ml","title":{"rendered":"Copperis aktywnie wyg\u0142adzaj\u0105cy krem pod oczy na dzie\u0144 18ml"},"content":{"rendered":"<p>Aktywnie  wyg\u0142adzaj\u0105cy krem pod oczy na dzie\u0144 zapewnia zaawansowane i specjalistyczne  wsparcie w piel\u0119gnacji delikatnej i wymagaj\u0105cej sk\u00f3ry wok\u00f3\u0142 oczu. Proaktywnie  neutralizuje szkodliwe skutki dzia\u0142ania czynnik\u00f3w zewn\u0119trznych.  Wielokierunkowe dzia\u0142anie sk\u0142adnik\u00f3w aktywnych zapewnia sp\u0142ycenie i skr\u00f3cenie  zmarszczek mimicznych wok\u00f3\u0142 oczu. Chroni przed degeneracj\u0105 bia\u0142ek  strukturalnych sk\u00f3ry oraz wspiera ich syntez\u0119.<\/p>\n<p><b>DZIA\u0141ANIE:<br \/><\/b>\u2022 0,3% czystego peptydu miedziowego stymuluje syntez\u0119 kolagenu, elastyny i  glikozaminoglikan\u00f3w. Wp\u0142ywa na zag\u0119szczenie nask\u00f3rka, poprawiaj\u0105c jego  struktur\u0119 oraz poziom spr\u0119\u017cysto\u015bci. Zmniejsza g\u0142\u0119boko\u015b\u0107 i d\u0142ugo\u015b\u0107 zmarszczek,  wspiera procesy regeneracyjne widocznie poprawiaj\u0105c wygl\u0105d okolicy wok\u00f3\u0142  oczu.<br \/>    \u2022 3% lipo-aminokwasu wspomaga syntez\u0119 kolagenu, zwi\u0119kszaj\u0105c elastyczno\u015b\u0107 i  spr\u0119\u017cysto\u015b\u0107 sk\u00f3ry. Wspomaga prewencj\u0119 fotostarzenia, zmniejszaj\u0105c ryzyko  degradacji w\u0142\u00f3kien elastynowych spowodowanych przez promieniowanie UV.<br \/>\u2022 Nukleozydy (adenozyna i urydyna) uczestnicz\u0105 w procesach energetycznych  kom\u00f3rek sk\u00f3ry. Wspieraj\u0105 utrzymanie prawid\u0142owego poziomu nawil\u017cenia,  przyspieszaj\u0105 regeneracj\u0119 oraz zwi\u0119kszaj\u0105 jego elastyczno\u015b\u0107.<\/p>\n<p><b>    WSKAZANIE:<\/b><br \/>Ka\u017cdy rodzaj sk\u00f3ry z widocznymi oznakami starzenia, zmagaj\u0105cej  si\u0119 z utrat\u0105 j\u0119drno\u015bci i elastyczno\u015bci w okolicy oczu.<\/p>\n<p><b>SPOS\u00d3B U\u017bYCIA:<br \/><\/b>Niewielk\u0105 ilo\u015b\u0107 kremu wklep opuszkami palc\u00f3w w sk\u00f3r\u0119 wok\u00f3\u0142 oczu, w tym powieki, omijaj\u0105c okolice worka spoj\u00f3wkowego. Stosuj rano, samodzielnie lub po ulubionym serum.<\/p>\n<p><strong>Dzia\u0142anie:<\/strong> chroni, modeluje kontur oka, nawil\u017caj\u0105ce, redukuje zmarszczki, uelastycznia, uj\u0119drnia, wyg\u0142adza<br \/>\n<strong>Gramatura:<\/strong> ml<br \/>\n<strong>Konsystencja:<\/strong> krem<br \/>\n<strong>Linie elitarne:<\/strong> nie<br \/>\n<strong>Piel\u0119gnacja specyficzna:<\/strong> nie<br \/>\n<strong>Pojemno\u015b\u0107:<\/strong> 18<br \/>\n<strong>Pora stosowania:<\/strong> dzie\u0144<br \/>\n<strong>P\u0142e\u0107:<\/strong> damski<br \/>\n<strong>Rodzaj sk\u00f3ry:<\/strong> wra\u017cliwa<br \/>\n<strong>S\u0142o\u0144ce:<\/strong> nie<\/p>\n<p><strong>Uwagi:<\/strong><\/p>\n<p>Unika\u0107 bezpo\u015bredniego kontaktu z oczami.<\/p>\n<p><strong>Sk\u0142adniki:<\/strong><\/p>\n<p>Aqua, Meadowfoam Estolide, Cetearyl Alcohol, Panthenol, Dipalmitoyl Hydroxyproline, Ethylhexyl Pelargonate, Pentylene Glycol, Butylene Glycol, Jojoba Oil\/Macadamia Seed Oil Esters, Glyceryl Stearate Citrate, Dicaprylyl Ether, C15-19 Alkane, Arginine, Hydrogenated Coco-Glycerides, Adenosine, Uridine, Phytosteryl Macadamiate, Acetyl Tetrapeptide-5, Copper Tripeptide-1, Squalene, Phytosterols, Tocopherol, Palmitic Acid, Coco Caprylate\/Caprate, Hydroxyacetophenone.<\/p>\n","protected":false},"excerpt":{"rendered":"<p> <strong>Dzia\u0142anie:<\/strong> chroni, modeluje kontur oka, nawil\u017caj\u0105ce, redukuje zmarszczki, uelastycznia, uj\u0119drnia, wyg\u0142adza<br \/>  <strong>Gramatura:<\/strong> ml<br \/>  <strong>Konsystencja:<\/strong> krem<br \/>  <strong>Linie elitarne:<\/strong> nie<br \/>  <strong>Piel\u0119gnacja specyficzna:<\/strong> nie<br \/>  <strong>Pojemno\u015b\u0107:<\/strong> 18<br \/>  <strong>Pora stosowania:<\/strong> dzie\u0144<br \/>  <strong>P\u0142e\u0107:<\/strong> damski<br \/>  <strong>Rodzaj sk\u00f3ry:<\/strong> wra\u017cliwa<br \/>  <strong>S\u0142o\u0144ce:<\/strong> nie <\/p>\n","protected":false},"featured_media":43997,"comment_status":"open","ping_status":"closed","template":"","meta":{"_acf_changed":false},"kategoria-hurtowni":[211,412,214],"product_brand":[441],"product_cat":[76],"product_tag":[],"class_list":{"0":"post-43996","1":"product","2":"type-product","3":"status-publish","4":"has-post-thumbnail","6":"kategoria-hurtowni-dermokosmetyki","7":"kategoria-hurtowni-oczy-pielegnacja-twarzy-dermokosmetyki","8":"kategoria-hurtowni-pielegnacja-twarzy-dermokosmetyki","9":"product_brand-basiclab","10":"product_cat-primavera","12":"first","13":"outofstock","14":"taxable","15":"shipping-taxable","16":"product-type-simple"},"acf":[],"_links":{"self":[{"href":"https:\/\/premino.pl\/index.php?rest_route=\/wp\/v2\/product\/43996","targetHints":{"allow":["GET"]}}],"collection":[{"href":"https:\/\/premino.pl\/index.php?rest_route=\/wp\/v2\/product"}],"about":[{"href":"https:\/\/premino.pl\/index.php?rest_route=\/wp\/v2\/types\/product"}],"replies":[{"embeddable":true,"href":"https:\/\/premino.pl\/index.php?rest_route=%2Fwp%2Fv2%2Fcomments&post=43996"}],"wp:featuredmedia":[{"embeddable":true,"href":"https:\/\/premino.pl\/index.php?rest_route=\/wp\/v2\/media\/43997"}],"wp:attachment":[{"href":"https:\/\/premino.pl\/index.php?rest_route=%2Fwp%2Fv2%2Fmedia&parent=43996"}],"wp:term":[{"taxonomy":"kategoria-hurtowni","embeddable":true,"href":"https:\/\/premino.pl\/index.php?rest_route=%2Fwp%2Fv2%2Fkategoria-hurtowni&post=43996"},{"taxonomy":"product_brand","embeddable":true,"href":"https:\/\/premino.pl\/index.php?rest_route=%2Fwp%2Fv2%2Fproduct_brand&post=43996"},{"taxonomy":"product_cat","embeddable":true,"href":"https:\/\/premino.pl\/index.php?rest_route=%2Fwp%2Fv2%2Fproduct_cat&post=43996"},{"taxonomy":"product_tag","embeddable":true,"href":"https:\/\/premino.pl\/index.php?rest_route=%2Fwp%2Fv2%2Fproduct_tag&post=43996"}],"curies":[{"name":"wp","href":"https:\/\/api.w.org\/{rel}","templated":true}]}}