{"id":44000,"date":"2026-04-17T17:21:55","date_gmt":"2026-04-17T15:21:55","guid":{"rendered":"https:\/\/premino.pl\/produkt\/copperis-aktywnie-liftingujacy-krem-pod-oczy-na-noc-18ml\/"},"modified":"2026-04-17T17:22:15","modified_gmt":"2026-04-17T15:22:15","slug":"copperis-aktywnie-liftingujacy-krem-pod-oczy-na-noc-18ml","status":"publish","type":"product","link":"https:\/\/premino.pl\/?product=copperis-aktywnie-liftingujacy-krem-pod-oczy-na-noc-18ml","title":{"rendered":"Copperis aktywnie liftinguj\u0105cy krem pod oczy na noc 18ml"},"content":{"rendered":"<p>Aktywnie  liftinguj\u0105cy krem pod oczy na noc zosta\u0142 opracowany z my\u015bl\u0105 o sk\u00f3rze  potrzebuj\u0105cej zaawansowanej i skutecznej piel\u0119gnacji. Zapewnia on popraw\u0119  wiotkiej i cienkiej okolicy wok\u00f3\u0142 oczu. Po\u0142\u0105czenie wyselekcjonowanych  sk\u0142adnik\u00f3w aktywnych daje efekt napi\u0119cia i liftingu opadaj\u0105cych powiek i  wyg\u0142adzenia drobnych zmarszczek.<\/p>\n<p><b>DZIA\u0141ANIE:<br \/><\/b>\u2022 0,3% czystego peptydu miedziowego stymuluje syntez\u0119 kolagenu, elastyny i  glikozaminoglikan\u00f3w. Wp\u0142ywa na zag\u0119szczenie nask\u00f3rka, poprawiaj\u0105c jego  struktur\u0119 oraz poziom spr\u0119\u017cysto\u015bci. Zmniejsza g\u0142\u0119boko\u015b\u0107 i d\u0142ugo\u015b\u0107 zmarszczek,  wspiera procesy regeneracyjne widocznie poprawiaj\u0105c wygl\u0105d sk\u00f3ry wok\u00f3\u0142  oczu.<br \/>    \u2022 1,5% DMAE dzia\u0142a przeciwzmarszczkowo, pozytywnie wp\u0142ywaj\u0105c na zwi\u0119kszenie  napi\u0119cia i uj\u0119drnienia okolicy oczu, daj\u0105c efekt liftingu.<br \/>    \u2022 Ornityna w jonosomie\u2122 napina sk\u00f3r\u0119 poprawiaj\u0105c jej lipostrukturalne  parametry, kt\u00f3re spadaj\u0105 wraz z wiekiem. Opatentowany system transportuj\u0105cy  pozwala na efektywne przenikanie substancji aktywnej. Zapewnia ukierunkowane  dzia\u0142anie aminokwasu na zwi\u0119kszenie j\u0119drno\u015bci sk\u00f3ry wok\u00f3\u0142 oczu, poprawiaj\u0105c  jej struktur\u0119.<\/p>\n<p><b>    WSKAZANIE:<\/b><br \/>Ka\u017cdy rodzaj sk\u00f3ry z widocznymi oznakami starzenia, zmagaj\u0105cej  si\u0119 z utrat\u0105 j\u0119drno\u015bci i elastyczno\u015bci wok\u00f3\u0142 oczu.<\/p>\n<p><b>SPOS\u00d3B U\u017bYCIA:<br \/><\/b>Niewielk\u0105 ilo\u015b\u0107\u202fkremu\u202fwklep opuszkami palc\u00f3w w sk\u00f3r\u0119 wok\u00f3\u0142 oczu, w tym powieki, omijaj\u0105c okolice worka spoj\u00f3wkowego. Stosuj wieczorem, samodzielnie lub po ulubionym serum.<\/p>\n<p><strong>Dzia\u0142anie:<\/strong> liftuj\u0105ce, napina, nawil\u017caj\u0105ce, redukuje zmarszczki, regeneruje, uelastycznia, uj\u0119drnia<br \/>\n<strong>Gramatura:<\/strong> ml<br \/>\n<strong>Konsystencja:<\/strong> krem<br \/>\n<strong>Linie elitarne:<\/strong> nie<br \/>\n<strong>Piel\u0119gnacja specyficzna:<\/strong> nie<br \/>\n<strong>Pojemno\u015b\u0107:<\/strong> 18<br \/>\n<strong>Pora stosowania:<\/strong> noc<br \/>\n<strong>P\u0142e\u0107:<\/strong> damski<br \/>\n<strong>Rodzaj sk\u00f3ry:<\/strong> dojrza\u0142a, wra\u017cliwa<br \/>\n<strong>S\u0142o\u0144ce:<\/strong> nie<\/p>\n<p><strong>Uwagi:<\/strong><\/p>\n<p>Unika\u0107 bezpo\u015bredniego kontaktu z oczami.<\/p>\n<p><strong>Sk\u0142adniki:<\/strong><\/p>\n<p>Aqua, Crambe Abyssinica Seed Oil, Butyrospermum Parkii Butter, Caprylic\/Capric\/Succinic Triglyceride, Cetearyl Olivate, Cetearyl Alcohol, Ethylhexyl Pelargonate, Hydrogenated Coco-Glycerides, Diglycerin, Sorbitan Olivate, Pentylene Glycol, Cetyl Ethylhexanoate, Dimethylaminoethanol Tartrate, Caprylic\/Capric Triglyceride, Dicaprylyl Carbonate, Phospholipids, Glycolipids, Lactobacillus Ferment, Ornithine, Acetyl Hexapeptide-8, Copper Tripeptide-1, Dextrin Palmitate, Diisostearyl Malate, Cetyl Palmitate, Sorbitan Palmitate, Sorbitan Oleate, Methyl Glucose Sesquistearate, Helianthus Annuus Seed Oil, Arginine, Tocopherol, Glycerin, Levulinic Acid, p-Anisic Acid, Sodium Hydroxide, Propanediol, Polyglyceryl-3 Laurate, Xanthan Gum, Hydroxyacetophenone.<\/p>\n","protected":false},"excerpt":{"rendered":"<p> <strong>Dzia\u0142anie:<\/strong> liftuj\u0105ce, napina, nawil\u017caj\u0105ce, redukuje zmarszczki, regeneruje, uelastycznia, uj\u0119drnia<br \/>  <strong>Gramatura:<\/strong> ml<br \/>  <strong>Konsystencja:<\/strong> krem<br \/>  <strong>Linie elitarne:<\/strong> nie<br \/>  <strong>Piel\u0119gnacja specyficzna:<\/strong> nie<br \/>  <strong>Pojemno\u015b\u0107:<\/strong> 18<br \/>  <strong>Pora stosowania:<\/strong> noc<br \/>  <strong>P\u0142e\u0107:<\/strong> damski<br \/>  <strong>Rodzaj sk\u00f3ry:<\/strong> dojrza\u0142a, wra\u017cliwa<br \/>  <strong>S\u0142o\u0144ce:<\/strong> nie <\/p>\n","protected":false},"featured_media":44001,"comment_status":"open","ping_status":"closed","template":"","meta":{"_acf_changed":false},"kategoria-hurtowni":[211,412,214],"product_brand":[441],"product_cat":[76],"product_tag":[],"class_list":{"0":"post-44000","1":"product","2":"type-product","3":"status-publish","4":"has-post-thumbnail","6":"kategoria-hurtowni-dermokosmetyki","7":"kategoria-hurtowni-oczy-pielegnacja-twarzy-dermokosmetyki","8":"kategoria-hurtowni-pielegnacja-twarzy-dermokosmetyki","9":"product_brand-basiclab","10":"product_cat-primavera","12":"first","13":"outofstock","14":"taxable","15":"shipping-taxable","16":"product-type-simple"},"acf":[],"_links":{"self":[{"href":"https:\/\/premino.pl\/index.php?rest_route=\/wp\/v2\/product\/44000","targetHints":{"allow":["GET"]}}],"collection":[{"href":"https:\/\/premino.pl\/index.php?rest_route=\/wp\/v2\/product"}],"about":[{"href":"https:\/\/premino.pl\/index.php?rest_route=\/wp\/v2\/types\/product"}],"replies":[{"embeddable":true,"href":"https:\/\/premino.pl\/index.php?rest_route=%2Fwp%2Fv2%2Fcomments&post=44000"}],"wp:featuredmedia":[{"embeddable":true,"href":"https:\/\/premino.pl\/index.php?rest_route=\/wp\/v2\/media\/44001"}],"wp:attachment":[{"href":"https:\/\/premino.pl\/index.php?rest_route=%2Fwp%2Fv2%2Fmedia&parent=44000"}],"wp:term":[{"taxonomy":"kategoria-hurtowni","embeddable":true,"href":"https:\/\/premino.pl\/index.php?rest_route=%2Fwp%2Fv2%2Fkategoria-hurtowni&post=44000"},{"taxonomy":"product_brand","embeddable":true,"href":"https:\/\/premino.pl\/index.php?rest_route=%2Fwp%2Fv2%2Fproduct_brand&post=44000"},{"taxonomy":"product_cat","embeddable":true,"href":"https:\/\/premino.pl\/index.php?rest_route=%2Fwp%2Fv2%2Fproduct_cat&post=44000"},{"taxonomy":"product_tag","embeddable":true,"href":"https:\/\/premino.pl\/index.php?rest_route=%2Fwp%2Fv2%2Fproduct_tag&post=44000"}],"curies":[{"name":"wp","href":"https:\/\/api.w.org\/{rel}","templated":true}]}}