{"id":44002,"date":"2026-04-17T17:21:55","date_gmt":"2026-04-17T15:21:55","guid":{"rendered":"https:\/\/premino.pl\/produkt\/esteticus-stymulujace-serum-wyrownujace-30ml\/"},"modified":"2026-04-17T17:22:16","modified_gmt":"2026-04-17T15:22:16","slug":"esteticus-stymulujace-serum-wyrownujace-30ml","status":"publish","type":"product","link":"https:\/\/premino.pl\/?product=esteticus-stymulujace-serum-wyrownujace-30ml","title":{"rendered":"Esteticus stymuluj\u0105ce serum wyr\u00f3wnuj\u0105ce 30ml"},"content":{"rendered":"<p>Stymuluj\u0105ce serum  wyr\u00f3wnuj\u0105ce do wieczornej piel\u0119gnacji sk\u00f3ry twarzy, szyi i dekoltu to  zaawansowana formu\u0142a opracowana z my\u015bl\u0105 o sk\u00f3rze wymagaj\u0105cej wyg\u0142adzenia,  regeneracji i ujednolicenia. Synergiczne po\u0142\u0105czenie sk\u0142adnik\u00f3w aktywnych  nowej generacji wspiera procesy odnowy sk\u00f3ry, poprawiaj\u0105c jej struktur\u0119,  elastyczno\u015b\u0107 oraz wyr\u00f3wnanie kolorytu, przy jednoczesnym minimalizowaniu  ryzyka podra\u017cnie\u0144. Jest \u015bwietnym rozwi\u0105zaniem dla sk\u00f3ry wra\u017cliwych.<\/p>\n<p><b>DZIA\u0141ANIE:<br \/><\/b>\u2022 0,3% estru kwasu adapalenu \u2013 prekursor retinoidu trzeciej generacji. Dzia\u0142a  wielopoziomowo \u2013 przyczynia si\u0119 do zwi\u0119kszenia syntezy kolagenu, poprawiaj\u0105c  struktur\u0119 sk\u00f3ry. Stymuluje proces eksfoliacji i redukuje ilo\u015b\u0107 zask\u00f3rnik\u00f3w,  ograniczaj\u0105c ryzyko ich nawrot\u00f3w. Wp\u0142ywa r\u00f3wnie\u017c na ograniczenie powstawania  przebarwie\u0144 i mikrozapalnych stan\u00f3w. Wspiera naturalne procesy odnowy sk\u00f3ry i  redukuje oznaki fotostarzenia.<br \/>\u2022 0,25% czystego PDRN to s\u00f3l sodowa dezoksyrybonukleinowego o dzia\u0142aniu  regeneruj\u0105cym i przeciwstarzeniowym. Daje efekt natychmiastowego napi\u0119cia  oraz przyczynia si\u0119 do stymulacji proces\u00f3w naprawczych nask\u00f3rka. Dodatkowo  dzia\u0142a jako silny antyoksydant, chroni\u0105c sk\u00f3r\u0119 przed stresem oksydacyjnym i  uszkodzeniami spowodowanymi promieniowaniem UV.<br \/>\u2022 5% biologicznego kompleksu polipeptydu kolagenowego pozytywnie wp\u0142ywa na  po\u0142\u0105czenie sk\u00f3rno-nask\u00f3rkowe, zapewniaj\u0105c sk\u00f3rze j\u0119drno\u015b\u0107 i spr\u0119\u017cysto\u015b\u0107.  Chroni w\u0142\u00f3kna kolagenowe przed degradacj\u0105, wspieraj\u0105c naturalne procesy  naprawcze.<\/p>\n<p><b>SPOS\u00d3B U\u017bYCIA:<br \/><\/b>Odpowiedni\u0105 ilo\u015b\u0107 serum (oko\u0142o 2 pompki) na\u0142\u00f3\u017c wieczorem na oczyszczon\u0105 sk\u00f3r\u0119 twarzy, szyi i dekoltu, omijaj\u0105c okolice oczu i ust. Podczas kuracji estrem kwasu adapalenu unikaj bezpo\u015bredniej ekspozycji na s\u0142o\u0144ce oraz chro\u0144 sk\u00f3r\u0119 filtrem minimum SPF 50 np. Tonuj\u0105c\u0105 emulsj\u0105 ochronn\u0105 SPF 50+. Nie aplikuj na uszkodzon\u0105 i podra\u017cnion\u0105 sk\u00f3r\u0119.<\/p>\n<p><strong>Dzia\u0142anie:<\/strong> nawil\u017caj\u0105ce, regeneruje, uelastycznia, uj\u0119drnia, wyg\u0142adza, wyr\u00f3wnuje koloryt sk\u00f3ry<br \/>\n<strong>Gramatura:<\/strong> ml<br \/>\n<strong>Konsystencja:<\/strong> emulsja<br \/>\n<strong>Linie elitarne:<\/strong> nie<br \/>\n<strong>Piel\u0119gnacja specyficzna:<\/strong> serum<br \/>\n<strong>Pojemno\u015b\u0107:<\/strong> 30<br \/>\n<strong>Pora stosowania:<\/strong> noc<br \/>\n<strong>P\u0142e\u0107:<\/strong> damski<br \/>\n<strong>Rodzaj sk\u00f3ry:<\/strong> dojrza\u0142a<br \/>\n<strong>S\u0142o\u0144ce:<\/strong> nie<br \/>\n<strong>Typ sk\u00f3ry:<\/strong> mieszana\/t\u0142usta, normalna, sucha<\/p>\n<p><strong>Uwagi:<\/strong><\/p>\n<p>Ze wzgl\u0119du na zawarto\u015b\u0107 estru kwasu adapalenu produkt nie powinien by\u0107 u\u017cywany przez kobiety w ci\u0105\u017cy. Stosowanie w okresie karmienia piersi\u0105 nale\u017cy skonsultowa\u0107 z lekarzem prowadz\u0105cym. W trakcie budowania tolerancji sk\u00f3ry na ester kwasu adapalenowego mo\u017ce wyst\u0105pi\u0107 okresowe zaczerwienienie i przesuszenie. Podczas ca\u0142ej kuracji zaleca si\u0119 stosowanie produkt\u00f3w silnie nawil\u017caj\u0105cych i od\u017cywczych.<\/p>\n<p><strong>Sk\u0142adniki:<\/strong><\/p>\n<p>Aqua, Crambe Abyssinica Seed Oil, Pentylene Glycol, Polyglyceryl-6 Stearate, C13-16 Isoalkane, Meadowfoam Estolide, Propylheptyl Caprylate, Silybum Marianum Ethyl Ester, Jojoba Oil\/Macadamia Seed Oil Esters, Glycerin, Sh-Polypeptide-69, Squalene, Oleyl Adapalenate, Phytosterols, Sodium DNA, Phytosteryl Macadamiate, Cetearyl Alcohol, Tocopherol, Citric Acid, Heptyl Undecylenate, Polyglyceryl-6 Behenate, Xanthan Gum, Sodium Benzoate, Hydroxyacetophenone.<\/p>\n","protected":false},"excerpt":{"rendered":"<p> <strong>Dzia\u0142anie:<\/strong> nawil\u017caj\u0105ce, regeneruje, uelastycznia, uj\u0119drnia, wyg\u0142adza, wyr\u00f3wnuje koloryt sk\u00f3ry<br \/>  <strong>Gramatura:<\/strong> ml<br \/>  <strong>Konsystencja:<\/strong> emulsja<br \/>  <strong>Linie elitarne:<\/strong> nie<br \/>  <strong>Piel\u0119gnacja specyficzna:<\/strong> serum<br \/>  <strong>Pojemno\u015b\u0107:<\/strong> 30<br \/>  <strong>Pora stosowania:<\/strong> noc<br \/>  <strong>P\u0142e\u0107:<\/strong> damski<br \/>  <strong>Rodzaj sk\u00f3ry:<\/strong> dojrza\u0142a<br \/>  <strong>S\u0142o\u0144ce:<\/strong> nie<br \/>  <strong>Typ sk\u00f3ry:<\/strong> mieszana\/t\u0142usta, normalna, sucha <\/p>\n","protected":false},"featured_media":44003,"comment_status":"open","ping_status":"closed","template":"","meta":{"_acf_changed":false},"kategoria-hurtowni":[211,214,215],"product_brand":[441],"product_cat":[76],"product_tag":[],"class_list":{"0":"post-44002","1":"product","2":"type-product","3":"status-publish","4":"has-post-thumbnail","6":"kategoria-hurtowni-dermokosmetyki","7":"kategoria-hurtowni-pielegnacja-twarzy-dermokosmetyki","8":"kategoria-hurtowni-twarz-pielegnacja-twarzy-dermokosmetyki","9":"product_brand-basiclab","10":"product_cat-primavera","12":"first","13":"outofstock","14":"taxable","15":"shipping-taxable","16":"product-type-simple"},"acf":[],"_links":{"self":[{"href":"https:\/\/premino.pl\/index.php?rest_route=\/wp\/v2\/product\/44002","targetHints":{"allow":["GET"]}}],"collection":[{"href":"https:\/\/premino.pl\/index.php?rest_route=\/wp\/v2\/product"}],"about":[{"href":"https:\/\/premino.pl\/index.php?rest_route=\/wp\/v2\/types\/product"}],"replies":[{"embeddable":true,"href":"https:\/\/premino.pl\/index.php?rest_route=%2Fwp%2Fv2%2Fcomments&post=44002"}],"wp:featuredmedia":[{"embeddable":true,"href":"https:\/\/premino.pl\/index.php?rest_route=\/wp\/v2\/media\/44003"}],"wp:attachment":[{"href":"https:\/\/premino.pl\/index.php?rest_route=%2Fwp%2Fv2%2Fmedia&parent=44002"}],"wp:term":[{"taxonomy":"kategoria-hurtowni","embeddable":true,"href":"https:\/\/premino.pl\/index.php?rest_route=%2Fwp%2Fv2%2Fkategoria-hurtowni&post=44002"},{"taxonomy":"product_brand","embeddable":true,"href":"https:\/\/premino.pl\/index.php?rest_route=%2Fwp%2Fv2%2Fproduct_brand&post=44002"},{"taxonomy":"product_cat","embeddable":true,"href":"https:\/\/premino.pl\/index.php?rest_route=%2Fwp%2Fv2%2Fproduct_cat&post=44002"},{"taxonomy":"product_tag","embeddable":true,"href":"https:\/\/premino.pl\/index.php?rest_route=%2Fwp%2Fv2%2Fproduct_tag&post=44002"}],"curies":[{"name":"wp","href":"https:\/\/api.w.org\/{rel}","templated":true}]}}