{"id":44006,"date":"2026-04-17T17:21:55","date_gmt":"2026-04-17T15:21:55","guid":{"rendered":"https:\/\/premino.pl\/produkt\/esteticus-redukujace-serum-do-twarzy-30ml\/"},"modified":"2026-04-17T17:22:20","modified_gmt":"2026-04-17T15:22:20","slug":"esteticus-redukujace-serum-do-twarzy-30ml","status":"publish","type":"product","link":"https:\/\/premino.pl\/?product=esteticus-redukujace-serum-do-twarzy-30ml","title":{"rendered":"Esteticus redukuj\u0105ce serum do twarzy 30ml"},"content":{"rendered":"<p>Redukuj\u0105ce serum z  10% kwasu azelainowego skutecznie piel\u0119gnuje sk\u00f3r\u0119 z tendencj\u0105 do tr\u0105dziku r\u00f3\u017cowatego, \u0142agodz\u0105c zaczerwienienia i niedoskona\u0142o\u015bci. Dzia\u0142a rozja\u015bniaj\u0105co na sk\u00f3r\u0119, zmniejszaj\u0105c widoczno\u015b\u0107 zmian tr\u0105dzikowych i pigmentacyjnych, przywracaj\u0105c jednolity oraz wyr\u00f3wnany koloryt. Serum reguluje wydzielanie sebum, dzi\u0119ki czemu poprawia  tekstur\u0119 sk\u00f3ry i redukuje sk\u0142onno\u015b\u0107 do powstawania niedoskona\u0142o\u015bci. Zawarte  sk\u0142adniki \u0142agodz\u0105ce zmniejszaj\u0105 nadreaktywno\u015b\u0107 sk\u00f3ry, przywracaj\u0105c komfort i r\u00f3wnowag\u0119 bariery ochronnej nask\u00f3rka. <\/p>\n<p><b>DZIA\u0141ANIE:<\/b><br \/>\u2022 10% kwasu  azelainowego efektywnie rozja\u015bnia sk\u00f3r\u0119, wyr\u00f3wnuj\u0105c jej koloryt oraz \u0142agodz\u0105c stany mikrozapalne. Dzi\u0119ki dzia\u0142aniu  wyciszaj\u0105cemu jest idealnym rozwi\u0105zaniem w piel\u0119gnacji sk\u00f3ry tr\u0105dzikowej. BHA (Kwas salicylowy) w  technologii stopniowego uwalniania wnika w g\u0142\u0105b i odblokowuje uj\u015bcia gruczo\u0142\u00f3w \u0142ojowych. Reguluje  wydzielanie sebum i delikatnie z\u0142uszcza martwe kom\u00f3rki, dzi\u0119ki czemu przy\u015bpiesza odnow\u0119 nask\u00f3rka.<br \/>    \u2022 Glicyryzyna w formie soli kwasu glicyryzynowego znana ze swoich w\u0142a\u015bciwo\u015bci  \u0142agodz\u0105cych i koj\u0105cych, przyczynia si\u0119 do redukcji podra\u017cnie\u0144 oraz zaczerwienie\u0144. Dzia\u0142a jako  antyoksydant, chroni\u0105c sk\u00f3r\u0119 przed szkodliwym dzia\u0142aniem wolnych rodnik\u00f3w.<br \/>\u2022 Diglukozyd kwasu galusowego  bioaktywowany przez mikrobiom sk\u00f3ry, wykazuje du\u017c\u0105 efektywno\u015b\u0107 w redukcji przebarwie\u0144.  Skutecznie rozja\u015bnia zmiany pigmentacyjne, redukuje stany mikrozapalne oraz  przyczynia si\u0119 do ujednolicenia kolorytu.<\/p>\n<p><b>SPOS\u00d3B U\u017bYCIA:<br \/><\/b>Odpowiedni\u0105 ilo\u015b\u0107 serum na\u0142\u00f3\u017c na twarz, szyj\u0119 i dekolt, omijaj\u0105c okolic\u0119 oczu. Stosuj rano i\/lub wieczorem, na oczyszczon\u0105 i such\u0105 sk\u00f3r\u0119, w zale\u017cno\u015bci od potrzeb. Nie aplikuj na uszkodzon\u0105 i podra\u017cnion\u0105 sk\u00f3r\u0119.<\/p>\n<p><strong>Dzia\u0142anie:<\/strong> regeneruje, rozja\u015bnia przebarwienia, r\u00f3wnowa\u017c\u0105ce, uelastycznia, uj\u0119drnia, wyr\u00f3wnuje koloryt sk\u00f3ry, \u0142agodzi podra\u017cnienia<br \/>\n<strong>Gramatura:<\/strong> ml<br \/>\n<strong>Konsystencja:<\/strong> emulsja<br \/>\n<strong>Linie elitarne:<\/strong> nie<br \/>\n<strong>Piel\u0119gnacja specyficzna:<\/strong> serum<br \/>\n<strong>Pojemno\u015b\u0107:<\/strong> 30<br \/>\n<strong>Pora stosowania:<\/strong> dowolnie, dzie\u0144, noc<br \/>\n<strong>P\u0142e\u0107:<\/strong> damski<br \/>\n<strong>Rodzaj sk\u00f3ry:<\/strong> wra\u017cliwa<br \/>\n<strong>S\u0142o\u0144ce:<\/strong> nie<br \/>\n<strong>Typ sk\u00f3ry:<\/strong> mieszana\/t\u0142usta, normalna, sucha<\/p>\n<p><strong>Uwagi:<\/strong><\/p>\n<p>Kwasy mog\u0105 uwra\u017cliwia\u0107 sk\u00f3r\u0119 na dzia\u0142anie promieniowania s\u0142onecznego. Unikaj bezpo\u015bredniej ekspozycji na s\u0142o\u0144ce i stosuj wysok\u0105 ochron\u0119 przeciws\u0142oneczn\u0105 minimum z filtrem SPF50. Nie rekomenduje si\u0119 stosowania produktu w czasie ci\u0105\u017cy.<\/p>\n<p><strong>Sk\u0142adniki:<\/strong><\/p>\n<p>Aqua, Pentylene Glycol, Azelaic Acid, Glycerin,Diglycerin, Butyloctyl Salicylate, Caprylic\/Capric\/Succinic Triglyceride,Propylheptyl Caprylate, Butyl Avocadate, Salicylic Acid, Diglucosyl GallicAcid, Dipotassium Glycyrrhizate, Meadowfoam Estolide, Bisabolol, Arginine,Cyamopsis Tetragonoloba Gum, Lecithin, Xanthan Gum, Agar, Polyglyceryl-4Caprate, Sclerotium Gum, Acacia Senegal Gum.<\/p>\n","protected":false},"excerpt":{"rendered":"<p> <strong>Dzia\u0142anie:<\/strong> regeneruje, rozja\u015bnia przebarwienia, r\u00f3wnowa\u017c\u0105ce, uelastycznia, uj\u0119drnia, wyr\u00f3wnuje koloryt sk\u00f3ry, \u0142agodzi podra\u017cnienia<br \/>  <strong>Gramatura:<\/strong> ml<br \/>  <strong>Konsystencja:<\/strong> emulsja<br \/>  <strong>Linie elitarne:<\/strong> nie<br \/>  <strong>Piel\u0119gnacja specyficzna:<\/strong> serum<br \/>  <strong>Pojemno\u015b\u0107:<\/strong> 30<br \/>  <strong>Pora stosowania:<\/strong> dowolnie, dzie\u0144, noc<br \/>  <strong>P\u0142e\u0107:<\/strong> damski<br \/>  <strong>Rodzaj sk\u00f3ry:<\/strong> wra\u017cliwa<br \/>  <strong>S\u0142o\u0144ce:<\/strong> nie<br \/>  <strong>Typ sk\u00f3ry:<\/strong> mieszana\/t\u0142usta, normalna, sucha <\/p>\n","protected":false},"featured_media":44007,"comment_status":"open","ping_status":"closed","template":"","meta":{"_acf_changed":false},"kategoria-hurtowni":[211,214,215],"product_brand":[441],"product_cat":[76],"product_tag":[],"class_list":{"0":"post-44006","1":"product","2":"type-product","3":"status-publish","4":"has-post-thumbnail","6":"kategoria-hurtowni-dermokosmetyki","7":"kategoria-hurtowni-pielegnacja-twarzy-dermokosmetyki","8":"kategoria-hurtowni-twarz-pielegnacja-twarzy-dermokosmetyki","9":"product_brand-basiclab","10":"product_cat-primavera","12":"first","13":"outofstock","14":"taxable","15":"shipping-taxable","16":"product-type-simple"},"acf":[],"_links":{"self":[{"href":"https:\/\/premino.pl\/index.php?rest_route=\/wp\/v2\/product\/44006","targetHints":{"allow":["GET"]}}],"collection":[{"href":"https:\/\/premino.pl\/index.php?rest_route=\/wp\/v2\/product"}],"about":[{"href":"https:\/\/premino.pl\/index.php?rest_route=\/wp\/v2\/types\/product"}],"replies":[{"embeddable":true,"href":"https:\/\/premino.pl\/index.php?rest_route=%2Fwp%2Fv2%2Fcomments&post=44006"}],"wp:featuredmedia":[{"embeddable":true,"href":"https:\/\/premino.pl\/index.php?rest_route=\/wp\/v2\/media\/44007"}],"wp:attachment":[{"href":"https:\/\/premino.pl\/index.php?rest_route=%2Fwp%2Fv2%2Fmedia&parent=44006"}],"wp:term":[{"taxonomy":"kategoria-hurtowni","embeddable":true,"href":"https:\/\/premino.pl\/index.php?rest_route=%2Fwp%2Fv2%2Fkategoria-hurtowni&post=44006"},{"taxonomy":"product_brand","embeddable":true,"href":"https:\/\/premino.pl\/index.php?rest_route=%2Fwp%2Fv2%2Fproduct_brand&post=44006"},{"taxonomy":"product_cat","embeddable":true,"href":"https:\/\/premino.pl\/index.php?rest_route=%2Fwp%2Fv2%2Fproduct_cat&post=44006"},{"taxonomy":"product_tag","embeddable":true,"href":"https:\/\/premino.pl\/index.php?rest_route=%2Fwp%2Fv2%2Fproduct_tag&post=44006"}],"curies":[{"name":"wp","href":"https:\/\/api.w.org\/{rel}","templated":true}]}}