{"id":44049,"date":"2026-05-13T13:12:23","date_gmt":"2026-05-13T11:12:23","guid":{"rendered":"https:\/\/premino.pl\/?product=i-want-choo-with-love-woda-perfumowana-spray-100ml"},"modified":"2026-05-13T13:12:24","modified_gmt":"2026-05-13T11:12:24","slug":"i-want-choo-with-love-woda-perfumowana-spray-100ml","status":"publish","type":"product","link":"https:\/\/premino.pl\/?product=i-want-choo-with-love-woda-perfumowana-spray-100ml","title":{"rendered":"I Want Choo With Love woda perfumowana spray 100ml"},"content":{"rendered":"<p>Celebruj\u0105c pozytywn\u0105 energi\u0119 oraz wsparcie p\u0142yn\u0105ce z mi\u0142o\u015bci przyjaci\u00f3\u0142 i bliskiej, wybranej rodziny, I Want Choo With Love podkre\u015bla pewno\u015b\u0107 siebie i inspiruje do odkrywania naturalnej mi\u0142o\u015bci do samego siebie. Zapach emanuje uczuciem na ka\u017cdym poziomie, budz\u0105c spontaniczn\u0105 potrzeb\u0119 dzielenia si\u0119 t\u0105 intensywn\u0105 emocj\u0105 z innymi.<\/p>\n<p><b>Nuty zapachowe:<br \/><\/b><br \/><b>Nuta g\u0142owy: <\/b>malina, kwiat pomara\u0144czy, mandarynka<br \/><b>Nuta serca: <\/b>r\u00f3\u017ca, hibiskus, frezja<br \/><b>Nuta bazy: <\/b>wanilia, pi\u017cmo, drzewo sanda\u0142owe<\/p>\n<p><strong>Gramatura:<\/strong> ml<br \/>\n<strong>Linia k\u0105pielowa:<\/strong> nie<br \/>\n<strong>Miniatura:<\/strong> nie<br \/>\n<strong>Nuta bazy:<\/strong> drzewo sanda\u0142owe, pi\u017cmo, wanilia<br \/>\n<strong>Nuta g\u0142owy:<\/strong> kwiat pomara\u0144czy, malina, mandarynka<br \/>\n<strong>Nuta g\u0142\u00f3wna:<\/strong> kwiatowe, owocowe<br \/>\n<strong>Nuta serca:<\/strong> frezja, hibiskus, r\u00f3\u017ca<br \/>\n<strong>Pojemno\u015b\u0107:<\/strong> 100<br \/>\n<strong>Produkt rzadki:<\/strong> nie<br \/>\n<strong>Pr\u00f3bka:<\/strong> nie<br \/>\n<strong>P\u0142e\u0107:<\/strong> damski<br \/>\n<strong>Rodzaj:<\/strong> woda perfumowana<br \/>\n<strong>Tester:<\/strong> nie<br \/>\n<strong>Zapach alternatywny:<\/strong> nie<br \/>\n<strong>Zestaw:<\/strong> nie<\/p>\n<p><strong>Uwagi:<\/strong><\/p>\n<p>Produkt przechowywa\u0107 z dala od ognia i \u017ar\u00f3de\u0142 ciep\u0142a. Trzyma\u0107 w miejscu niedost\u0119pnym dla dzieci. Nie stosowa\u0107 na podra\u017cnion\u0105 lub uszkodzon\u0105 sk\u00f3r\u0119. Unika\u0107 kontaktu z oczami.<\/p>\n<p><strong>Sk\u0142adniki:<\/strong><\/p>\n<p>ALCOHOL DENAT. (SD ALCOHOL 40-B), PARFUM (FRAGRANCE), AQUA (WATER), VANILLIN, TETRAMETHYL ACETYLOCTAHYDRONAPHTHALENES, BENZYL SALICYLATE, CITRUS AURANTIUM BERGAMIA (BERGAMOT) PEEL OIL, LINALYL ACETATE, LINALOOL, BUTYL METHOXYDIBENZOYLMETHANE, LIMONENE, GERANIOL, GERANYL ACETATE, COUMARIN, TERPINEOL, PINENE, CITRONELLOL, CITRUS AURANTIUM PEEL OIL, ISOEUGENYL ACETATE, CITRUS LIMON (LEMON) PEEL OIL, ROSE KETONES, ROSE FLOWER OIL\/EXTRACT, CITRAL, BETA-CARYOPHYLLENE, TERPINOLENE, ALPHA-TERPINENE, BENZYL ALCOHOL.<\/p>\n","protected":false},"excerpt":{"rendered":"<p> <strong>Gramatura:<\/strong> ml<br \/>  <strong>Linia k\u0105pielowa:<\/strong> nie<br \/>  <strong>Miniatura:<\/strong> nie<br \/>  <strong>Nuta bazy:<\/strong> drzewo sanda\u0142owe, pi\u017cmo, wanilia<br \/>  <strong>Nuta g\u0142owy:<\/strong> kwiat pomara\u0144czy, malina, mandarynka<br \/>  <strong>Nuta g\u0142\u00f3wna:<\/strong> kwiatowe, owocowe<br \/>  <strong>Nuta serca:<\/strong> frezja, hibiskus, r\u00f3\u017ca<br \/>  <strong>Pojemno\u015b\u0107:<\/strong> 100<br \/>  <strong>Produkt rzadki:<\/strong> nie<br \/>  <strong>Pr\u00f3bka:<\/strong> nie<br \/>  <strong>P\u0142e\u0107:<\/strong> damski<br \/>  <strong>Rodzaj:<\/strong> woda perfumowana<br \/>  <strong>Tester:<\/strong> nie<br \/>  <strong>Zapach alternatywny:<\/strong> nie<br \/>  <strong>Zestaw:<\/strong> nie <\/p>\n","protected":false},"featured_media":44050,"comment_status":"open","ping_status":"closed","template":"","meta":{"_acf_changed":false},"kategoria-hurtowni":[87,88],"product_brand":[89],"product_cat":[76],"product_tag":[],"class_list":{"0":"post-44049","1":"product","2":"type-product","3":"status-publish","4":"has-post-thumbnail","6":"kategoria-hurtowni-perfumy","7":"kategoria-hurtowni-zapachy","8":"product_brand-jimmy-choo","9":"product_cat-primavera","11":"first","12":"outofstock","13":"taxable","14":"shipping-taxable","15":"product-type-simple"},"acf":[],"_links":{"self":[{"href":"https:\/\/premino.pl\/index.php?rest_route=\/wp\/v2\/product\/44049","targetHints":{"allow":["GET"]}}],"collection":[{"href":"https:\/\/premino.pl\/index.php?rest_route=\/wp\/v2\/product"}],"about":[{"href":"https:\/\/premino.pl\/index.php?rest_route=\/wp\/v2\/types\/product"}],"replies":[{"embeddable":true,"href":"https:\/\/premino.pl\/index.php?rest_route=%2Fwp%2Fv2%2Fcomments&post=44049"}],"wp:featuredmedia":[{"embeddable":true,"href":"https:\/\/premino.pl\/index.php?rest_route=\/wp\/v2\/media\/44050"}],"wp:attachment":[{"href":"https:\/\/premino.pl\/index.php?rest_route=%2Fwp%2Fv2%2Fmedia&parent=44049"}],"wp:term":[{"taxonomy":"kategoria-hurtowni","embeddable":true,"href":"https:\/\/premino.pl\/index.php?rest_route=%2Fwp%2Fv2%2Fkategoria-hurtowni&post=44049"},{"taxonomy":"product_brand","embeddable":true,"href":"https:\/\/premino.pl\/index.php?rest_route=%2Fwp%2Fv2%2Fproduct_brand&post=44049"},{"taxonomy":"product_cat","embeddable":true,"href":"https:\/\/premino.pl\/index.php?rest_route=%2Fwp%2Fv2%2Fproduct_cat&post=44049"},{"taxonomy":"product_tag","embeddable":true,"href":"https:\/\/premino.pl\/index.php?rest_route=%2Fwp%2Fv2%2Fproduct_tag&post=44049"}],"curies":[{"name":"wp","href":"https:\/\/api.w.org\/{rel}","templated":true}]}}