{"id":44073,"date":"2026-05-13T13:12:23","date_gmt":"2026-05-13T11:12:23","guid":{"rendered":"https:\/\/premino.pl\/?product=q10-przeciwzmarszczkowe-ekstra-odzywienie-gleboko-regenerujacy-krem-na-noc-50ml"},"modified":"2026-05-13T13:12:32","modified_gmt":"2026-05-13T11:12:32","slug":"q10-przeciwzmarszczkowe-ekstra-odzywienie-gleboko-regenerujacy-krem-na-noc-50ml","status":"publish","type":"product","link":"https:\/\/premino.pl\/?product=q10-przeciwzmarszczkowe-ekstra-odzywienie-gleboko-regenerujacy-krem-na-noc-50ml","title":{"rendered":"Q10 Przeciwzmarszczkowe Ekstra Od\u017cywienie g\u0142\u0119boko regeneruj\u0105cy krem na noc 50ml"},"content":{"rendered":"<p>NIVEA\u00a0Q10 PRZECIWZMARSZCZKOWE EKSTRA OD\u017bYWIENIE Krem na noc, kt\u00f3ry uj\u0119drnia sk\u00f3r\u0119 i redukuje nawet g\u0142\u0119bokie zmarszczki. Formu\u0142a zawiera Koenzym Q10, Skwalan oraz Olejek Arganowy, dzi\u0119ki tym sk\u0142adnikom krem g\u0142\u0119boko od\u017cywia, redukuje g\u0142\u0119bokie zmarszczki i uj\u0119drnia kontur twarzy. Bogata konsystencja intensywnie od\u017cywia sk\u00f3r\u0119, zapewniaj\u0105c natychmiastowe uczucie g\u0142adko\u015bci. <\/p>\n<p>\u2022 CZYSTY KOENZYM Q10 &#8211; wzmacnia sk\u00f3r\u0119, wspiera prawid\u0142owe funkcjonowanie kom\u00f3rek i koryguje zmarszczki od wewn\u0105trz*. <br \/>\u2022 SKWALAN &#8211; znany z w\u0142a\u015bciwo\u015bci nawil\u017caj\u0105cych, zapobiega wysuszeniu sk\u00f3ry. Zapewnia g\u0142adko\u015b\u0107 i mi\u0119kko\u015b\u0107 sk\u00f3ry. <br \/>\u2022 OLEJEK ARGANOWY &#8211; bogaty w kwasy Omega 6 i 9 od\u017cywia i koi sk\u00f3r\u0119. <\/p>\n<p>Dla sk\u00f3ry suchej i bardzo suchej. \u0141atwo rozprowadza si\u0119 na sk\u00f3rze. <\/p>\n<p><b>Rezultaty udowodnione klinicznie i potwierdzone przez konsument\u00f3w:<\/b><br \/>&#8211; 24 godziny &#8211; intensywnie nawil\u017cona sk\u00f3ra u 97% kobiet**,<br \/>&#8211; 2 tygodnie &#8211; wyra\u017anie bardziej j\u0119drna sk\u00f3ra i widoczna regeneracja u 94% kobiet**,<br \/>&#8211; 4 tygodnie &#8211; uj\u0119drniony kontur twarzy, zapobiega wiotczeniu sk\u00f3ry u 84% kobiet**. <\/p>\n<p>Tolerancja dla sk\u00f3ry potwierdzona dermatologicznie. <br \/>S\u0142oik wykonany jest w 70% z plastiku (PP)# pochodz\u0105cego z recyklingu. <\/p>\n<p>*Testowane na kom\u00f3rkach sk\u00f3ry <br \/>**Samoocena, 109-100 kobiet, 2022 i 2024 <br \/>#z wy\u0142\u0105czeniem etykiet i folii<\/p>\n<p><b>Spos\u00f3b u\u017cycia:<br \/><\/b>Stosuj codziennie na oczyszczon\u0105 sk\u00f3r\u0119 twarzy. Wzmocnij rezultaty piel\u0119gnacji przeciwzmarszczkowej stosuj\u0105c produkty z linii Q10.<\/p>\n<p><strong>Dzia\u0142anie:<\/strong> modeluje owal twarzy, nawil\u017caj\u0105ce, od\u017cywcze, redukuje zmarszczki, regeneruje, uelastycznia, uj\u0119drnia<br \/>\n<strong>Gramatura:<\/strong> ml<br \/>\n<strong>Konsystencja:<\/strong> krem<br \/>\n<strong>Linie elitarne:<\/strong> nie<br \/>\n<strong>Piel\u0119gnacja specyficzna:<\/strong> nie<br \/>\n<strong>Pojemno\u015b\u0107:<\/strong> 50<br \/>\n<strong>Pora stosowania:<\/strong> noc<br \/>\n<strong>P\u0142e\u0107:<\/strong> damski<br \/>\n<strong>Rodzaj sk\u00f3ry:<\/strong> dojrza\u0142a<br \/>\n<strong>S\u0142o\u0144ce:<\/strong> nie<br \/>\n<strong>Typ sk\u00f3ry:<\/strong> sucha<\/p>\n<p><strong>Uwagi:<\/strong><\/p>\n<p>Omijaj okolice oczu.<\/p>\n<p><strong>Sk\u0142adniki:<\/strong><\/p>\n<p>Aqua, Glycerin, Cetearyl Alcohol, Butyrospermum Parkii\u00a0Butter, Methylpropanediol, Caprylic\/Capric Triglyceride, Glyceryl Stearate Citrate,\u00a0Hydrogenated Coco-Glycerides, Cetearyl Isononanoate, Cocoglycerides,\u00a0Hydroxypropyl Starch Phosphate, Ubiquinone, Creatine, 1-Methylhydantoin-2-Imide, Panthenol, Pantolactone, Tocopherol, Argania Spinosa Kernel Oil, Vitis Vinifera Seed Oil, Squalane, Ethylhexylglycerin,\u00a0Hydroxyacetophenone, Xanthan Gum, Sodium\u00a0Hydroxide, Citric Acid, Phenoxyethanol, Parfum<\/p>\n","protected":false},"excerpt":{"rendered":"<p> <strong>Dzia\u0142anie:<\/strong> modeluje owal twarzy, nawil\u017caj\u0105ce, od\u017cywcze, redukuje zmarszczki, regeneruje, uelastycznia, uj\u0119drnia<br \/>  <strong>Gramatura:<\/strong> ml<br \/>  <strong>Konsystencja:<\/strong> krem<br \/>  <strong>Linie elitarne:<\/strong> nie<br \/>  <strong>Piel\u0119gnacja specyficzna:<\/strong> nie<br \/>  <strong>Pojemno\u015b\u0107:<\/strong> 50<br \/>  <strong>Pora stosowania:<\/strong> noc<br \/>  <strong>P\u0142e\u0107:<\/strong> damski<br \/>  <strong>Rodzaj sk\u00f3ry:<\/strong> dojrza\u0142a<br \/>  <strong>S\u0142o\u0144ce:<\/strong> nie<br \/>  <strong>Typ sk\u00f3ry:<\/strong> sucha <\/p>\n","protected":false},"featured_media":44074,"comment_status":"open","ping_status":"closed","template":"","meta":{"_acf_changed":false},"kategoria-hurtowni":[90,109,110],"product_brand":[92],"product_cat":[76],"product_tag":[],"class_list":{"0":"post-44073","1":"product","2":"type-product","3":"status-publish","4":"has-post-thumbnail","6":"kategoria-hurtowni-pielegnacja","7":"kategoria-hurtowni-pielegnacja-twarzy-pielegnacja","8":"kategoria-hurtowni-twarz-pielegnacja-twarzy-pielegnacja","9":"product_brand-nivea","10":"product_cat-primavera","12":"first","13":"outofstock","14":"taxable","15":"shipping-taxable","16":"product-type-simple"},"acf":[],"_links":{"self":[{"href":"https:\/\/premino.pl\/index.php?rest_route=\/wp\/v2\/product\/44073","targetHints":{"allow":["GET"]}}],"collection":[{"href":"https:\/\/premino.pl\/index.php?rest_route=\/wp\/v2\/product"}],"about":[{"href":"https:\/\/premino.pl\/index.php?rest_route=\/wp\/v2\/types\/product"}],"replies":[{"embeddable":true,"href":"https:\/\/premino.pl\/index.php?rest_route=%2Fwp%2Fv2%2Fcomments&post=44073"}],"wp:featuredmedia":[{"embeddable":true,"href":"https:\/\/premino.pl\/index.php?rest_route=\/wp\/v2\/media\/44074"}],"wp:attachment":[{"href":"https:\/\/premino.pl\/index.php?rest_route=%2Fwp%2Fv2%2Fmedia&parent=44073"}],"wp:term":[{"taxonomy":"kategoria-hurtowni","embeddable":true,"href":"https:\/\/premino.pl\/index.php?rest_route=%2Fwp%2Fv2%2Fkategoria-hurtowni&post=44073"},{"taxonomy":"product_brand","embeddable":true,"href":"https:\/\/premino.pl\/index.php?rest_route=%2Fwp%2Fv2%2Fproduct_brand&post=44073"},{"taxonomy":"product_cat","embeddable":true,"href":"https:\/\/premino.pl\/index.php?rest_route=%2Fwp%2Fv2%2Fproduct_cat&post=44073"},{"taxonomy":"product_tag","embeddable":true,"href":"https:\/\/premino.pl\/index.php?rest_route=%2Fwp%2Fv2%2Fproduct_tag&post=44073"}],"curies":[{"name":"wp","href":"https:\/\/api.w.org\/{rel}","templated":true}]}}