{"id":44103,"date":"2026-05-13T13:12:38","date_gmt":"2026-05-13T11:12:38","guid":{"rendered":"https:\/\/premino.pl\/?product=arancia-di-capri-la-riserva-woda-perfumowana-spray-50ml"},"modified":"2026-05-13T13:12:43","modified_gmt":"2026-05-13T11:12:43","slug":"arancia-di-capri-la-riserva-woda-perfumowana-spray-50ml","status":"publish","type":"product","link":"https:\/\/premino.pl\/?product=arancia-di-capri-la-riserva-woda-perfumowana-spray-50ml","title":{"rendered":"Arancia di Capri La Riserva woda perfumowana spray 50ml"},"content":{"rendered":"<p>Arancia di Capri La Riserva to olfaktoryczny ho\u0142d dla dziewiczego pi\u0119kna naturalnych krajobraz\u00f3w Capri. Powsta\u0142 w dwumiesi\u0119cznym procesie maceracji, kt\u00f3ry nadaje mu g\u0142\u0119bi\u0119 i bogat\u0105 konsystencj\u0119, przekszta\u0142caj\u0105c go w pe\u0142n\u0105, intensywn\u0105 i jedwabist\u0105 esencj\u0119.<\/p>\n<p><b>Nuty zapachowe:<br \/><\/b><br \/><b>Nuta g\u0142owy: <\/b>czerwona pomara\u0144cza, gorzka pomara\u0144cza, mandarynka, petitgrain<br \/><b>Nuta serca: <\/b>nuty mineralne, rozmaryn, bazylia, s\u00f3l<br \/><b>Nuta bazy: <\/b>ambrettolide, zamsz, cedr<\/p>\n<p><strong>Gramatura:<\/strong> ml<br \/>\n<strong>Linia k\u0105pielowa:<\/strong> nie<br \/>\n<strong>Miniatura:<\/strong> nie<br \/>\n<strong>Nuta bazy:<\/strong> ambrettolide, cedr, zamsz<br \/>\n<strong>Nuta g\u0142owy:<\/strong> czerwona pomara\u0144cza, gorzka pomara\u0144cza, mandarynka, petitgrain<br \/>\n<strong>Nuta g\u0142\u00f3wna:<\/strong> aromatyczne, cytrusowe<br \/>\n<strong>Nuta serca:<\/strong> bazylia, nuty mineralne, rozmaryn, s\u00f3l<br \/>\n<strong>Pojemno\u015b\u0107:<\/strong> 50<br \/>\n<strong>Produkt rzadki:<\/strong> tak<br \/>\n<strong>Pr\u00f3bka:<\/strong> nie<br \/>\n<strong>P\u0142e\u0107:<\/strong> unisex<br \/>\n<strong>Rodzaj:<\/strong> woda perfumowana<br \/>\n<strong>Tester:<\/strong> nie<br \/>\n<strong>Zapach alternatywny:<\/strong> nie<br \/>\n<strong>Zestaw:<\/strong> nie<\/p>\n<p><strong>Uwagi:<\/strong><\/p>\n<p>Produkt przechowywa\u0107 z dala od ognia i \u017ar\u00f3de\u0142 ciep\u0142a. Trzyma\u0107 w miejscu niedost\u0119pnym dla dzieci. Nie stosowa\u0107 na podra\u017cnion\u0105 lub uszkodzon\u0105 sk\u00f3r\u0119. Unika\u0107 kontaktu z oczami.<\/p>\n<p><strong>Sk\u0142adniki:<\/strong><\/p>\n<p>ALCOHOL DENAT., PARFUM (FRAGRANCE), LIMONENE, AQUA (WATER), LINALOOL, CITRAL, CITRONELLOL, ALPHA-ISOMETHYL IONONE, COUMARIN, GERANIOL<\/p>\n","protected":false},"excerpt":{"rendered":"<p> <strong>Gramatura:<\/strong> ml<br \/>  <strong>Linia k\u0105pielowa:<\/strong> nie<br \/>  <strong>Miniatura:<\/strong> nie<br \/>  <strong>Nuta bazy:<\/strong> ambrettolide, cedr, zamsz<br \/>  <strong>Nuta g\u0142owy:<\/strong> czerwona pomara\u0144cza, gorzka pomara\u0144cza, mandarynka, petitgrain<br \/>  <strong>Nuta g\u0142\u00f3wna:<\/strong> aromatyczne, cytrusowe<br \/>  <strong>Nuta serca:<\/strong> bazylia, nuty mineralne, rozmaryn, s\u00f3l<br \/>  <strong>Pojemno\u015b\u0107:<\/strong> 50<br \/>  <strong>Produkt rzadki:<\/strong> tak<br \/>  <strong>Pr\u00f3bka:<\/strong> nie<br \/>  <strong>P\u0142e\u0107:<\/strong> unisex<br \/>  <strong>Rodzaj:<\/strong> woda perfumowana<br \/>  <strong>Tester:<\/strong> nie<br \/>  <strong>Zapach alternatywny:<\/strong> nie<br \/>  <strong>Zestaw:<\/strong> nie <\/p>\n","protected":false},"featured_media":44104,"comment_status":"open","ping_status":"closed","template":"","meta":{"_acf_changed":false},"kategoria-hurtowni":[87,88],"product_brand":[354],"product_cat":[76],"product_tag":[],"class_list":{"0":"post-44103","1":"product","2":"type-product","3":"status-publish","4":"has-post-thumbnail","6":"kategoria-hurtowni-perfumy","7":"kategoria-hurtowni-zapachy","8":"product_brand-acqua-di-parma","9":"product_cat-primavera","11":"first","12":"outofstock","13":"taxable","14":"shipping-taxable","15":"product-type-simple"},"acf":[],"_links":{"self":[{"href":"https:\/\/premino.pl\/index.php?rest_route=\/wp\/v2\/product\/44103","targetHints":{"allow":["GET"]}}],"collection":[{"href":"https:\/\/premino.pl\/index.php?rest_route=\/wp\/v2\/product"}],"about":[{"href":"https:\/\/premino.pl\/index.php?rest_route=\/wp\/v2\/types\/product"}],"replies":[{"embeddable":true,"href":"https:\/\/premino.pl\/index.php?rest_route=%2Fwp%2Fv2%2Fcomments&post=44103"}],"wp:featuredmedia":[{"embeddable":true,"href":"https:\/\/premino.pl\/index.php?rest_route=\/wp\/v2\/media\/44104"}],"wp:attachment":[{"href":"https:\/\/premino.pl\/index.php?rest_route=%2Fwp%2Fv2%2Fmedia&parent=44103"}],"wp:term":[{"taxonomy":"kategoria-hurtowni","embeddable":true,"href":"https:\/\/premino.pl\/index.php?rest_route=%2Fwp%2Fv2%2Fkategoria-hurtowni&post=44103"},{"taxonomy":"product_brand","embeddable":true,"href":"https:\/\/premino.pl\/index.php?rest_route=%2Fwp%2Fv2%2Fproduct_brand&post=44103"},{"taxonomy":"product_cat","embeddable":true,"href":"https:\/\/premino.pl\/index.php?rest_route=%2Fwp%2Fv2%2Fproduct_cat&post=44103"},{"taxonomy":"product_tag","embeddable":true,"href":"https:\/\/premino.pl\/index.php?rest_route=%2Fwp%2Fv2%2Fproduct_tag&post=44103"}],"curies":[{"name":"wp","href":"https:\/\/api.w.org\/{rel}","templated":true}]}}