{"id":44295,"date":"2026-05-13T13:13:47","date_gmt":"2026-05-13T11:13:47","guid":{"rendered":"https:\/\/premino.pl\/?product=advanced-lip-fix-cream-krem-do-ust-15ml"},"modified":"2026-05-13T13:13:49","modified_gmt":"2026-05-13T11:13:49","slug":"advanced-lip-fix-cream-krem-do-ust-15ml","status":"publish","type":"product","link":"https:\/\/premino.pl\/?product=advanced-lip-fix-cream-krem-do-ust-15ml","title":{"rendered":"Advanced Lip-Fix Cream krem do ust 15ml"},"content":{"rendered":"<p>Ta innowacyjna formu\u0142a zapobiega rozmazywaniu si\u0119 szminki, utrzymuj\u0105c kolor precyzyjnie tam, gdzie go na\u0142o\u017cysz. Zawarta w formule mieszanka zio\u0142owych antyoksydant\u00f3w piel\u0119gnuje usta, wyg\u0142adza je i redukuje widoczno\u015b\u0107 pionowych linii. Produkt jest bezzapachowy oraz przetestowany klinicznie i dermatologicznie.<\/p>\n<p><b>Spos\u00f3b u\u017cycia:\u00a0<\/b>Na\u0142\u00f3\u017c niewielk\u0105 ilo\u015b\u0107 preparatu na oczyszczone usta i ich okolice. Rozpocznij od zewn\u0119trznej kraw\u0119dzi ust, delikatnie rozprowadzaj\u0105c produkt wok\u00f3\u0142 ca\u0142ej linii, a nast\u0119pnie wyg\u0142ad\u017a na powierzchni ust. Pozostaw do ca\u0142kowitego wyschni\u0119cia. W razie potrzeby stosuj ponownie przed aplikacj\u0105 pomadki w ci\u0105gu dnia.<\/p>\n<p><strong>Dzia\u0142anie:<\/strong> chroni, redukuje zmarszczki<br \/>\n<strong>Gramatura:<\/strong> ml<br \/>\n<strong>Konsystencja:<\/strong> krem<br \/>\n<strong>Linie elitarne:<\/strong> tak<br \/>\n<strong>Piel\u0119gnacja specyficzna:<\/strong> nie<br \/>\n<strong>Pojemno\u015b\u0107:<\/strong> 15<br \/>\n<strong>P\u0142e\u0107:<\/strong> damski<br \/>\n<strong>S\u0142o\u0144ce:<\/strong> nie<\/p>\n<p><strong>Uwagi:<\/strong><\/p>\n<p>Stosowa\u0107 wy\u0142\u0105cznie zgodnie z zaleceniami. Unika\u0107 kontaktu z oczami. Przechowywa\u0107 w miejscu niedost\u0119pnym dla dzieci. Przerwa\u0107 stosowanie w przypadku wyst\u0105pienia podra\u017cnienia.<\/p>\n<p><strong>Sk\u0142adniki:<\/strong><\/p>\n<p>Water\/Aqua\/Eau, Glycerin, Propylene Glycol Dicaprate, Cetyl Alcohol, Paraffin, Glyceryl Stearate, Xylitol, Peg-100 Stearate, Caprylyl Glycol, Stearyl Alcohol, Achillea Millefolium Extract, Adenosine, Alcohol, Butylene Glycol, Camellia Sinensis Leaf Extract, Cetyl Palmitate, Chamomilla Recutita (Matricaria) Flower Extract, Di-C12-15 Alkyl Fumarate, Disodium Edta, Euterpe Oleracea Fruit Extract, Foeniculum Vulgare (Fennel) Fruit Extract, Hordeum Distichon (Barley) Extract, Humulus Lupulus (Hops) Extract, Melissa Officinalis Leaf Extract, Panthenol, Peg-150 Distearate, Phellodendron Amurense Bark Extract, Santalum Album (Sandalwood) Extract, Tocopheryl Acetate, Urea, Viscum Album (Mistletoe) Leaf Extract, Xanthan Gum, Phenoxyethanol.<\/p>\n","protected":false},"excerpt":{"rendered":"<p> <strong>Dzia\u0142anie:<\/strong> chroni, redukuje zmarszczki<br \/>  <strong>Gramatura:<\/strong> ml<br \/>  <strong>Konsystencja:<\/strong> krem<br \/>  <strong>Linie elitarne:<\/strong> tak<br \/>  <strong>Piel\u0119gnacja specyficzna:<\/strong> nie<br \/>  <strong>Pojemno\u015b\u0107:<\/strong> 15<br \/>  <strong>P\u0142e\u0107:<\/strong> damski<br \/>  <strong>S\u0142o\u0144ce:<\/strong> nie <\/p>\n","protected":false},"featured_media":44296,"comment_status":"open","ping_status":"closed","template":"","meta":{"_acf_changed":false},"kategoria-hurtowni":[90,109,181],"product_brand":[256],"product_cat":[76],"product_tag":[],"class_list":{"0":"post-44295","1":"product","2":"type-product","3":"status-publish","4":"has-post-thumbnail","6":"kategoria-hurtowni-pielegnacja","7":"kategoria-hurtowni-pielegnacja-twarzy-pielegnacja","8":"kategoria-hurtowni-usta-pielegnacja-twarzy-pielegnacja","9":"product_brand-elizabeth-arden","10":"product_cat-primavera","12":"first","13":"outofstock","14":"taxable","15":"shipping-taxable","16":"product-type-simple"},"acf":[],"_links":{"self":[{"href":"https:\/\/premino.pl\/index.php?rest_route=\/wp\/v2\/product\/44295","targetHints":{"allow":["GET"]}}],"collection":[{"href":"https:\/\/premino.pl\/index.php?rest_route=\/wp\/v2\/product"}],"about":[{"href":"https:\/\/premino.pl\/index.php?rest_route=\/wp\/v2\/types\/product"}],"replies":[{"embeddable":true,"href":"https:\/\/premino.pl\/index.php?rest_route=%2Fwp%2Fv2%2Fcomments&post=44295"}],"wp:featuredmedia":[{"embeddable":true,"href":"https:\/\/premino.pl\/index.php?rest_route=\/wp\/v2\/media\/44296"}],"wp:attachment":[{"href":"https:\/\/premino.pl\/index.php?rest_route=%2Fwp%2Fv2%2Fmedia&parent=44295"}],"wp:term":[{"taxonomy":"kategoria-hurtowni","embeddable":true,"href":"https:\/\/premino.pl\/index.php?rest_route=%2Fwp%2Fv2%2Fkategoria-hurtowni&post=44295"},{"taxonomy":"product_brand","embeddable":true,"href":"https:\/\/premino.pl\/index.php?rest_route=%2Fwp%2Fv2%2Fproduct_brand&post=44295"},{"taxonomy":"product_cat","embeddable":true,"href":"https:\/\/premino.pl\/index.php?rest_route=%2Fwp%2Fv2%2Fproduct_cat&post=44295"},{"taxonomy":"product_tag","embeddable":true,"href":"https:\/\/premino.pl\/index.php?rest_route=%2Fwp%2Fv2%2Fproduct_tag&post=44295"}],"curies":[{"name":"wp","href":"https:\/\/api.w.org\/{rel}","templated":true}]}}