{"id":44367,"date":"2026-05-13T13:14:09","date_gmt":"2026-05-13T11:14:09","guid":{"rendered":"https:\/\/premino.pl\/?product=angel-2-0-szczotka-do-wlosow-matt-pink"},"modified":"2026-05-13T13:14:09","modified_gmt":"2026-05-13T11:14:09","slug":"angel-2-0-szczotka-do-wlosow-matt-pink","status":"publish","type":"product","link":"https:\/\/premino.pl\/?product=angel-2-0-szczotka-do-wlosow-matt-pink","title":{"rendered":"Angel 2.0 szczotka do w\u0142os\u00f3w Matt Pink"},"content":{"rendered":"<p><b>Tangle Angel 2.0\u00a0Matt Pink<\/b> to pi\u0119kna r\u00f3\u017cowo-szara szczotka do w\u0142os\u00f3w z efektem ombre o matowym wyko\u0144czeniu.<\/p>\n<p>\u2022 Memory-Flex\u2122 umo\u017cliwia zgi\u0119cie w\u0142osia i powr\u00f3t do pierwotnej pozycji, dzi\u0119ki czemu skuteczniej rozpl\u0105tuje w\u0142osy.<br \/>\u2022 Antystatyczna listwa uziemiaj\u0105ca Ex-static\u2122 ogranicza wypadanie w\u0142os\u00f3w.<br \/>\u2022 Ergonomiczna konstrukcja dla \u0142atwego trzymania i kontroli.<br \/>\u2022 Antybakteryjna dla zdrowych w\u0142os\u00f3w i sk\u00f3ry g\u0142owy.<br \/>\u2022 Odporna na ciep\u0142o (do 120\u00b0C) do u\u017cytku z suszark\u0105 do w\u0142os\u00f3w.<br \/>\u2022 Wodoodporna do stosowania na mokre w\u0142osy i pod prysznicem.<br \/>\u2022 Pi\u0119kne wyko\u0144czenie Soft Touch.\u00a0Szczotk\u0119 mo\u017cna trzyma\u0107 wok\u00f3\u0142 skrzyde\u0142, aby uzyska\u0107 lepsz\u0105 kontrol\u0119 i dotyk, lub za uchwyt do codziennego czesania i rozczesywania.<br \/>\u2022 Gumowa Stopa zapewnia szczotce stabiln\u0105 podstaw\u0119 stoj\u0105c\u0105.<\/p>\n<p>Konfiguracja w\u0142osia\u00a0<b>Memory-Flex\u2122<\/b>\u00a0zapewnia wi\u0119cej miejsca dla w\u0142osia, pomagaj\u0105c jeszcze skuteczniej rozdziela\u0107 w\u0119z\u0142y. Poprawia r\u00f3wnie\u017c penetracj\u0119 w\u0142osia przez pasma w\u0142os\u00f3w, wzmacniaj\u0105c efekt masowania sk\u00f3ry g\u0142owy. Wy\u017csze w\u0142osie s\u0105 skoncentrowane wok\u00f3\u0142 kraw\u0119dzi i \u015brodka podk\u0142adki, gdzie s\u0105 najbardziej skuteczne.<\/p>\n<p><b>PASEK ANTYSTATYCZNY EX-STATIC\u2122<\/b><br \/>Pasek i szczecina zawieraj\u0105 antystatyczne dodatki osadzone w tworzywie sztucznym. Pozwala to na uziemienie wszelkich \u0142adunk\u00f3w elektrostatycznych we w\u0142osach, gdy maj\u0105 one kontakt z paskiem, zmniejszaj\u0105c puszenie i wypadanie w\u0142os\u00f3w.<\/p>\n<p><b>Szczotka zosta\u0142a zaprojektowana do wszystkich typ\u00f3w w\u0142os\u00f3w, odpowiednia do stosowania zar\u00f3wno na mokre, jak i suche w\u0142osy.<\/b><\/p>\n<p><strong>Gramatura:<\/strong> sztuka<br \/>\n<strong>Kolor:<\/strong> Matt Pink<br \/>\n<strong>Konsystencja:<\/strong> szczotka<br \/>\n<strong>Linie elitarne:<\/strong> nie<br \/>\n<strong>Pojemno\u015b\u0107:<\/strong> 1<br \/>\n<strong>P\u0142e\u0107:<\/strong> damski<\/p>\n<p><strong>Uwagi:<\/strong><\/p>\n<p>Nie s\u0105 wymagane \u017cadne specjalne \u015brodki ostro\u017cno\u015bci przy u\u017cywaniu tego produktu w normalnych lub racjonalnie przewidywalnych warunkach u\u017cytkowania.<\/p>\n<p><strong>Sk\u0142adniki:<\/strong><\/p>\n<p>Antimicrobial components, Plastic, Antistatic coating component<\/p>\n","protected":false},"excerpt":{"rendered":"<p> <strong>Gramatura:<\/strong> sztuka<br \/>  <strong>Kolor:<\/strong> Matt Pink<br \/>  <strong>Konsystencja:<\/strong> szczotka<br \/>  <strong>Linie elitarne:<\/strong> nie<br \/>  <strong>Pojemno\u015b\u0107:<\/strong> 1<br \/>  <strong>P\u0142e\u0107:<\/strong> damski <\/p>\n","protected":false},"featured_media":44368,"comment_status":"open","ping_status":"closed","template":"","meta":{"_acf_changed":false},"kategoria-hurtowni":[131,90,132],"product_brand":[541],"product_cat":[76],"product_tag":[],"class_list":{"0":"post-44367","1":"product","2":"type-product","3":"status-publish","4":"has-post-thumbnail","6":"kategoria-hurtowni-akcesoria","7":"kategoria-hurtowni-pielegnacja","8":"kategoria-hurtowni-szczotki-i-grzebienie","9":"product_brand-tangle-angel","10":"product_cat-primavera","12":"first","13":"outofstock","14":"taxable","15":"shipping-taxable","16":"product-type-simple"},"acf":[],"_links":{"self":[{"href":"https:\/\/premino.pl\/index.php?rest_route=\/wp\/v2\/product\/44367","targetHints":{"allow":["GET"]}}],"collection":[{"href":"https:\/\/premino.pl\/index.php?rest_route=\/wp\/v2\/product"}],"about":[{"href":"https:\/\/premino.pl\/index.php?rest_route=\/wp\/v2\/types\/product"}],"replies":[{"embeddable":true,"href":"https:\/\/premino.pl\/index.php?rest_route=%2Fwp%2Fv2%2Fcomments&post=44367"}],"wp:featuredmedia":[{"embeddable":true,"href":"https:\/\/premino.pl\/index.php?rest_route=\/wp\/v2\/media\/44368"}],"wp:attachment":[{"href":"https:\/\/premino.pl\/index.php?rest_route=%2Fwp%2Fv2%2Fmedia&parent=44367"}],"wp:term":[{"taxonomy":"kategoria-hurtowni","embeddable":true,"href":"https:\/\/premino.pl\/index.php?rest_route=%2Fwp%2Fv2%2Fkategoria-hurtowni&post=44367"},{"taxonomy":"product_brand","embeddable":true,"href":"https:\/\/premino.pl\/index.php?rest_route=%2Fwp%2Fv2%2Fproduct_brand&post=44367"},{"taxonomy":"product_cat","embeddable":true,"href":"https:\/\/premino.pl\/index.php?rest_route=%2Fwp%2Fv2%2Fproduct_cat&post=44367"},{"taxonomy":"product_tag","embeddable":true,"href":"https:\/\/premino.pl\/index.php?rest_route=%2Fwp%2Fv2%2Fproduct_tag&post=44367"}],"curies":[{"name":"wp","href":"https:\/\/api.w.org\/{rel}","templated":true}]}}