{"id":44417,"date":"2026-05-13T13:14:22","date_gmt":"2026-05-13T11:14:22","guid":{"rendered":"https:\/\/premino.pl\/?product=men-odswiezajacy-zel-do-mycia-ciala-dla-mezczyzn-100ml"},"modified":"2026-05-13T13:14:25","modified_gmt":"2026-05-13T11:14:25","slug":"men-odswiezajacy-zel-do-mycia-ciala-dla-mezczyzn-100ml","status":"publish","type":"product","link":"https:\/\/premino.pl\/?product=men-odswiezajacy-zel-do-mycia-ciala-dla-mezczyzn-100ml","title":{"rendered":"Men od\u015bwie\u017caj\u0105cy \u017cel do mycia cia\u0142a dla m\u0119\u017cczyzn 100ml"},"content":{"rendered":"<p>Poczuj moc od\u015bwie\u017cenia i energii ka\u017cdego dnia! Ten \u017cel do mycia cia\u0142a skutecznie oczyszcza sk\u00f3r\u0119, nie wysuszaj\u0105c jej, pozostawiaj\u0105c j\u0105 mi\u0119kk\u0105 i pe\u0142n\u0105 \u015bwie\u017co\u015bci. Idealny do codziennego stosowania, a dzi\u0119ki por\u0119cznej wersji travel size \u2013 \u015bwietny w podr\u00f3\u017cy.<\/p>\n<p><b>Kluczowe sk\u0142adniki:<br \/><\/b>\u2022 Woda morska \u2013 mineralizuje, \u0142agodzi i wzmacnia odporno\u015b\u0107 sk\u00f3ry.<br \/>\u2022 Mech \u2013 oczyszcza, poprawia nawil\u017cenie i chroni przed szkodliwym dzia\u0142aniem czynnik\u00f3w zewn\u0119trznych.<br \/>\u2022 Wyci\u0105g z cytryny \u2013 nawil\u017ca, rewitalizuje i wspomaga odnow\u0119 nask\u00f3rka, normalizuj\u0105c prac\u0119 gruczo\u0142\u00f3w \u0142ojowych.<br \/>\u2022 Ro\u015blinny kompleks atrakcyjno\u015bci \u2013 subtelnie pobudza syntez\u0119 m\u0119skiego feromonu, zwi\u0119kszaj\u0105c atrakcyjno\u015b\u0107.<\/p>\n<p><b>Dzia\u0142anie \u017celu:<\/b><br \/>\u2022 Skutecznie oczyszcza, nie wysuszaj\u0105c sk\u00f3ry.<br \/>\u2022 Mineralizuje i rewitalizuje dzi\u0119ki wodzie morskiej i mechowi.<br \/>\u2022 D\u0142ugotrwa\u0142e uczucie \u015bwie\u017co\u015bci i mi\u0119kko\u015bci.<br \/>\u2022 Wzmacnia odporno\u015b\u0107 sk\u00f3ry na czynniki zewn\u0119trzne.<br \/>\u2022 Zmys\u0142owy, pobudzaj\u0105cy zapach z nutami drzewa sanda\u0142owego i karmelu.<\/p>\n<p>Postaw na energi\u0119, mineralizacj\u0119 i wyj\u0105tkowy zapach \u2013 zacznij dzie\u0144 z poczuciem \u015bwie\u017co\u015bci i pewno\u015bci siebie!<\/p>\n<p><b>Spos\u00f3b u\u017cycia:<\/b><br \/>Niewielk\u0105 ilo\u015b\u0107 \u017celu wmasowa\u0107 w wilgotn\u0105 sk\u00f3r\u0119, a nast\u0119pnie dok\u0142adnie sp\u0142uka\u0107 wod\u0105.<\/p>\n<p><strong>Dzia\u0142anie:<\/strong> chroni, nawil\u017caj\u0105ce, oczyszczaj\u0105ce, od\u015bwie\u017ca, zmi\u0119kcza<br \/>\n<strong>Gramatura:<\/strong> ml<br \/>\n<strong>Konsystencja:<\/strong> \u017cel<br \/>\n<strong>Linie elitarne:<\/strong> nie<br \/>\n<strong>Lokalizacja:<\/strong> ca\u0142e cia\u0142o<br \/>\n<strong>Piel\u0119gnacja cia\u0142a:<\/strong> tak<br \/>\n<strong>Pojemno\u015b\u0107:<\/strong> 100<br \/>\n<strong>P\u0142e\u0107:<\/strong> m\u0119ski<br \/>\n<strong>S\u0142o\u0144ce:<\/strong> nie<\/p>\n<p><strong>Uwagi:<\/strong><\/p>\n<p>Unika\u0107 kontaktu z oczami.<\/p>\n<p><strong>Sk\u0142adniki:<\/strong><\/p>\n<p>Aqua, Sodium Cocoamphoacetate, Cocamidopropyl Betaine, Glycerin, Caprylyl\/Decyl Glucoside, Maris Aqua, Aloe Barbadensis Leaf Extract, Coleus Forskohlii Root Extract, Camellia Sinensis Leaf Extract, Yeast Extract, PhytoI, Isomalt, Hydroxyethylcellulose, Dehydroacetic Acid, Benzyl Alcohol, Xanthan Gum, Polyglyceryl-4 Caprate, Propanediol, Parfum<\/p>\n","protected":false},"excerpt":{"rendered":"<p> <strong>Dzia\u0142anie:<\/strong> chroni, nawil\u017caj\u0105ce, oczyszczaj\u0105ce, od\u015bwie\u017ca, zmi\u0119kcza<br \/>  <strong>Gramatura:<\/strong> ml<br \/>  <strong>Konsystencja:<\/strong> \u017cel<br \/>  <strong>Linie elitarne:<\/strong> nie<br \/>  <strong>Lokalizacja:<\/strong> ca\u0142e cia\u0142o<br \/>  <strong>Piel\u0119gnacja cia\u0142a:<\/strong> tak<br \/>  <strong>Pojemno\u015b\u0107:<\/strong> 100<br \/>  <strong>P\u0142e\u0107:<\/strong> m\u0119ski<br \/>  <strong>S\u0142o\u0144ce:<\/strong> nie <\/p>\n","protected":false},"featured_media":44418,"comment_status":"open","ping_status":"closed","template":"","meta":{"_acf_changed":false},"kategoria-hurtowni":[100,165],"product_brand":[203],"product_cat":[76],"product_tag":[],"class_list":{"0":"post-44417","1":"product","2":"type-product","3":"status-publish","4":"has-post-thumbnail","6":"kategoria-hurtowni-eco-bio","7":"kategoria-hurtowni-pielegnacja-ciala-eco-bio","8":"product_brand-clochee","9":"product_cat-primavera","11":"first","12":"outofstock","13":"taxable","14":"shipping-taxable","15":"product-type-simple"},"acf":[],"_links":{"self":[{"href":"https:\/\/premino.pl\/index.php?rest_route=\/wp\/v2\/product\/44417","targetHints":{"allow":["GET"]}}],"collection":[{"href":"https:\/\/premino.pl\/index.php?rest_route=\/wp\/v2\/product"}],"about":[{"href":"https:\/\/premino.pl\/index.php?rest_route=\/wp\/v2\/types\/product"}],"replies":[{"embeddable":true,"href":"https:\/\/premino.pl\/index.php?rest_route=%2Fwp%2Fv2%2Fcomments&post=44417"}],"wp:featuredmedia":[{"embeddable":true,"href":"https:\/\/premino.pl\/index.php?rest_route=\/wp\/v2\/media\/44418"}],"wp:attachment":[{"href":"https:\/\/premino.pl\/index.php?rest_route=%2Fwp%2Fv2%2Fmedia&parent=44417"}],"wp:term":[{"taxonomy":"kategoria-hurtowni","embeddable":true,"href":"https:\/\/premino.pl\/index.php?rest_route=%2Fwp%2Fv2%2Fkategoria-hurtowni&post=44417"},{"taxonomy":"product_brand","embeddable":true,"href":"https:\/\/premino.pl\/index.php?rest_route=%2Fwp%2Fv2%2Fproduct_brand&post=44417"},{"taxonomy":"product_cat","embeddable":true,"href":"https:\/\/premino.pl\/index.php?rest_route=%2Fwp%2Fv2%2Fproduct_cat&post=44417"},{"taxonomy":"product_tag","embeddable":true,"href":"https:\/\/premino.pl\/index.php?rest_route=%2Fwp%2Fv2%2Fproduct_tag&post=44417"}],"curies":[{"name":"wp","href":"https:\/\/api.w.org\/{rel}","templated":true}]}}