{"id":44449,"date":"2026-05-13T13:14:35","date_gmt":"2026-05-13T11:14:35","guid":{"rendered":"https:\/\/premino.pl\/?product=merveillance-lift-skoncentrowany-krem-na-noc-50ml"},"modified":"2026-05-13T13:14:36","modified_gmt":"2026-05-13T11:14:36","slug":"merveillance-lift-skoncentrowany-krem-na-noc-50ml","status":"publish","type":"product","link":"https:\/\/premino.pl\/?product=merveillance-lift-skoncentrowany-krem-na-noc-50ml","title":{"rendered":"Merveillance Lift skoncentrowany krem \u200b\u200bna noc 50ml"},"content":{"rendered":"<p>Pozw\u00f3l, aby nocna regeneracja wydoby\u0142a pe\u0142ni\u0119 pi\u0119kna Twojej sk\u00f3ry dzi\u0119ki Ultra-koryguj\u0105cemu Olejkowi z Mikroalg. Ten wyj\u0105tkowy sk\u0142adnik aktywny koncentruje w jednej kropli moc a\u017c 4 miliard\u00f3w aktywnych kom\u00f3rek.<\/p>\n<p>Po przebudzeniu sk\u00f3ra jest wyra\u017anie zregenerowana i wypocz\u0119ta. Zmarszczki ulegaj\u0105 wyg\u0142adzeniu, a sk\u00f3ra staje si\u0119 bardziej napi\u0119ta, j\u0119drna i widocznie m\u0142odsza. Ten przeciwstarzeniowy koncentrat sprawia, \u017ce cera wygl\u0105da tak, jakby\u015b spa\u0142a o 2 godziny d\u0142u\u017cej\u207d\u00b9\u207e.<\/p>\n<p>100% kobiet potwierdza wyg\u0142adzenie sk\u00f3ry\u207d\u00b2\u207e.<\/p>\n<p>Bogata, kremowa konsystencja \u0142\u0105czy wysok\u0105 skuteczno\u015b\u0107 dzia\u0142ania z wyj\u0105tkow\u0105 przyjemno\u015bci\u0105 aplikacji, otulaj\u0105c sk\u00f3r\u0119 subtelnym zapachem z nutami kwiatowymi i pi\u017cmowymi.<\/p>\n<p>\u207d\u00b9\u207eTest stosowania \u2013 20 ochotnik\u00f3w \u2013 % satysfakcji po 28 dniach<br \/>\u207d\u00b2\u207eTest stosowania \u2013 22 ochotnik\u00f3w \u2013 % satysfakcji po 56 dniach<\/p>\n<p><b>Si\u0142a mikroalg<\/b><br \/>NUXE wybra\u0142o Chlorell\u0119 Vulgaris \u2013 mikroskopijn\u0105 zielon\u0105 alg\u0119 s\u0142odkowodn\u0105 o niezwyk\u0142ych w\u0142a\u015bciwo\u015bciach regeneracyjnych. Istnieje od 2,5 miliarda lat i zawdzi\u0119cza swoj\u0105 odporno\u015b\u0107 wyj\u0105tkowo szczelnej b\u0142onie kom\u00f3rkowej.<br \/>Olejek z mikroalg pozyskiwany jest z wykorzystaniem nowoczesnej, ekologicznej technologii, kt\u00f3ra umo\u017cliwia ekstrakcj\u0119 cennych aktywnych cz\u0105steczek z wn\u0119trza kom\u00f3rki. Jedna kropla zawiera skoncentrowan\u0105 moc 4 miliard\u00f3w aktywnych kom\u00f3rek.<\/p>\n<p>Formu\u0142a wega\u0144ska, bez sk\u0142adnik\u00f3w i pochodnych pochodzenia zwierz\u0119cego.<br \/>98% sk\u0142adnik\u00f3w pochodzenia naturalnego.<\/p>\n<p><b>Spos\u00f3b u\u017cycia<\/b><br \/>Nabierz porcj\u0119 kremu wielko\u015bci orzecha laskowego i rozgrzej j\u0105 w d\u0142oniach. Na\u0142\u00f3\u017c na twarz obiema d\u0142o\u0144mi, wykonuj\u0105c ruchy od \u015brodka na zewn\u0105trz, omijaj\u0105c okolice oczu. Rozprowad\u017a na szyi i dekolcie, delikatnie wmasowuj\u0105c a\u017c do ca\u0142kowitego wch\u0142oni\u0119cia. Na zako\u0144czenie po\u0142\u00f3\u017c d\u0142onie kolejno na policzkach, czole, brodzie oraz w centralnej cz\u0119\u015bci twarzy, aby pog\u0142\u0119bi\u0107 efekt relaksu. Wdychaj zapach i pozw\u00f3l sobie na chwil\u0119 odpr\u0119\u017cenia przed snem. Stosuj wieczorem, najlepiej po aplikacji serum<\/p>\n<p><strong>Dzia\u0142anie:<\/strong> chroni, liftuj\u0105ce, redukuje zmarszczki, regeneruje, uelastycznia, wyg\u0142adza<br \/>\n<strong>Gramatura:<\/strong> ml<br \/>\n<strong>Konsystencja:<\/strong> krem<br \/>\n<strong>Linie elitarne:<\/strong> nie<br \/>\n<strong>Piel\u0119gnacja specyficzna:<\/strong> nie<br \/>\n<strong>Pojemno\u015b\u0107:<\/strong> 50<br \/>\n<strong>Pora stosowania:<\/strong> noc<br \/>\n<strong>P\u0142e\u0107:<\/strong> damski<br \/>\n<strong>Rodzaj sk\u00f3ry:<\/strong> dojrza\u0142a<br \/>\n<strong>S\u0142o\u0144ce:<\/strong> nie<br \/>\n<strong>Typ sk\u00f3ry:<\/strong> mieszana\/t\u0142usta, normalna, sucha<\/p>\n<p><strong>Uwagi:<\/strong><\/p>\n<p>Unika\u0107 kontaktu z oczami.<\/p>\n<p><strong>Sk\u0142adniki:<\/strong><\/p>\n<p>AQUA\/WATER, SQUALANE, DICAPRYLYL ETHER, GLYCERIN, ALCOHOL DENAT., CETEARYL ALCOHOL, PENTYLENE GLYCOL, POLYACRYLATE CROSSPOLYMER-6, BUTYROSPERMUM PARKII (SHEA) BUTTER, PARFUM\/FRAGRANCE, 1,2-HEXANEDIOL, CAPRYLYL GLYCOL, SODIUM STEAROYL GLUTAMATE, XANTHAN GUM, CAPRYLIC\/CAPRIC TRIGLYCERIDE, HELIANTHUS ANNUUS (SUNFLOWER) SEED OIL, ALTHAEA OFFICINALIS ROOT EXTRACT, CITRIC ACID, UNDARIA PINNATIFIDA EXTRACT, BENZYL ALCOHOL, CHLORELLA VULGARIS EXTRACT, TOCOPHEROL, DEHYDROACETIC ACID, ROSMARINUS OFFICINALIS (ROSEMARY) LEAF EXTRACT, LINALOOL, ALPHA-ISOMETHYL IONONE, GERANIOL, CITRONELLOL, LIMONENE [N4701\/A].<\/p>\n","protected":false},"excerpt":{"rendered":"<p> <strong>Dzia\u0142anie:<\/strong> chroni, liftuj\u0105ce, redukuje zmarszczki, regeneruje, uelastycznia, wyg\u0142adza<br \/>  <strong>Gramatura:<\/strong> ml<br \/>  <strong>Konsystencja:<\/strong> krem<br \/>  <strong>Linie elitarne:<\/strong> nie<br \/>  <strong>Piel\u0119gnacja specyficzna:<\/strong> nie<br \/>  <strong>Pojemno\u015b\u0107:<\/strong> 50<br \/>  <strong>Pora stosowania:<\/strong> noc<br \/>  <strong>P\u0142e\u0107:<\/strong> damski<br \/>  <strong>Rodzaj sk\u00f3ry:<\/strong> dojrza\u0142a<br \/>  <strong>S\u0142o\u0144ce:<\/strong> nie<br \/>  <strong>Typ sk\u00f3ry:<\/strong> mieszana\/t\u0142usta, normalna, sucha <\/p>\n","protected":false},"featured_media":44450,"comment_status":"open","ping_status":"closed","template":"","meta":{"_acf_changed":false},"kategoria-hurtowni":[211,214,215],"product_brand":[213],"product_cat":[76],"product_tag":[],"class_list":{"0":"post-44449","1":"product","2":"type-product","3":"status-publish","4":"has-post-thumbnail","6":"kategoria-hurtowni-dermokosmetyki","7":"kategoria-hurtowni-pielegnacja-twarzy-dermokosmetyki","8":"kategoria-hurtowni-twarz-pielegnacja-twarzy-dermokosmetyki","9":"product_brand-nuxe","10":"product_cat-primavera","12":"first","13":"outofstock","14":"taxable","15":"shipping-taxable","16":"product-type-simple"},"acf":[],"_links":{"self":[{"href":"https:\/\/premino.pl\/index.php?rest_route=\/wp\/v2\/product\/44449","targetHints":{"allow":["GET"]}}],"collection":[{"href":"https:\/\/premino.pl\/index.php?rest_route=\/wp\/v2\/product"}],"about":[{"href":"https:\/\/premino.pl\/index.php?rest_route=\/wp\/v2\/types\/product"}],"replies":[{"embeddable":true,"href":"https:\/\/premino.pl\/index.php?rest_route=%2Fwp%2Fv2%2Fcomments&post=44449"}],"wp:featuredmedia":[{"embeddable":true,"href":"https:\/\/premino.pl\/index.php?rest_route=\/wp\/v2\/media\/44450"}],"wp:attachment":[{"href":"https:\/\/premino.pl\/index.php?rest_route=%2Fwp%2Fv2%2Fmedia&parent=44449"}],"wp:term":[{"taxonomy":"kategoria-hurtowni","embeddable":true,"href":"https:\/\/premino.pl\/index.php?rest_route=%2Fwp%2Fv2%2Fkategoria-hurtowni&post=44449"},{"taxonomy":"product_brand","embeddable":true,"href":"https:\/\/premino.pl\/index.php?rest_route=%2Fwp%2Fv2%2Fproduct_brand&post=44449"},{"taxonomy":"product_cat","embeddable":true,"href":"https:\/\/premino.pl\/index.php?rest_route=%2Fwp%2Fv2%2Fproduct_cat&post=44449"},{"taxonomy":"product_tag","embeddable":true,"href":"https:\/\/premino.pl\/index.php?rest_route=%2Fwp%2Fv2%2Fproduct_tag&post=44449"}],"curies":[{"name":"wp","href":"https:\/\/api.w.org\/{rel}","templated":true}]}}