{"id":44525,"date":"2026-05-13T13:14:49","date_gmt":"2026-05-13T11:14:49","guid":{"rendered":"https:\/\/premino.pl\/?product=amber-musk-krem-do-ciala-150ml"},"modified":"2026-05-13T13:15:00","modified_gmt":"2026-05-13T11:15:00","slug":"amber-musk-krem-do-ciala-150ml","status":"publish","type":"product","link":"https:\/\/premino.pl\/?product=amber-musk-krem-do-ciala-150ml","title":{"rendered":"Amber Musk krem do cia\u0142a 150ml"},"content":{"rendered":"<p>Krem do cia\u0142a Aerin Amber Musk to wyj\u0105tkowo luksusowa piel\u0119gnacja, kt\u00f3ra intensywnie nawil\u017ca i regeneruje sk\u00f3r\u0119. Zmi\u0119kcza j\u0105, przywracaj\u0105c jej elastyczno\u015b\u0107 i witalno\u015b\u0107, pozostawiaj\u0105c przy tym subtelny, uwodzicielski zapach.<\/p>\n<p><b>Nuty zapachowe:<br \/><\/b><br \/><b>Nuta g\u0142owy: <\/b>ambroksan<br \/><b>Nuta serca: <\/b>woda kokosowa, r\u00f3\u017ca, konwalia<br \/><b>Nuta bazy: <\/b>benzoes, pi\u017cmo, drzewo sanda\u0142owe<\/p>\n<p><strong>Gramatura:<\/strong> ml<br \/>\n<strong>Linia k\u0105pielowa:<\/strong> krem do cia\u0142a<br \/>\n<strong>Nuta bazy:<\/strong> benzoes, drzewo sanda\u0142owe, pi\u017cmo<br \/>\n<strong>Nuta g\u0142owy:<\/strong> ambroksan<br \/>\n<strong>Nuta g\u0142\u00f3wna:<\/strong> kwiatowe, orientalne<br \/>\n<strong>Nuta serca:<\/strong> konwalia, r\u00f3\u017ca, woda kokosowa<br \/>\n<strong>Pojemno\u015b\u0107:<\/strong> 150<br \/>\n<strong>P\u0142e\u0107:<\/strong> damski<\/p>\n<p><strong>Uwagi:<\/strong><\/p>\n<p>Unika\u0107 kontaktu z oczami.<\/p>\n<p><strong>Sk\u0142adniki:<\/strong><\/p>\n<p>WaterAquaEau, Butylene Glycol, Jojoba Esters, Butyrospermum Parkii (Shea Butter), C12-20 Acid Peg-8 Ester, Glycerin, Fragrance (Parfum), Pentaerythrityl Tetraethylhexanoate, Caprylic\/Capric Triglyceride, Simmondsia Chinensis (Jojoba) Seed Oil, Behenyl Alcohol, Petrolatum, Cetyl Alcohol, Sucrose, Polyglyceryl-2 Triisostearate, Sigesbeckia Orientalis (St. Paul&#8217;S Wort) Extract, Coleus Forskohlii Root Extract, Mangifera Indica (Mango) Seed Oil, Hydrogenated Vegetable Oil, Calluna Vulgaris (Heather) Extract, Acetyl Hexapeptide-8, Astrocaryum Murumuru Seed Butter, Olea Europaea (Olive) Fruit Extract, Isomerized Linoleic Acid, Dimethicone, Sodium Hyaluronate, Caffeine, Caprylyl Glycol, Cholesterol, Glyceryl Stearate, Potassium Cetyl Phosphate, Acetyl Glucosamine, Saccharide Isomerate, Peg-100 Stearate, Linoleic Acid, Sodium Pca, Trehalose, Urea, Yeast ExtractFaexExtrait De Levure, Acrylates\/C10-30 Alkyl Acrylate Crosspolymer, Carbomer, Polyquaternium-51, Triticum Vulgare (Wheat Bran) Extract, Potassium Sulfate, Simethicone, Sodium Hydroxide, Xanthan Gum, Disodium Edta, Bht, Benzyl Benzoate, Benzyl Salicylate, Coumarin, Geraniol, Citral, Phenoxyethanol<\/p>\n","protected":false},"excerpt":{"rendered":"<p> <strong>Gramatura:<\/strong> ml<br \/>  <strong>Linia k\u0105pielowa:<\/strong> krem do cia\u0142a<br \/>  <strong>Nuta bazy:<\/strong> benzoes, drzewo sanda\u0142owe, pi\u017cmo<br \/>  <strong>Nuta g\u0142owy:<\/strong> ambroksan<br \/>  <strong>Nuta g\u0142\u00f3wna:<\/strong> kwiatowe, orientalne<br \/>  <strong>Nuta serca:<\/strong> konwalia, r\u00f3\u017ca, woda kokosowa<br \/>  <strong>Pojemno\u015b\u0107:<\/strong> 150<br \/>  <strong>P\u0142e\u0107:<\/strong> damski <\/p>\n","protected":false},"featured_media":44526,"comment_status":"open","ping_status":"closed","template":"","meta":{"_acf_changed":false},"kategoria-hurtowni":[120,87],"product_brand":[547],"product_cat":[76],"product_tag":[],"class_list":{"0":"post-44525","1":"product","2":"type-product","3":"status-publish","4":"has-post-thumbnail","6":"kategoria-hurtowni-linia-kapielowa","7":"kategoria-hurtowni-perfumy","8":"product_brand-aerin","9":"product_cat-primavera","11":"first","12":"outofstock","13":"taxable","14":"shipping-taxable","15":"product-type-simple"},"acf":[],"_links":{"self":[{"href":"https:\/\/premino.pl\/index.php?rest_route=\/wp\/v2\/product\/44525","targetHints":{"allow":["GET"]}}],"collection":[{"href":"https:\/\/premino.pl\/index.php?rest_route=\/wp\/v2\/product"}],"about":[{"href":"https:\/\/premino.pl\/index.php?rest_route=\/wp\/v2\/types\/product"}],"replies":[{"embeddable":true,"href":"https:\/\/premino.pl\/index.php?rest_route=%2Fwp%2Fv2%2Fcomments&post=44525"}],"wp:featuredmedia":[{"embeddable":true,"href":"https:\/\/premino.pl\/index.php?rest_route=\/wp\/v2\/media\/44526"}],"wp:attachment":[{"href":"https:\/\/premino.pl\/index.php?rest_route=%2Fwp%2Fv2%2Fmedia&parent=44525"}],"wp:term":[{"taxonomy":"kategoria-hurtowni","embeddable":true,"href":"https:\/\/premino.pl\/index.php?rest_route=%2Fwp%2Fv2%2Fkategoria-hurtowni&post=44525"},{"taxonomy":"product_brand","embeddable":true,"href":"https:\/\/premino.pl\/index.php?rest_route=%2Fwp%2Fv2%2Fproduct_brand&post=44525"},{"taxonomy":"product_cat","embeddable":true,"href":"https:\/\/premino.pl\/index.php?rest_route=%2Fwp%2Fv2%2Fproduct_cat&post=44525"},{"taxonomy":"product_tag","embeddable":true,"href":"https:\/\/premino.pl\/index.php?rest_route=%2Fwp%2Fv2%2Fproduct_tag&post=44525"}],"curies":[{"name":"wp","href":"https:\/\/api.w.org\/{rel}","templated":true}]}}