{"id":44529,"date":"2026-05-13T13:15:01","date_gmt":"2026-05-13T11:15:01","guid":{"rendered":"https:\/\/premino.pl\/?product=lilac-path-woda-perfumowana-spray-100ml"},"modified":"2026-05-13T13:15:02","modified_gmt":"2026-05-13T11:15:02","slug":"lilac-path-woda-perfumowana-spray-100ml","status":"publish","type":"product","link":"https:\/\/premino.pl\/?product=lilac-path-woda-perfumowana-spray-100ml","title":{"rendered":"Lilac Path woda perfumowana spray 100ml"},"content":{"rendered":"<p>Wiosenne kwiaty kryj\u0105 w sobie niepowtarzalny urok. Ich pi\u0119kno pojawia si\u0119 nagle i r\u00f3wnie szybko znika. Zapach Lilac Path uchwyci\u0142 ich esencj\u0119, czyni\u0105c j\u0105 wieczn\u0105.<\/p>\n<p><b>Nuty zapachowe:<br \/><\/b><br \/><b>Nuta g\u0142owy: <\/b>bez, galbanum<br \/><b>Nuta serca: <\/b>ja\u015bmin, wiciokrzew<br \/><b>Nuta bazy: <\/b>dzi\u0119giel, kwiat pomara\u0144czy<\/p>\n<p><strong>Gramatura:<\/strong> ml<br \/>\n<strong>Linia k\u0105pielowa:<\/strong> nie<br \/>\n<strong>Miniatura:<\/strong> nie<br \/>\n<strong>Nuta bazy:<\/strong> dzi\u0119giel, kwiat pomara\u0144czy<br \/>\n<strong>Nuta g\u0142owy:<\/strong> bez, galbanum<br \/>\n<strong>Nuta g\u0142\u00f3wna:<\/strong> kwiatowe, \u015bwie\u017ca<br \/>\n<strong>Nuta serca:<\/strong> ja\u015bmin, wiciokrzew<br \/>\n<strong>Pojemno\u015b\u0107:<\/strong> 100<br \/>\n<strong>Produkt rzadki:<\/strong> nie<br \/>\n<strong>Pr\u00f3bka:<\/strong> nie<br \/>\n<strong>P\u0142e\u0107:<\/strong> damski<br \/>\n<strong>Rodzaj:<\/strong> woda perfumowana<br \/>\n<strong>Tester:<\/strong> nie<br \/>\n<strong>Zapach alternatywny:<\/strong> nie<br \/>\n<strong>Zestaw:<\/strong> nie<\/p>\n<p><strong>Uwagi:<\/strong><\/p>\n<p>Ostrze\u017cenie: Produkt \u0142atwopalny a\u017c do wyschni\u0119cia. Przechowuj z dala od \u017ar\u00f3de\u0142 ciep\u0142a i zap\u0142onu. Unika\u0107 rozpylania w kierunku oczu.<\/p>\n<p><strong>Sk\u0142adniki:<\/strong><\/p>\n<p>Alcohol Denat., Fragrance (parfum), Water Aqua Eau, Linalool, Benzyl Salicylate, Hydroxycitronellal, Citronellol, Geraniol, Benzyl Benzoate, Benzyl Alcohol, Farnesol, Cinnamyl Alcohol, Isoeugenol, Eugenol, Limonene, Citral, Ethylhexyl Methoxycinnamate, Butyl Methoxydibenzoylmethane, Ethylhexyl Salicylate, Tocopherol, Dilauryl Thiodipropionate, Bht<\/p>\n","protected":false},"excerpt":{"rendered":"<p> <strong>Gramatura:<\/strong> ml<br \/>  <strong>Linia k\u0105pielowa:<\/strong> nie<br \/>  <strong>Miniatura:<\/strong> nie<br \/>  <strong>Nuta bazy:<\/strong> dzi\u0119giel, kwiat pomara\u0144czy<br \/>  <strong>Nuta g\u0142owy:<\/strong> bez, galbanum<br \/>  <strong>Nuta g\u0142\u00f3wna:<\/strong> kwiatowe, \u015bwie\u017ca<br \/>  <strong>Nuta serca:<\/strong> ja\u015bmin, wiciokrzew<br \/>  <strong>Pojemno\u015b\u0107:<\/strong> 100<br \/>  <strong>Produkt rzadki:<\/strong> nie<br \/>  <strong>Pr\u00f3bka:<\/strong> nie<br \/>  <strong>P\u0142e\u0107:<\/strong> damski<br \/>  <strong>Rodzaj:<\/strong> woda perfumowana<br \/>  <strong>Tester:<\/strong> nie<br \/>  <strong>Zapach alternatywny:<\/strong> nie<br \/>  <strong>Zestaw:<\/strong> nie <\/p>\n","protected":false},"featured_media":44530,"comment_status":"open","ping_status":"closed","template":"","meta":{"_acf_changed":false},"kategoria-hurtowni":[87,88],"product_brand":[547],"product_cat":[76],"product_tag":[],"class_list":{"0":"post-44529","1":"product","2":"type-product","3":"status-publish","4":"has-post-thumbnail","6":"kategoria-hurtowni-perfumy","7":"kategoria-hurtowni-zapachy","8":"product_brand-aerin","9":"product_cat-primavera","11":"first","12":"outofstock","13":"taxable","14":"shipping-taxable","15":"product-type-simple"},"acf":[],"_links":{"self":[{"href":"https:\/\/premino.pl\/index.php?rest_route=\/wp\/v2\/product\/44529","targetHints":{"allow":["GET"]}}],"collection":[{"href":"https:\/\/premino.pl\/index.php?rest_route=\/wp\/v2\/product"}],"about":[{"href":"https:\/\/premino.pl\/index.php?rest_route=\/wp\/v2\/types\/product"}],"replies":[{"embeddable":true,"href":"https:\/\/premino.pl\/index.php?rest_route=%2Fwp%2Fv2%2Fcomments&post=44529"}],"wp:featuredmedia":[{"embeddable":true,"href":"https:\/\/premino.pl\/index.php?rest_route=\/wp\/v2\/media\/44530"}],"wp:attachment":[{"href":"https:\/\/premino.pl\/index.php?rest_route=%2Fwp%2Fv2%2Fmedia&parent=44529"}],"wp:term":[{"taxonomy":"kategoria-hurtowni","embeddable":true,"href":"https:\/\/premino.pl\/index.php?rest_route=%2Fwp%2Fv2%2Fkategoria-hurtowni&post=44529"},{"taxonomy":"product_brand","embeddable":true,"href":"https:\/\/premino.pl\/index.php?rest_route=%2Fwp%2Fv2%2Fproduct_brand&post=44529"},{"taxonomy":"product_cat","embeddable":true,"href":"https:\/\/premino.pl\/index.php?rest_route=%2Fwp%2Fv2%2Fproduct_cat&post=44529"},{"taxonomy":"product_tag","embeddable":true,"href":"https:\/\/premino.pl\/index.php?rest_route=%2Fwp%2Fv2%2Fproduct_tag&post=44529"}],"curies":[{"name":"wp","href":"https:\/\/api.w.org\/{rel}","templated":true}]}}