{"id":44551,"date":"2026-05-13T13:15:01","date_gmt":"2026-05-13T11:15:01","guid":{"rendered":"https:\/\/premino.pl\/?product=cashmere-musc-mgielka-do-wlosow-100ml"},"modified":"2026-05-13T13:15:10","modified_gmt":"2026-05-13T11:15:10","slug":"cashmere-musc-mgielka-do-wlosow-100ml","status":"publish","type":"product","link":"https:\/\/premino.pl\/?product=cashmere-musc-mgielka-do-wlosow-100ml","title":{"rendered":"Cashmere Musc mgie\u0142ka do w\u0142os\u00f3w 100ml"},"content":{"rendered":"<p>Cashmere Musk to mgie\u0142ka do w\u0142os\u00f3w marki Ajmal. Subtelna, luksusowa interpretacja kultowego zapachu, stworzona z my\u015bl\u0105 o kobietach i m\u0119\u017cczyznach, kt\u00f3rzy chc\u0105 otuli\u0107 swoje w\u0142osy eleganckim, d\u0142ugotrwa\u0142ym aromatem bez ich obci\u0105\u017cania.<\/p>\n<p><b>Nuty zapachowe:<br \/><\/b><br \/><b>Nuta g\u0142owy: <\/b>pi\u017cmo, szafran<br \/><b>Nuta serca: <\/b>pi\u017cmo, ylang-ylang, ja\u015bmin, konwalia<br \/><b>Nuta bazy: <\/b>drewno kaszmirowe, pi\u017cmo, cedr, paczula<\/p>\n<p><strong>Gramatura:<\/strong> ml<br \/>\n<strong>Linia k\u0105pielowa:<\/strong> mgie\u0142ka do cia\u0142a<br \/>\n<strong>Nuta bazy:<\/strong> cedr, drewno kaszmirowe, paczula, pi\u017cmo<br \/>\n<strong>Nuta g\u0142owy:<\/strong> pi\u017cmo, szafran<br \/>\n<strong>Nuta g\u0142\u00f3wna:<\/strong> drzewne, pudrowe<br \/>\n<strong>Nuta serca:<\/strong> ja\u015bmin, konwalia, pi\u017cmo, ylang-ylang<br \/>\n<strong>Pojemno\u015b\u0107:<\/strong> 100<br \/>\n<strong>P\u0142e\u0107:<\/strong> unisex<\/p>\n<p><strong>Uwagi:<\/strong><\/p>\n<p>Produkt przechowywa\u0107 z dala od ognia i \u017ar\u00f3de\u0142 ciep\u0142a. Trzyma\u0107 w miejscu niedost\u0119pnym dla dzieci. Nie stosowa\u0107 na podra\u017cnion\u0105 lub uszkodzon\u0105 sk\u00f3r\u0119. Unika\u0107 kontaktu z oczami.<\/p>\n<p><strong>Sk\u0142adniki:<\/strong><\/p>\n<p>ALCOHOL DENAT, FRAGRANCE (PARFUM), WATER(AQUA),<\/p>\n","protected":false},"excerpt":{"rendered":"<p> <strong>Gramatura:<\/strong> ml<br \/>  <strong>Linia k\u0105pielowa:<\/strong> mgie\u0142ka do cia\u0142a<br \/>  <strong>Nuta bazy:<\/strong> cedr, drewno kaszmirowe, paczula, pi\u017cmo<br \/>  <strong>Nuta g\u0142owy:<\/strong> pi\u017cmo, szafran<br \/>  <strong>Nuta g\u0142\u00f3wna:<\/strong> drzewne, pudrowe<br \/>  <strong>Nuta serca:<\/strong> ja\u015bmin, konwalia, pi\u017cmo, ylang-ylang<br \/>  <strong>Pojemno\u015b\u0107:<\/strong> 100<br \/>  <strong>P\u0142e\u0107:<\/strong> unisex <\/p>\n","protected":false},"featured_media":44552,"comment_status":"open","ping_status":"closed","template":"","meta":{"_acf_changed":false},"kategoria-hurtowni":[120,87],"product_brand":[300],"product_cat":[76],"product_tag":[],"class_list":{"0":"post-44551","1":"product","2":"type-product","3":"status-publish","4":"has-post-thumbnail","6":"kategoria-hurtowni-linia-kapielowa","7":"kategoria-hurtowni-perfumy","8":"product_brand-ajmal","9":"product_cat-primavera","11":"first","12":"outofstock","13":"taxable","14":"shipping-taxable","15":"product-type-simple"},"acf":[],"_links":{"self":[{"href":"https:\/\/premino.pl\/index.php?rest_route=\/wp\/v2\/product\/44551","targetHints":{"allow":["GET"]}}],"collection":[{"href":"https:\/\/premino.pl\/index.php?rest_route=\/wp\/v2\/product"}],"about":[{"href":"https:\/\/premino.pl\/index.php?rest_route=\/wp\/v2\/types\/product"}],"replies":[{"embeddable":true,"href":"https:\/\/premino.pl\/index.php?rest_route=%2Fwp%2Fv2%2Fcomments&post=44551"}],"wp:featuredmedia":[{"embeddable":true,"href":"https:\/\/premino.pl\/index.php?rest_route=\/wp\/v2\/media\/44552"}],"wp:attachment":[{"href":"https:\/\/premino.pl\/index.php?rest_route=%2Fwp%2Fv2%2Fmedia&parent=44551"}],"wp:term":[{"taxonomy":"kategoria-hurtowni","embeddable":true,"href":"https:\/\/premino.pl\/index.php?rest_route=%2Fwp%2Fv2%2Fkategoria-hurtowni&post=44551"},{"taxonomy":"product_brand","embeddable":true,"href":"https:\/\/premino.pl\/index.php?rest_route=%2Fwp%2Fv2%2Fproduct_brand&post=44551"},{"taxonomy":"product_cat","embeddable":true,"href":"https:\/\/premino.pl\/index.php?rest_route=%2Fwp%2Fv2%2Fproduct_cat&post=44551"},{"taxonomy":"product_tag","embeddable":true,"href":"https:\/\/premino.pl\/index.php?rest_route=%2Fwp%2Fv2%2Fproduct_tag&post=44551"}],"curies":[{"name":"wp","href":"https:\/\/api.w.org\/{rel}","templated":true}]}}