{"id":44571,"date":"2026-05-13T13:15:15","date_gmt":"2026-05-13T11:15:15","guid":{"rendered":"https:\/\/premino.pl\/?product=krem-do-rak-glicerynowo-migdalowy-125ml"},"modified":"2026-05-13T13:15:17","modified_gmt":"2026-05-13T11:15:17","slug":"krem-do-rak-glicerynowo-migdalowy-125ml","status":"publish","type":"product","link":"https:\/\/premino.pl\/?product=krem-do-rak-glicerynowo-migdalowy-125ml","title":{"rendered":"Krem do r\u0105k glicerynowo-migda\u0142owy 125ml"},"content":{"rendered":"<p>Glicerynowo-migda\u0142owy krem z olejkiem ze s\u0142odkich migda\u0142\u00f3w. B\u0142yskawicznie wyg\u0142adza i od\u017cywia such\u0105 oraz wra\u017cliw\u0105 sk\u00f3r\u0119 d\u0142oni. Zawiera olej ze s\u0142odkich migda\u0142\u00f3w, bogaty w kwasy oleinowy i linolowy oraz witaminy A, D, E i z grupy B, kt\u00f3re wspieraj\u0105 j\u0119drno\u015b\u0107 i elastyczno\u015b\u0107 nask\u00f3rka, jednocze\u015bnie \u0142agodz\u0105c podra\u017cnienia. Sk\u0142adniki od\u017cywcze zawarte w kremie regeneruj\u0105 i chroni\u0105 d\u0142onie nara\u017cone na dzia\u0142anie szkodliwych czynnik\u00f3w zewn\u0119trznych. Produkt przebadany dermatologicznie.<\/p>\n<p><b>Spos\u00f3b u\u017cycia: <\/b>Na\u0142\u00f3\u017c niewielk\u0105 ilo\u015b\u0107 kremu na czyste, suche d\u0142onie i delikatnie wmasuj a\u017c do ca\u0142kowitego wch\u0142oni\u0119cia.<\/p>\n<p><strong>Dzia\u0142anie:<\/strong> chroni, nawil\u017caj\u0105ce, od\u017cywcze, regeneruje, uelastycznia<br \/>\n<strong>Gramatura:<\/strong> ml<br \/>\n<strong>Konsystencja:<\/strong> krem<br \/>\n<strong>Linie elitarne:<\/strong> nie<br \/>\n<strong>Lokalizacja:<\/strong> d\u0142onie<br \/>\n<strong>Piel\u0119gnacja cia\u0142a:<\/strong> tak<br \/>\n<strong>Pojemno\u015b\u0107:<\/strong> 125<br \/>\n<strong>P\u0142e\u0107:<\/strong> unisex<br \/>\n<strong>S\u0142o\u0144ce:<\/strong> nie<\/p>\n<p><strong>Uwagi:<\/strong><\/p>\n<p>Unika\u0107 kontaktu z oczami.<\/p>\n<p><strong>Sk\u0142adniki:<\/strong><\/p>\n<p>Aqua, Paraffinum Liquidum, Glycerin, Cetyl Alcohol, Stearic Acid, Palmitic Acid, Prunus Amygdalus Dulcis Oil, Glyceryl Stearate SE, Dimethicone, Propylene Glycol, Diazolidinyl Urea, Methylparaben, Propylparaben, Triethanolamine, Parfum<\/p>\n","protected":false},"excerpt":{"rendered":"<p> <strong>Dzia\u0142anie:<\/strong> chroni, nawil\u017caj\u0105ce, od\u017cywcze, regeneruje, uelastycznia<br \/>  <strong>Gramatura:<\/strong> ml<br \/>  <strong>Konsystencja:<\/strong> krem<br \/>  <strong>Linie elitarne:<\/strong> nie<br \/>  <strong>Lokalizacja:<\/strong> d\u0142onie<br \/>  <strong>Piel\u0119gnacja cia\u0142a:<\/strong> tak<br \/>  <strong>Pojemno\u015b\u0107:<\/strong> 125<br \/>  <strong>P\u0142e\u0107:<\/strong> unisex<br \/>  <strong>S\u0142o\u0144ce:<\/strong> nie <\/p>\n","protected":false},"featured_media":44572,"comment_status":"open","ping_status":"closed","template":"","meta":{"_acf_changed":false},"kategoria-hurtowni":[211,212],"product_brand":[559],"product_cat":[76],"product_tag":[],"class_list":{"0":"post-44571","1":"product","2":"type-product","3":"status-publish","4":"has-post-thumbnail","6":"kategoria-hurtowni-dermokosmetyki","7":"kategoria-hurtowni-pielegnacja-ciala-dermokosmetyki","8":"product_brand-anida","9":"product_cat-primavera","11":"first","12":"outofstock","13":"taxable","14":"shipping-taxable","15":"product-type-simple"},"acf":[],"_links":{"self":[{"href":"https:\/\/premino.pl\/index.php?rest_route=\/wp\/v2\/product\/44571","targetHints":{"allow":["GET"]}}],"collection":[{"href":"https:\/\/premino.pl\/index.php?rest_route=\/wp\/v2\/product"}],"about":[{"href":"https:\/\/premino.pl\/index.php?rest_route=\/wp\/v2\/types\/product"}],"replies":[{"embeddable":true,"href":"https:\/\/premino.pl\/index.php?rest_route=%2Fwp%2Fv2%2Fcomments&post=44571"}],"wp:featuredmedia":[{"embeddable":true,"href":"https:\/\/premino.pl\/index.php?rest_route=\/wp\/v2\/media\/44572"}],"wp:attachment":[{"href":"https:\/\/premino.pl\/index.php?rest_route=%2Fwp%2Fv2%2Fmedia&parent=44571"}],"wp:term":[{"taxonomy":"kategoria-hurtowni","embeddable":true,"href":"https:\/\/premino.pl\/index.php?rest_route=%2Fwp%2Fv2%2Fkategoria-hurtowni&post=44571"},{"taxonomy":"product_brand","embeddable":true,"href":"https:\/\/premino.pl\/index.php?rest_route=%2Fwp%2Fv2%2Fproduct_brand&post=44571"},{"taxonomy":"product_cat","embeddable":true,"href":"https:\/\/premino.pl\/index.php?rest_route=%2Fwp%2Fv2%2Fproduct_cat&post=44571"},{"taxonomy":"product_tag","embeddable":true,"href":"https:\/\/premino.pl\/index.php?rest_route=%2Fwp%2Fv2%2Fproduct_tag&post=44571"}],"curies":[{"name":"wp","href":"https:\/\/api.w.org\/{rel}","templated":true}]}}