{"id":44629,"date":"2026-05-13T13:15:28","date_gmt":"2026-05-13T11:15:28","guid":{"rendered":"https:\/\/premino.pl\/?product=9pm-rebel-woda-perfumowana-spray-100ml"},"modified":"2026-05-13T13:15:34","modified_gmt":"2026-05-13T11:15:34","slug":"9pm-rebel-woda-perfumowana-spray-100ml","status":"publish","type":"product","link":"https:\/\/premino.pl\/?product=9pm-rebel-woda-perfumowana-spray-100ml","title":{"rendered":"9pm Rebel woda perfumowana spray 100ml"},"content":{"rendered":"<p>Odkryj nowy wymiar stylu z wod\u0105 perfumowan\u0105 Afnan 9pm Rebel. Ten wyj\u0105tkowy zapach zosta\u0142 stworzony z my\u015bl\u0105 o osobach, kt\u00f3re ceni\u0105 indywidualno\u015b\u0107 i nie boj\u0105 si\u0119 podkre\u015bla\u0107 swojego charakteru. Kompozycja pe\u0142na kontrast\u00f3w \u0142\u0105czy w sobie nowoczesno\u015b\u0107 z nut\u0105 zmys\u0142owej elegancji, czyni\u0105c 9pm Rebel doskona\u0142ym wyborem na wieczorne wyj\u015bcia i wyj\u0105tkowe chwile. To zapach, kt\u00f3ry przyci\u0105ga uwag\u0119 i pozostaje w pami\u0119ci na d\u0142ugo.<\/p>\n<p><b>Nuty zapachowe:<br \/><\/b><br \/><b>Nuta g\u0142owy: <\/b>ananas, zielone jab\u0142ko, mandarynka<br \/><b>Nuta serca: <\/b>mech d\u0119bowy, cedr, wanilia<br \/><b>Nuta bazy: <\/b>suche drewno, ambra, karmel, pi\u017cmo<\/p>\n<p><strong>Gramatura:<\/strong> ml<br \/>\n<strong>Linia k\u0105pielowa:<\/strong> nie<br \/>\n<strong>Miniatura:<\/strong> nie<br \/>\n<strong>Nuta bazy:<\/strong> ambra, karmel, pi\u017cmo, suche drewno<br \/>\n<strong>Nuta g\u0142owy:<\/strong> ananas, mandarynka, zielone jab\u0142ko<br \/>\n<strong>Nuta g\u0142\u00f3wna:<\/strong> aromatyczne, owocowe<br \/>\n<strong>Nuta serca:<\/strong> cedr, mech d\u0119bowy, wanilia<br \/>\n<strong>Pojemno\u015b\u0107:<\/strong> 100<br \/>\n<strong>Produkt rzadki:<\/strong> nie<br \/>\n<strong>Pr\u00f3bka:<\/strong> nie<br \/>\n<strong>P\u0142e\u0107:<\/strong> unisex<br \/>\n<strong>Rodzaj:<\/strong> woda perfumowana<br \/>\n<strong>Tester:<\/strong> nie<br \/>\n<strong>Zapach alternatywny:<\/strong> nie<br \/>\n<strong>Zestaw:<\/strong> nie<\/p>\n<p><strong>Uwagi:<\/strong><\/p>\n<p>Produkt przechowywa\u0107 z dala od ognia i \u017ar\u00f3de\u0142 ciep\u0142a. Trzyma\u0107 w miejscu niedost\u0119pnym dla dzieci. Nie stosowa\u0107 na podra\u017cnion\u0105 lub uszkodzon\u0105 sk\u00f3r\u0119. Unika\u0107 kontaktu z oczami.<\/p>\n<p><strong>Sk\u0142adniki:<\/strong><\/p>\n<p>ALCOHOL DENAT, PARFUM, AQUA, ALPHA-ISOMETHYL IONONE, BENZYL SALICYLATE, CITRAL, CITRONELLOL, GERANIOL, LIMONENE, LINALOOL, FARNESOL, COUMARIN.<\/p>\n","protected":false},"excerpt":{"rendered":"<p> <strong>Gramatura:<\/strong> ml<br \/>  <strong>Linia k\u0105pielowa:<\/strong> nie<br \/>  <strong>Miniatura:<\/strong> nie<br \/>  <strong>Nuta bazy:<\/strong> ambra, karmel, pi\u017cmo, suche drewno<br \/>  <strong>Nuta g\u0142owy:<\/strong> ananas, mandarynka, zielone jab\u0142ko<br \/>  <strong>Nuta g\u0142\u00f3wna:<\/strong> aromatyczne, owocowe<br \/>  <strong>Nuta serca:<\/strong> cedr, mech d\u0119bowy, wanilia<br \/>  <strong>Pojemno\u015b\u0107:<\/strong> 100<br \/>  <strong>Produkt rzadki:<\/strong> nie<br \/>  <strong>Pr\u00f3bka:<\/strong> nie<br \/>  <strong>P\u0142e\u0107:<\/strong> unisex<br \/>  <strong>Rodzaj:<\/strong> woda perfumowana<br \/>  <strong>Tester:<\/strong> nie<br \/>  <strong>Zapach alternatywny:<\/strong> nie<br \/>  <strong>Zestaw:<\/strong> nie <\/p>\n","protected":false},"featured_media":44630,"comment_status":"open","ping_status":"closed","template":"","meta":{"_acf_changed":false},"kategoria-hurtowni":[87,88],"product_brand":[302],"product_cat":[76],"product_tag":[],"class_list":{"0":"post-44629","1":"product","2":"type-product","3":"status-publish","4":"has-post-thumbnail","6":"kategoria-hurtowni-perfumy","7":"kategoria-hurtowni-zapachy","8":"product_brand-afnan","9":"product_cat-primavera","11":"first","12":"outofstock","13":"taxable","14":"shipping-taxable","15":"product-type-simple"},"acf":[],"_links":{"self":[{"href":"https:\/\/premino.pl\/index.php?rest_route=\/wp\/v2\/product\/44629","targetHints":{"allow":["GET"]}}],"collection":[{"href":"https:\/\/premino.pl\/index.php?rest_route=\/wp\/v2\/product"}],"about":[{"href":"https:\/\/premino.pl\/index.php?rest_route=\/wp\/v2\/types\/product"}],"replies":[{"embeddable":true,"href":"https:\/\/premino.pl\/index.php?rest_route=%2Fwp%2Fv2%2Fcomments&post=44629"}],"wp:featuredmedia":[{"embeddable":true,"href":"https:\/\/premino.pl\/index.php?rest_route=\/wp\/v2\/media\/44630"}],"wp:attachment":[{"href":"https:\/\/premino.pl\/index.php?rest_route=%2Fwp%2Fv2%2Fmedia&parent=44629"}],"wp:term":[{"taxonomy":"kategoria-hurtowni","embeddable":true,"href":"https:\/\/premino.pl\/index.php?rest_route=%2Fwp%2Fv2%2Fkategoria-hurtowni&post=44629"},{"taxonomy":"product_brand","embeddable":true,"href":"https:\/\/premino.pl\/index.php?rest_route=%2Fwp%2Fv2%2Fproduct_brand&post=44629"},{"taxonomy":"product_cat","embeddable":true,"href":"https:\/\/premino.pl\/index.php?rest_route=%2Fwp%2Fv2%2Fproduct_cat&post=44629"},{"taxonomy":"product_tag","embeddable":true,"href":"https:\/\/premino.pl\/index.php?rest_route=%2Fwp%2Fv2%2Fproduct_tag&post=44629"}],"curies":[{"name":"wp","href":"https:\/\/api.w.org\/{rel}","templated":true}]}}