{"id":44631,"date":"2026-05-13T13:15:28","date_gmt":"2026-05-13T11:15:28","guid":{"rendered":"https:\/\/premino.pl\/?product=un-matin-dorage-woda-perfumowana-spray-50ml"},"modified":"2026-05-13T13:15:35","modified_gmt":"2026-05-13T11:15:35","slug":"un-matin-dorage-woda-perfumowana-spray-50ml","status":"publish","type":"product","link":"https:\/\/premino.pl\/?product=un-matin-dorage-woda-perfumowana-spray-50ml","title":{"rendered":"Un Matin d&#8217;Orage woda perfumowana spray 50ml"},"content":{"rendered":"<p>Powietrze, jeszcze przed chwil\u0105 g\u0119ste i duszne, nagle nabra\u0142o \u015bwie\u017co\u015bci, staj\u0105c si\u0119 niemal ch\u0142odne. Unosi si\u0119 w nim delikatny zapach deszczu, kt\u00f3ry dopiero co usta\u0142, oraz intensywny aromat magnolii i gardenii, wzmocniony wilgoci\u0105 mokrej ziemi. To prawdziwie magiczna chwila. Dla Camille Goutal i Isabelle Doyen to wspomnienie porannej burzy w t\u0119tni\u0105cym \u017cyciem japo\u0144skim ogrodzie.<\/p>\n<p><b>Nuty zapachowe:<br \/><\/b><br \/><b>Nuta g\u0142owy: <\/b>gardenia<br \/><b>Nuta serca: <\/b>tuberoza, magnolia<br \/><b>Nuta bazy: <\/b>drzewo gwajakowe, mirra, wanilia<\/p>\n<p><strong>Gramatura:<\/strong> ml<br \/>\n<strong>Linia k\u0105pielowa:<\/strong> nie<br \/>\n<strong>Miniatura:<\/strong> nie<br \/>\n<strong>Nuta bazy:<\/strong> drzewo gwajakowe, mirra, wanilia<br \/>\n<strong>Nuta g\u0142owy:<\/strong> gardenia<br \/>\n<strong>Nuta g\u0142\u00f3wna:<\/strong> kwiatowe, orientalne<br \/>\n<strong>Nuta serca:<\/strong> magnolia, tuberoza<br \/>\n<strong>Pojemno\u015b\u0107:<\/strong> 50<br \/>\n<strong>Produkt rzadki:<\/strong> tak<br \/>\n<strong>Pr\u00f3bka:<\/strong> nie<br \/>\n<strong>P\u0142e\u0107:<\/strong> damski<br \/>\n<strong>Rodzaj:<\/strong> woda perfumowana<br \/>\n<strong>Tester:<\/strong> nie<br \/>\n<strong>Zapach alternatywny:<\/strong> nie<\/p>\n<p><strong>Uwagi:<\/strong><\/p>\n<p>Produkt przechowywa\u0107 z dala od ognia i \u017ar\u00f3de\u0142 ciep\u0142a. Trzyma\u0107 w miejscu niedost\u0119pnym dla dzieci. Nie stosowa\u0107 na podra\u017cnion\u0105 lub uszkodzon\u0105 sk\u00f3r\u0119. Unika\u0107 kontaktu z oczami.<\/p>\n<p><strong>Sk\u0142adniki:<\/strong><\/p>\n<p>Alcohol Denat. &#8211; Parfum (Fragrance) &#8211; Aqua (Water\/Eau) &#8211; Benzyl salicylate &#8211; Linalool &#8211; Benzyl benzoate &#8211; Ethylhexyl Methoxycinnamate &#8211; Limonene &#8211; Hexyl cinnamal -Ethylhexyl Salicylate &#8211; Hydroxycitronellal &#8211; Butyl Methoxydibenzoylmethane &#8211; Farnesol &#8211; Alpha-Isomethyl Ionone &#8211; Geraniol &#8211; Eugenol &#8211; Benzyl alcohol &#8211; Citral &#8211; Isoeugenol &#8211; Citronellol &#8211; Citric Acid<\/p>\n","protected":false},"excerpt":{"rendered":"<p> <strong>Gramatura:<\/strong> ml<br \/>  <strong>Linia k\u0105pielowa:<\/strong> nie<br \/>  <strong>Miniatura:<\/strong> nie<br \/>  <strong>Nuta bazy:<\/strong> drzewo gwajakowe, mirra, wanilia<br \/>  <strong>Nuta g\u0142owy:<\/strong> gardenia<br \/>  <strong>Nuta g\u0142\u00f3wna:<\/strong> kwiatowe, orientalne<br \/>  <strong>Nuta serca:<\/strong> magnolia, tuberoza<br \/>  <strong>Pojemno\u015b\u0107:<\/strong> 50<br \/>  <strong>Produkt rzadki:<\/strong> tak<br \/>  <strong>Pr\u00f3bka:<\/strong> nie<br \/>  <strong>P\u0142e\u0107:<\/strong> damski<br \/>  <strong>Rodzaj:<\/strong> woda perfumowana<br \/>  <strong>Tester:<\/strong> nie<br \/>  <strong>Zapach alternatywny:<\/strong> nie <\/p>\n","protected":false},"featured_media":44632,"comment_status":"open","ping_status":"closed","template":"","meta":{"_acf_changed":false},"kategoria-hurtowni":[87,88],"product_brand":[263],"product_cat":[76],"product_tag":[],"class_list":{"0":"post-44631","1":"product","2":"type-product","3":"status-publish","4":"has-post-thumbnail","6":"kategoria-hurtowni-perfumy","7":"kategoria-hurtowni-zapachy","8":"product_brand-goutal","9":"product_cat-primavera","11":"first","12":"outofstock","13":"taxable","14":"shipping-taxable","15":"product-type-simple"},"acf":[],"_links":{"self":[{"href":"https:\/\/premino.pl\/index.php?rest_route=\/wp\/v2\/product\/44631","targetHints":{"allow":["GET"]}}],"collection":[{"href":"https:\/\/premino.pl\/index.php?rest_route=\/wp\/v2\/product"}],"about":[{"href":"https:\/\/premino.pl\/index.php?rest_route=\/wp\/v2\/types\/product"}],"replies":[{"embeddable":true,"href":"https:\/\/premino.pl\/index.php?rest_route=%2Fwp%2Fv2%2Fcomments&post=44631"}],"wp:featuredmedia":[{"embeddable":true,"href":"https:\/\/premino.pl\/index.php?rest_route=\/wp\/v2\/media\/44632"}],"wp:attachment":[{"href":"https:\/\/premino.pl\/index.php?rest_route=%2Fwp%2Fv2%2Fmedia&parent=44631"}],"wp:term":[{"taxonomy":"kategoria-hurtowni","embeddable":true,"href":"https:\/\/premino.pl\/index.php?rest_route=%2Fwp%2Fv2%2Fkategoria-hurtowni&post=44631"},{"taxonomy":"product_brand","embeddable":true,"href":"https:\/\/premino.pl\/index.php?rest_route=%2Fwp%2Fv2%2Fproduct_brand&post=44631"},{"taxonomy":"product_cat","embeddable":true,"href":"https:\/\/premino.pl\/index.php?rest_route=%2Fwp%2Fv2%2Fproduct_cat&post=44631"},{"taxonomy":"product_tag","embeddable":true,"href":"https:\/\/premino.pl\/index.php?rest_route=%2Fwp%2Fv2%2Fproduct_tag&post=44631"}],"curies":[{"name":"wp","href":"https:\/\/api.w.org\/{rel}","templated":true}]}}