{"id":44633,"date":"2026-05-13T13:15:28","date_gmt":"2026-05-13T11:15:28","guid":{"rendered":"https:\/\/premino.pl\/?product=etoile-dune-nuit-woda-perfumowana-spray-50ml"},"modified":"2026-05-13T13:15:35","modified_gmt":"2026-05-13T11:15:35","slug":"etoile-dune-nuit-woda-perfumowana-spray-50ml","status":"publish","type":"product","link":"https:\/\/premino.pl\/?product=etoile-dune-nuit-woda-perfumowana-spray-50ml","title":{"rendered":"Etoile d&#8217;une Nuit woda perfumowana spray 50ml"},"content":{"rendered":"<p>Etoile d&#8217;une Nuit to zmys\u0142owy zapach, kt\u00f3ry otula bogat\u0105 tekstur\u0105 i przywo\u0142uje atmosfer\u0119 magicznych moment\u00f3w, gdy czar staje si\u0119 rzeczywisto\u015bci\u0105. Esencja elegancji i kobieco\u015bci.<\/p>\n<p><b>Nuty zapachowe:<br \/><\/b><br \/><b>Nuta g\u0142owy: <\/b>je\u017cyna, bergamotka, w\u0142oska mandarynka<br \/><b>Nuta serca: <\/b>irys, r\u00f3\u017ca, egipski ja\u015bmin<br \/><b>Nuta bazy: <\/b>pi\u017cmo, drzewo kaszmirowe, wanilia<\/p>\n<p><strong>Gramatura:<\/strong> ml<br \/>\n<strong>Linia k\u0105pielowa:<\/strong> nie<br \/>\n<strong>Miniatura:<\/strong> nie<br \/>\n<strong>Nuta bazy:<\/strong> drzewo kaszmirowe, pi\u017cmo, wanilia<br \/>\n<strong>Nuta g\u0142owy:<\/strong> bergamotka, je\u017cyna, w\u0142oska mandarynka<br \/>\n<strong>Nuta g\u0142\u00f3wna:<\/strong> kwiatowe, owocowe<br \/>\n<strong>Nuta serca:<\/strong> egipski ja\u015bmin, irys, r\u00f3\u017ca<br \/>\n<strong>Pojemno\u015b\u0107:<\/strong> 50<br \/>\n<strong>Produkt rzadki:<\/strong> tak<br \/>\n<strong>Pr\u00f3bka:<\/strong> nie<br \/>\n<strong>P\u0142e\u0107:<\/strong> damski<br \/>\n<strong>Rodzaj:<\/strong> woda perfumowana<br \/>\n<strong>Tester:<\/strong> nie<br \/>\n<strong>Zapach alternatywny:<\/strong> nie<\/p>\n<p><strong>Uwagi:<\/strong><\/p>\n<p>Przechowywa\u0107 z dala od ognia i \u017ar\u00f3de\u0142 ciep\u0142a. Trzyma\u0107 w miejscu niedost\u0119pnym dla dzieci. Nie stosowa\u0107 na podra\u017cnion\u0105 lub uszkodzon\u0105 sk\u00f3r\u0119. Unika\u0107 kontaktu z oczami.<\/p>\n<p><strong>Sk\u0142adniki:<\/strong><\/p>\n<p>Alcohol Denat. &#8211; Parfum (Fragrance) &#8211; Aqua (Water\/Eau) &#8211; Ethylhexyl Methoxycinnamate &#8211; BHT &#8211; Diethylamino Hydroxybenzoyl &#8211; Hexyl Benzoate &#8211; Alcohol &#8211; Citric Acid &#8211; Tris (Tetramethylhydroxypiperidinol) &#8211; Citrate &#8211; Benzyl Benzoate &#8211; Cinnamyl Alcohol &#8211; Citral &#8211; Citronellol &#8211; Geraniol &#8211; Limonene &#8211; Linalool &#8211; Alpha-Isomethyl Ionone<\/p>\n","protected":false},"excerpt":{"rendered":"<p> <strong>Gramatura:<\/strong> ml<br \/>  <strong>Linia k\u0105pielowa:<\/strong> nie<br \/>  <strong>Miniatura:<\/strong> nie<br \/>  <strong>Nuta bazy:<\/strong> drzewo kaszmirowe, pi\u017cmo, wanilia<br \/>  <strong>Nuta g\u0142owy:<\/strong> bergamotka, je\u017cyna, w\u0142oska mandarynka<br \/>  <strong>Nuta g\u0142\u00f3wna:<\/strong> kwiatowe, owocowe<br \/>  <strong>Nuta serca:<\/strong> egipski ja\u015bmin, irys, r\u00f3\u017ca<br \/>  <strong>Pojemno\u015b\u0107:<\/strong> 50<br \/>  <strong>Produkt rzadki:<\/strong> tak<br \/>  <strong>Pr\u00f3bka:<\/strong> nie<br \/>  <strong>P\u0142e\u0107:<\/strong> damski<br \/>  <strong>Rodzaj:<\/strong> woda perfumowana<br \/>  <strong>Tester:<\/strong> nie<br \/>  <strong>Zapach alternatywny:<\/strong> nie <\/p>\n","protected":false},"featured_media":44634,"comment_status":"open","ping_status":"closed","template":"","meta":{"_acf_changed":false},"kategoria-hurtowni":[87,88],"product_brand":[263],"product_cat":[76],"product_tag":[],"class_list":{"0":"post-44633","1":"product","2":"type-product","3":"status-publish","4":"has-post-thumbnail","6":"kategoria-hurtowni-perfumy","7":"kategoria-hurtowni-zapachy","8":"product_brand-goutal","9":"product_cat-primavera","11":"first","12":"outofstock","13":"taxable","14":"shipping-taxable","15":"product-type-simple"},"acf":[],"_links":{"self":[{"href":"https:\/\/premino.pl\/index.php?rest_route=\/wp\/v2\/product\/44633","targetHints":{"allow":["GET"]}}],"collection":[{"href":"https:\/\/premino.pl\/index.php?rest_route=\/wp\/v2\/product"}],"about":[{"href":"https:\/\/premino.pl\/index.php?rest_route=\/wp\/v2\/types\/product"}],"replies":[{"embeddable":true,"href":"https:\/\/premino.pl\/index.php?rest_route=%2Fwp%2Fv2%2Fcomments&post=44633"}],"wp:featuredmedia":[{"embeddable":true,"href":"https:\/\/premino.pl\/index.php?rest_route=\/wp\/v2\/media\/44634"}],"wp:attachment":[{"href":"https:\/\/premino.pl\/index.php?rest_route=%2Fwp%2Fv2%2Fmedia&parent=44633"}],"wp:term":[{"taxonomy":"kategoria-hurtowni","embeddable":true,"href":"https:\/\/premino.pl\/index.php?rest_route=%2Fwp%2Fv2%2Fkategoria-hurtowni&post=44633"},{"taxonomy":"product_brand","embeddable":true,"href":"https:\/\/premino.pl\/index.php?rest_route=%2Fwp%2Fv2%2Fproduct_brand&post=44633"},{"taxonomy":"product_cat","embeddable":true,"href":"https:\/\/premino.pl\/index.php?rest_route=%2Fwp%2Fv2%2Fproduct_cat&post=44633"},{"taxonomy":"product_tag","embeddable":true,"href":"https:\/\/premino.pl\/index.php?rest_route=%2Fwp%2Fv2%2Fproduct_tag&post=44633"}],"curies":[{"name":"wp","href":"https:\/\/api.w.org\/{rel}","templated":true}]}}