{"id":44855,"date":"2026-05-13T13:16:44","date_gmt":"2026-05-13T11:16:44","guid":{"rendered":"https:\/\/premino.pl\/?product=axonnite-silver-srebro-koloidalne-200ml"},"modified":"2026-05-13T13:16:47","modified_gmt":"2026-05-13T11:16:47","slug":"axonnite-silver-srebro-koloidalne-200ml","status":"publish","type":"product","link":"https:\/\/premino.pl\/?product=axonnite-silver-srebro-koloidalne-200ml","title":{"rendered":"Axonnite Silver srebro koloidalne 200ml"},"content":{"rendered":"<p>Nanokoloid srebra aXonnite\u00ae Silver wykazuje w\u0142a\u015bciwo\u015bci antybakteryjne i antygrzybiczne, dzi\u0119ki czemu znajduje zastosowanie nie tylko w piel\u0119gnacji sk\u00f3ry, ale r\u00f3wnie\u017c przy dezynfekcji r\u00f3\u017cnych powierzchni, przedmiot\u00f3w i miejsc u\u017cytkowych. Preparat mo\u017ce pom\u00f3c w ograniczaniu obecno\u015bci bakterii, wirus\u00f3w oraz grzyb\u00f3w, tak\u017ce w trudno dost\u0119pnych przestrzeniach.<\/p>\n<p>aXonnite\u00ae Silver sprawdza si\u0119 r\u00f3wnie\u017c w usuwaniu alergen\u00f3w, takich jak roztocza \u2013 mo\u017ce by\u0107 stosowany np. do spryskiwania po\u015bcieli.<\/p>\n<p><b>Srebrna woda aXonnite\u00ae Silver mo\u017ce by\u0107 stosowana zewn\u0119trznie w przypadku:<\/b><br \/>\u2022 r\u00f3\u017cnego rodzaju zmian i problem\u00f3w sk\u00f3rnych, takich jak grzybica, opryszczka, tr\u0105dzik czy wysypka,<br \/>\u2022 drobnych uszkodze\u0144 sk\u00f3ry, np. po oparzeniach,<br \/>\u2022 uk\u0105sze\u0144 owad\u00f3w,<br \/>\u2022 stan\u00f3w zapalnych sk\u00f3ry oraz okolic oczu i uszu,<br \/>\u2022 ospy wietrznej,<br \/>\u2022 dolegliwo\u015bci reumatycznych.<\/p>\n<p><\/p>\n<p><strong>P\u0142e\u0107:<\/strong> unisex<\/p>\n<p><strong>Uwagi:<\/strong><\/p>\n<p>Unika\u0107 kontaktu z oczami i b\u0142onami \u015bluzowymi. W przypadku dostania si\u0119 produktu do oczu \u2013 przemy\u0107 je du\u017c\u0105 ilo\u015bci\u0105 wody. Nie stosowa\u0107 na otwarte rany, uszkodzon\u0105 lub silnie podra\u017cnion\u0105 sk\u00f3r\u0119 bez konsultacji ze specjalist\u0105. Przed pierwszym u\u017cyciem zaleca si\u0119 wykonanie pr\u00f3by uczuleniowej na niewielkim fragmencie sk\u00f3ry. W przypadku wyst\u0105pienia podra\u017cnienia, pieczenia lub reakcji alergicznej przerwa\u0107 stosowanie i skonsultowa\u0107 si\u0119 z lekarzem. Przechowywa\u0107 w miejscu niedost\u0119pnym dla dzieci. Przechowywa\u0107 w temperaturze pokojowej, z dala od bezpo\u015bredniego \u015bwiat\u0142a s\u0142onecznego. Nie stosowa\u0107 po up\u0142ywie terminu wa\u017cno\u015bci.<\/p>\n<p><strong>Sk\u0142adniki:<\/strong><\/p>\n<p>cz\u0105stki srebra metalicznego 4 N, woda demineralizowana<\/p>\n","protected":false},"excerpt":{"rendered":"<p> <strong>P\u0142e\u0107:<\/strong> unisex <\/p>\n","protected":false},"featured_media":44856,"comment_status":"open","ping_status":"closed","template":"","meta":{"_acf_changed":false},"kategoria-hurtowni":[205],"product_brand":[562],"product_cat":[76],"product_tag":[],"class_list":{"0":"post-44855","1":"product","2":"type-product","3":"status-publish","4":"has-post-thumbnail","6":"kategoria-hurtowni-zdrowie","7":"product_brand-nano-tech","8":"product_cat-primavera","10":"first","11":"outofstock","12":"taxable","13":"shipping-taxable","14":"product-type-simple"},"acf":[],"_links":{"self":[{"href":"https:\/\/premino.pl\/index.php?rest_route=\/wp\/v2\/product\/44855","targetHints":{"allow":["GET"]}}],"collection":[{"href":"https:\/\/premino.pl\/index.php?rest_route=\/wp\/v2\/product"}],"about":[{"href":"https:\/\/premino.pl\/index.php?rest_route=\/wp\/v2\/types\/product"}],"replies":[{"embeddable":true,"href":"https:\/\/premino.pl\/index.php?rest_route=%2Fwp%2Fv2%2Fcomments&post=44855"}],"wp:featuredmedia":[{"embeddable":true,"href":"https:\/\/premino.pl\/index.php?rest_route=\/wp\/v2\/media\/44856"}],"wp:attachment":[{"href":"https:\/\/premino.pl\/index.php?rest_route=%2Fwp%2Fv2%2Fmedia&parent=44855"}],"wp:term":[{"taxonomy":"kategoria-hurtowni","embeddable":true,"href":"https:\/\/premino.pl\/index.php?rest_route=%2Fwp%2Fv2%2Fkategoria-hurtowni&post=44855"},{"taxonomy":"product_brand","embeddable":true,"href":"https:\/\/premino.pl\/index.php?rest_route=%2Fwp%2Fv2%2Fproduct_brand&post=44855"},{"taxonomy":"product_cat","embeddable":true,"href":"https:\/\/premino.pl\/index.php?rest_route=%2Fwp%2Fv2%2Fproduct_cat&post=44855"},{"taxonomy":"product_tag","embeddable":true,"href":"https:\/\/premino.pl\/index.php?rest_route=%2Fwp%2Fv2%2Fproduct_tag&post=44855"}],"curies":[{"name":"wp","href":"https:\/\/api.w.org\/{rel}","templated":true}]}}