{"id":44867,"date":"2026-05-13T13:16:44","date_gmt":"2026-05-13T11:16:44","guid":{"rendered":"https:\/\/premino.pl\/?product=med-gold-skin-repair-krem-ze-zlotem-axonnite-50ml"},"modified":"2026-05-13T13:16:49","modified_gmt":"2026-05-13T11:16:49","slug":"med-gold-skin-repair-krem-ze-zlotem-axonnite-50ml","status":"publish","type":"product","link":"https:\/\/premino.pl\/?product=med-gold-skin-repair-krem-ze-zlotem-axonnite-50ml","title":{"rendered":"Med Gold Skin Repair krem ze z\u0142otem Axonnite 50ml"},"content":{"rendered":"<p>Krem to innowacyjna formu\u0142a z dodatkiem z\u0142ota aXonnite\u00ae, stworzona z my\u015bl\u0105 o wsparciu piel\u0119gnacji i regeneracji sk\u00f3ry, r\u00f3wnie\u017c po zabiegach kosmetycznych. Z\u0142oto aXonnite\u00ae w po\u0142\u0105czeniu z witamin\u0105 E oraz kwasem hialuronowym wspomaga piel\u0119gnacj\u0119 nask\u00f3rka, poprawiaj\u0105c jego elastyczno\u015b\u0107 i komfort.<\/p>\n<p>Formu\u0142a sprzyja regeneracji sk\u00f3ry oraz pomaga zmniejszy\u0107 widoczno\u015b\u0107 niedoskona\u0142o\u015bci, takich jak blizny po zabiegach czy oparzeniach. Zawarte w kremie srebro aXonnite\u00ae wspiera ochron\u0119 sk\u00f3ry przed bakteriami, a jego unikalne po\u0142\u0105czenie z fomblinem\u00ae pomaga tworzy\u0107 barier\u0119 chroni\u0105c\u0105 sk\u00f3r\u0119 przed niekorzystnym wp\u0142ywem czynnik\u00f3w zewn\u0119trznych.<\/p>\n<p>Krem wspomaga \u0142agodzenie podra\u017cnie\u0144 i stan\u00f3w zapalnych sk\u00f3ry, takich jak tr\u0105dzik czy sk\u00f3ra sk\u0142onna do atopii. Dodatek olejku makadamia pomaga chroni\u0107 sk\u00f3r\u0119 przed wolnymi rodnikami, wspiera naturalne procesy odnowy, chroni przed negatywnym wp\u0142ywem promieniowania UV oraz intensywnie nawil\u017ca i uelastycznia sk\u00f3r\u0119.\u00a0<\/p>\n<p><b>Spos\u00f3b u\u017cycia:<\/b>\u00a0nanosi\u0107 na sk\u00f3r\u0119 ze zmianami minimum 2-3 razy dziennie lub przy zmianie opatrunku.<\/p>\n<p><strong>Dzia\u0142anie:<\/strong> nawil\u017caj\u0105ce, regeneruje, wyg\u0142adza<br \/>\n<strong>Gramatura:<\/strong> ml<br \/>\n<strong>Konsystencja:<\/strong> krem<br \/>\n<strong>Linie elitarne:<\/strong> nie<br \/>\n<strong>Lokalizacja:<\/strong> ca\u0142e cia\u0142o<br \/>\n<strong>Piel\u0119gnacja cia\u0142a:<\/strong> tak<br \/>\n<strong>Pojemno\u015b\u0107:<\/strong> 50<br \/>\n<strong>P\u0142e\u0107:<\/strong> unisex<\/p>\n<p><strong>Uwagi:<\/strong><\/p>\n<p>Unika\u0107 kontaktu z oczami.<\/p>\n<p><strong>Sk\u0142adniki:<\/strong><\/p>\n<p>Aqua, Panthenol, Caprylic\/Capric Triglyceride, Tocopheryl Acetate, Isoamyl Cocoate, Glycerin, Macadamia Ternifolia Seed Oil, Glyceryl Stearate Citrate, Cetearyl Alcohol, Butyrospermum Parkii (Shea) Butter, Hydrolyzed Hyaluronic Acid, aXonnite Copper, aXonnite Gold, aXonnite Silver, Dimethicone, Acrylates\/C10-30 Alkyl Acrylate Crosspolymer, Polyperfluoromethylisopropyl Ether, Triethanolamine, Parfum.<\/p>\n","protected":false},"excerpt":{"rendered":"<p> <strong>Dzia\u0142anie:<\/strong> nawil\u017caj\u0105ce, regeneruje, wyg\u0142adza<br \/>  <strong>Gramatura:<\/strong> ml<br \/>  <strong>Konsystencja:<\/strong> krem<br \/>  <strong>Linie elitarne:<\/strong> nie<br \/>  <strong>Lokalizacja:<\/strong> ca\u0142e cia\u0142o<br \/>  <strong>Piel\u0119gnacja cia\u0142a:<\/strong> tak<br \/>  <strong>Pojemno\u015b\u0107:<\/strong> 50<br \/>  <strong>P\u0142e\u0107:<\/strong> unisex <\/p>\n","protected":false},"featured_media":44868,"comment_status":"open","ping_status":"closed","template":"","meta":{"_acf_changed":false},"kategoria-hurtowni":[90,91],"product_brand":[565],"product_cat":[76],"product_tag":[],"class_list":{"0":"post-44867","1":"product","2":"type-product","3":"status-publish","4":"has-post-thumbnail","6":"kategoria-hurtowni-pielegnacja","7":"kategoria-hurtowni-pielegnacja-ciala","8":"product_brand-nanobiotic","9":"product_cat-primavera","11":"first","12":"outofstock","13":"taxable","14":"shipping-taxable","15":"product-type-simple"},"acf":[],"_links":{"self":[{"href":"https:\/\/premino.pl\/index.php?rest_route=\/wp\/v2\/product\/44867","targetHints":{"allow":["GET"]}}],"collection":[{"href":"https:\/\/premino.pl\/index.php?rest_route=\/wp\/v2\/product"}],"about":[{"href":"https:\/\/premino.pl\/index.php?rest_route=\/wp\/v2\/types\/product"}],"replies":[{"embeddable":true,"href":"https:\/\/premino.pl\/index.php?rest_route=%2Fwp%2Fv2%2Fcomments&post=44867"}],"wp:featuredmedia":[{"embeddable":true,"href":"https:\/\/premino.pl\/index.php?rest_route=\/wp\/v2\/media\/44868"}],"wp:attachment":[{"href":"https:\/\/premino.pl\/index.php?rest_route=%2Fwp%2Fv2%2Fmedia&parent=44867"}],"wp:term":[{"taxonomy":"kategoria-hurtowni","embeddable":true,"href":"https:\/\/premino.pl\/index.php?rest_route=%2Fwp%2Fv2%2Fkategoria-hurtowni&post=44867"},{"taxonomy":"product_brand","embeddable":true,"href":"https:\/\/premino.pl\/index.php?rest_route=%2Fwp%2Fv2%2Fproduct_brand&post=44867"},{"taxonomy":"product_cat","embeddable":true,"href":"https:\/\/premino.pl\/index.php?rest_route=%2Fwp%2Fv2%2Fproduct_cat&post=44867"},{"taxonomy":"product_tag","embeddable":true,"href":"https:\/\/premino.pl\/index.php?rest_route=%2Fwp%2Fv2%2Fproduct_tag&post=44867"}],"curies":[{"name":"wp","href":"https:\/\/api.w.org\/{rel}","templated":true}]}}