{"id":45165,"date":"2026-05-13T13:18:18","date_gmt":"2026-05-13T11:18:18","guid":{"rendered":"https:\/\/premino.pl\/?product=green-flash-nail-polish-lakier-do-paznokci-peonie-15ml"},"modified":"2026-05-13T13:18:29","modified_gmt":"2026-05-13T11:18:29","slug":"green-flash-nail-polish-lakier-do-paznokci-peonie-15ml","status":"publish","type":"product","link":"https:\/\/premino.pl\/?product=green-flash-nail-polish-lakier-do-paznokci-peonie-15ml","title":{"rendered":"Green Flash Nail Polish lakier do paznokci Peonie 15ml"},"content":{"rendered":"<p>Linia GREEN FLASH to \u201ezielona\u201d alternatywa dla tradycyjnych lakier\u00f3w \u017celowych, stworzona z my\u015bl\u0105 o prostym i perfekcyjnym manicure w domowym zaciszu. Lakiery z tej serii nie zawieraj\u0105 szkodliwych substancji chemicznych, dzi\u0119ki czemu s\u0105 delikatne dla paznokci, a jednocze\u015bnie zapewniaj\u0105 wyj\u0105tkow\u0105 trwa\u0142o\u015b\u0107. To idealne rozwi\u0105zanie dla os\u00f3b, kt\u00f3re chc\u0105 cieszy\u0107 si\u0119 pi\u0119knymi, zdrowymi paznokciami bez kompromis\u00f3w.<\/p>\n<p>Formu\u0142a GREEN FLASH jest wolna od substancji szkodliwych dla paznokci i \u015brodowiska, takich jak zwi\u0105zki zaburzaj\u0105ce gospodark\u0119 hormonaln\u0105, substancje CMR, uczulaj\u0105ce monomery czy hydrochinony.<\/p>\n<p><b>Dlaczego warto wybra\u0107 GREEN FLASH?<br \/><\/b>\u2022 Usuwanie w zaledwie 1 minut\u0119 \u2013 bez u\u017cycia acetonu<br \/>\u2022 Intensywna, pi\u0119kna pigmentacja<br \/>\u2022 Profesjonalny p\u0119dzel zapewniaj\u0105cy precyzyjn\u0105 aplikacj\u0119<br \/>\u2022 Trwa\u0142o\u015b\u0107, kolor i po\u0142ysk nawet do 12 dni<br \/>\u2022 Wega\u0144ska formu\u0142a z wysok\u0105 zawarto\u015bci\u0105 sk\u0142adnik\u00f3w pochodzenia naturalnego<br \/>\u2022 Bez substancji zaburzaj\u0105cych gospodark\u0119 hormonaln\u0105<\/p>\n<p><b>Zalecany spos\u00f3b u\u017cycia:<br \/><\/b>Krok 1 \u2013 Przygotowanie paznokci: Odt\u0142u\u015b\u0107 paznokcie za pomoc\u0105 Green Flash Remover.<br \/>Krok 2 \u2013 Baza: Na\u0142\u00f3\u017c Green Flash Base Coat na p\u0142ytk\u0119 paznokcia, zabezpieczaj\u0105c wolny brzeg. Utward\u017a w lampie LED 18W\/24W przez 2 minuty lub w lampie LED 36W przez 1 minut\u0119.<br \/>Krok 3 \u2013 Kolor: Na\u0142\u00f3\u017c cienk\u0105 warstw\u0119 wybranego koloru Green Flash, zabezpiecz wolny brzeg i utward\u017a w lampie LED 18W\/24W przez 2 minuty lub LED 36W przez 1 minut\u0119. Powt\u00f3rz aplikacj\u0119.<br \/>Krok 4 \u2013 Top Coat: Na\u0142\u00f3\u017c Green Flash Top Coat, r\u00f3wnie\u017c na wolny brzeg paznokcia. Utward\u017a w lampie LED 18W\/24W przez 3 minuty lub LED 36W przez 2 minuty.<\/p>\n<p><strong>Gramatura:<\/strong> ml<br \/>\n<strong>Kolor:<\/strong> Peonie<br \/>\n<strong>Pojemno\u015b\u0107:<\/strong> 15<br \/>\n<strong>P\u0142e\u0107:<\/strong> damski<br \/>\n<strong>S\u0142o\u0144ce:<\/strong> nie<\/p>\n<p><strong>Uwagi:<\/strong><\/p>\n<p>Nie stosowa\u0107 w pobli\u017cu ognia. Przechowywa\u0107 poza zasi\u0119giem dzieci. Nie pali\u0107. Nie wdycha\u0107 opar\u00f3w. Nie po\u0142yka\u0107.<\/p>\n<p><strong>Sk\u0142adniki:<\/strong><\/p>\n<p>ethyl acetate, butyl acetate, nitrocellulose, hydroxyethyl acrylate\/IPDI\/PPG-15 glyceryl ether copolymer, acetyl tributyl citrate, isopropyl alcohol, bis-HEMA poly(1,4-butanediol)-9\/IPDI copolymer, bis(glycidoxyphenyl)propane\/bisaminomet hylnorbornane copolymer, stearalkonium bentonite, CI 77891 (titanium dioxide), diacetone alcohol, silica, ethyl trimethylbenzoyl phenylphosphinate, fluorescent brightener 230, BHT, phosphoric acid, aluminum hydroxide, CI 60725 (violet 2), CI 19140 (yellow 5 lake)<\/p>\n","protected":false},"excerpt":{"rendered":"<p> <strong>Gramatura:<\/strong> ml<br \/>  <strong>Kolor:<\/strong> Peonie<br \/>  <strong>Pojemno\u015b\u0107:<\/strong> 15<br \/>  <strong>P\u0142e\u0107:<\/strong> damski<br \/>  <strong>S\u0142o\u0144ce:<\/strong> nie <\/p>\n","protected":false},"featured_media":45166,"comment_status":"open","ping_status":"closed","template":"","meta":{"_acf_changed":false},"kategoria-hurtowni":[278,83,174],"product_brand":[319],"product_cat":[76],"product_tag":[],"class_list":{"0":"post-45165","1":"product","2":"type-product","3":"status-publish","4":"has-post-thumbnail","6":"kategoria-hurtowni-lakiery","7":"kategoria-hurtowni-makijaz","8":"kategoria-hurtowni-makijaz-paznokcie","9":"product_brand-manucurist","10":"product_cat-primavera","12":"first","13":"outofstock","14":"taxable","15":"shipping-taxable","16":"product-type-simple"},"acf":[],"_links":{"self":[{"href":"https:\/\/premino.pl\/index.php?rest_route=\/wp\/v2\/product\/45165","targetHints":{"allow":["GET"]}}],"collection":[{"href":"https:\/\/premino.pl\/index.php?rest_route=\/wp\/v2\/product"}],"about":[{"href":"https:\/\/premino.pl\/index.php?rest_route=\/wp\/v2\/types\/product"}],"replies":[{"embeddable":true,"href":"https:\/\/premino.pl\/index.php?rest_route=%2Fwp%2Fv2%2Fcomments&post=45165"}],"wp:featuredmedia":[{"embeddable":true,"href":"https:\/\/premino.pl\/index.php?rest_route=\/wp\/v2\/media\/45166"}],"wp:attachment":[{"href":"https:\/\/premino.pl\/index.php?rest_route=%2Fwp%2Fv2%2Fmedia&parent=45165"}],"wp:term":[{"taxonomy":"kategoria-hurtowni","embeddable":true,"href":"https:\/\/premino.pl\/index.php?rest_route=%2Fwp%2Fv2%2Fkategoria-hurtowni&post=45165"},{"taxonomy":"product_brand","embeddable":true,"href":"https:\/\/premino.pl\/index.php?rest_route=%2Fwp%2Fv2%2Fproduct_brand&post=45165"},{"taxonomy":"product_cat","embeddable":true,"href":"https:\/\/premino.pl\/index.php?rest_route=%2Fwp%2Fv2%2Fproduct_cat&post=45165"},{"taxonomy":"product_tag","embeddable":true,"href":"https:\/\/premino.pl\/index.php?rest_route=%2Fwp%2Fv2%2Fproduct_tag&post=45165"}],"curies":[{"name":"wp","href":"https:\/\/api.w.org\/{rel}","templated":true}]}}