{"id":45575,"date":"2026-05-13T13:20:21","date_gmt":"2026-05-13T11:20:21","guid":{"rendered":"https:\/\/premino.pl\/?product=glitterally-brokatowy-eyeliner-do-powiek-3-3g"},"modified":"2026-05-13T13:20:23","modified_gmt":"2026-05-13T11:20:23","slug":"glitterally-brokatowy-eyeliner-do-powiek-3-3g","status":"publish","type":"product","link":"https:\/\/premino.pl\/?product=glitterally-brokatowy-eyeliner-do-powiek-3-3g","title":{"rendered":"Glitterally brokatowy eyeliner do powiek 3 3g"},"content":{"rendered":"<p>Glitterally to eyeliner, kt\u00f3ry mieni si\u0119 tysi\u0105cem drobinek, nadaj\u0105c spojrzeniu spektakularny, sceniczny blask. Odbija \u015bwiat\u0142o tak, \u017ce Twoje oczy staj\u0105 si\u0119 prawdziwym centrum uwagi! Intensywnie brokatowa formu\u0142a zapewnia ol\u015bniewaj\u0105cy po\u0142ysk, a precyzyjny aplikator pozwala stworzy\u0107 zar\u00f3wno delikatn\u0105 lini\u0119, jak i wyraziste, kreatywne wzory, dodaj\u0105c g\u0142\u0119bi i dramatyzmu ka\u017cdemu makija\u017cowi. Eyeliner szybko zastyga i utrzymuje si\u0119 na powiece przez wiele godzin, bez kruszenia i rozmazywania. Gotowa na pe\u0142en glam? Czas zab\u0142ysn\u0105\u0107 jak nigdy dot\u0105d!<\/p>\n<p><strong>Forma podania:<\/strong> p\u0119dzel<br \/>\n<strong>Gramatura:<\/strong> g<br \/>\n<strong>Kolor:<\/strong> 3<br \/>\n<strong>Pojemno\u015b\u0107:<\/strong> 3<br \/>\n<strong>P\u0142e\u0107:<\/strong> damski<br \/>\n<strong>S\u0142o\u0144ce:<\/strong> nie<\/p>\n<p><strong>Uwagi:<\/strong><\/p>\n<p>Produkt kosmetyczny, nie do spo\u017cycia.<\/p>\n<p><strong>Sk\u0142adniki:<\/strong><\/p>\n<p>1: Aqua, Glycerin, Polyethylene Terephthalate, VP\/VA Copolymer, Calcium Sodium Borosilicate, Phenoxyethanol, Ammonium Polyacryloyldimethyl Taurate, Isobutylphenoxy Epoxy Resin, Polyurethane-33, Ethylhexylglycerin, Tin Oxide, T-Butyl Alcohol, CI 77820, CI 77000.<br \/>2: Aqua, Glycerin, Polyethylene Terephthalate, Calcium Sodium Borosilicate, VP\/VA Copolymer, Phenoxyethanol, Ammonium Polyacryloyldimethyl Taurate, Polyurethane-33, Isobutylphenoxy Epoxy Resin, Ethylhexylglycerin, Polyurethane-11, Tin Oxide, Acrylates Copolymer, T-Butyl Alcohol, CI 77891, CI 77820, CI 15850, CI 77000, CI 15880, CI 19140.<br \/>3: Aqua, Glycerin, Polyethylene Terephthalate, VP\/VA Copolymer, Calcium Sodium Borosilicate, Calcium Aluminum Borosilicate, Phenoxyethanol, Ammonium Polyacryloyldimethyl Taurate, Polyurethane-33, Isobutylphenoxy Epoxy Resin, Silica, Ethylhexylglycerin, Tin Oxide, Polyurethane-11, Acrylates Copolymer, T-Butyl Alcohol, CI 77891, CI 77491, CI 15850, CI 19140, CI 77000.<\/p>\n","protected":false},"excerpt":{"rendered":"<p> <strong>Forma podania:<\/strong> p\u0119dzel<br \/>  <strong>Gramatura:<\/strong> g<br \/>  <strong>Kolor:<\/strong> 3<br \/>  <strong>Pojemno\u015b\u0107:<\/strong> 3<br \/>  <strong>P\u0142e\u0107:<\/strong> damski<br \/>  <strong>S\u0142o\u0144ce:<\/strong> nie <\/p>\n","protected":false},"featured_media":45576,"comment_status":"open","ping_status":"closed","template":"","meta":{"_acf_changed":false},"kategoria-hurtowni":[179,83,126],"product_brand":[188],"product_cat":[76],"product_tag":[],"class_list":{"0":"post-45575","1":"product","2":"type-product","3":"status-publish","4":"has-post-thumbnail","6":"kategoria-hurtowni-eyeliner","7":"kategoria-hurtowni-makijaz","8":"kategoria-hurtowni-makijaz-oczy","9":"product_brand-wibo","10":"product_cat-primavera","12":"first","13":"outofstock","14":"taxable","15":"shipping-taxable","16":"product-type-simple"},"acf":[],"_links":{"self":[{"href":"https:\/\/premino.pl\/index.php?rest_route=\/wp\/v2\/product\/45575","targetHints":{"allow":["GET"]}}],"collection":[{"href":"https:\/\/premino.pl\/index.php?rest_route=\/wp\/v2\/product"}],"about":[{"href":"https:\/\/premino.pl\/index.php?rest_route=\/wp\/v2\/types\/product"}],"replies":[{"embeddable":true,"href":"https:\/\/premino.pl\/index.php?rest_route=%2Fwp%2Fv2%2Fcomments&post=45575"}],"wp:featuredmedia":[{"embeddable":true,"href":"https:\/\/premino.pl\/index.php?rest_route=\/wp\/v2\/media\/45576"}],"wp:attachment":[{"href":"https:\/\/premino.pl\/index.php?rest_route=%2Fwp%2Fv2%2Fmedia&parent=45575"}],"wp:term":[{"taxonomy":"kategoria-hurtowni","embeddable":true,"href":"https:\/\/premino.pl\/index.php?rest_route=%2Fwp%2Fv2%2Fkategoria-hurtowni&post=45575"},{"taxonomy":"product_brand","embeddable":true,"href":"https:\/\/premino.pl\/index.php?rest_route=%2Fwp%2Fv2%2Fproduct_brand&post=45575"},{"taxonomy":"product_cat","embeddable":true,"href":"https:\/\/premino.pl\/index.php?rest_route=%2Fwp%2Fv2%2Fproduct_cat&post=45575"},{"taxonomy":"product_tag","embeddable":true,"href":"https:\/\/premino.pl\/index.php?rest_route=%2Fwp%2Fv2%2Fproduct_tag&post=45575"}],"curies":[{"name":"wp","href":"https:\/\/api.w.org\/{rel}","templated":true}]}}