{"id":45845,"date":"2026-05-13T13:21:37","date_gmt":"2026-05-13T11:21:37","guid":{"rendered":"https:\/\/premino.pl\/?product=wypelniajaco-ujedrniajace-serum-kolagenowe-60-70-30ml"},"modified":"2026-05-13T13:21:48","modified_gmt":"2026-05-13T11:21:48","slug":"wypelniajaco-ujedrniajace-serum-kolagenowe-60-70-30ml","status":"publish","type":"product","link":"https:\/\/premino.pl\/?product=wypelniajaco-ujedrniajace-serum-kolagenowe-60-70-30ml","title":{"rendered":"Wype\u0142niaj\u0105co-uj\u0119drniaj\u0105ce serum kolagenowe 60\/70+ 30ml"},"content":{"rendered":"<p><b>PEPTYDOWY EFEKT WYPE\u0141NIENIA<br \/><\/b>Wype\u0142niaj\u0105co-uj\u0119drniaj\u0105ce serum kolagenowe z peptydami biomimetycznymi<\/p>\n<p>Serum skutecznie wype\u0142nia zmarszczki, przywracaj\u0105c twarzy m\u0142odszy wygl\u0105d.<\/p>\n<p><b>BIOMIMETYCZNE PEPTYDY<br \/><\/b>w naturalny spos\u00f3b intensywnie stymuluj\u0105 fibroblasty do produkcji kolagenu i elastyny, co przywraca sk\u00f3rze spr\u0119\u017cysto\u015b\u0107 i elastyczno\u015b\u0107; wspieraj\u0105 r\u00f3wnie\u017c neutralizacje wolnych rodnik\u00f3w, chroni\u0105c sk\u00f3r\u0119 przed stresem oksydacyjnym i przedwczesnym starzeniem<\/p>\n<p><b>KOLAGEN<br \/><\/b>aktywuje procesy regeneracyjne, odbudowuje naturaln\u0105 struktur\u0119 sk\u00f3ry, wzmacnia jej j\u0119drno\u015b\u0107 i elastyczno\u015b\u0107<\/p>\n<p><b>SPOS\u00d3B U\u017bYCIA<\/b><br \/>Codziennie rano i wieczorem nak\u0142ada\u0107 serum na sk\u00f3r\u0119 twarzy, szyi i dekoltu. Stosowa\u0107 przed aplikacj\u0105 kremu.<\/p>\n<p><strong>Dzia\u0142anie:<\/strong> redukuje zmarszczki, uelastycznia, uj\u0119drnia, wyg\u0142adza<br \/>\n<strong>Gramatura:<\/strong> ml<br \/>\n<strong>Konsystencja:<\/strong> emulsja<br \/>\n<strong>Linie elitarne:<\/strong> nie<br \/>\n<strong>Piel\u0119gnacja specyficzna:<\/strong> serum<br \/>\n<strong>Pojemno\u015b\u0107:<\/strong> 30<br \/>\n<strong>Pora stosowania:<\/strong> dowolnie, dzie\u0144, noc<br \/>\n<strong>P\u0142e\u0107:<\/strong> damski<br \/>\n<strong>Rodzaj sk\u00f3ry:<\/strong> dojrza\u0142a<br \/>\n<strong>S\u0142o\u0144ce:<\/strong> nie<br \/>\n<strong>Typ sk\u00f3ry:<\/strong> mieszana\/t\u0142usta, normalna, sucha<\/p>\n<p><strong>Uwagi:<\/strong><\/p>\n<p>Unika\u0107 kontaktu z oczami.<\/p>\n<p><strong>Sk\u0142adniki:<\/strong><\/p>\n<p>Aqua (Water), Glycine Soja (Soybean) Oil, Hydrogenated Polydecene, Caprylic\/Capric Triglyceride, Butyrospermum Parkii (Shea) Butter, Pentylene Glycol, C14-22 Alcohols, Glycerin, Cetearyl Alcohol, Hyaluronic Acid, Lecithin, Folic Acid, Gardenia Tahitensis Flower Extract, Palmitoyl Tripeptide-5, Bis(Tripeptide-1) Copper Acetate, Hydroxyacetophenone, Tocopherol, Undecane, Tridecane, Cocos Nucifera (Coconut) Oil, Helianthus Annuus (Sunflower) Seed Oil, Citrus Aurantium Amara (Bitter Orange) Flower Extract, Jasminum Officinale (Jasmine) Flower Extract, Lavandula Angustifolia (Lavender) Flower Extract, Paeonia Officinalis Flower Extract, Prunus Serrulata Flower Extract, Sambucus Nigra Flower Extract, Rosa Damascena Flower Oil, Aluminum Starch Octenylsuccinate, C12-20 Alkyl Glucoside, Polyacrylate Crosspolymer-6, Hydroxypropyl Methylcellulose, Polysorbate 20, T-Butyl Alcohol, Acacia Senegal Gum, Potassium Sorbate, Sodium Benzoate, Parfum (Fragrance), Tetramethyl Acetyloctahydronaphthalenes, Hexamethylindanopyran, Acetyl Cedrene, Pogostemon Cablin Oil, Dimethyl Phenethyl Acetate, Isoeugenyl Acetate, Pinene<\/p>\n","protected":false},"excerpt":{"rendered":"<p> <strong>Dzia\u0142anie:<\/strong> redukuje zmarszczki, uelastycznia, uj\u0119drnia, wyg\u0142adza<br \/>  <strong>Gramatura:<\/strong> ml<br \/>  <strong>Konsystencja:<\/strong> emulsja<br \/>  <strong>Linie elitarne:<\/strong> nie<br \/>  <strong>Piel\u0119gnacja specyficzna:<\/strong> serum<br \/>  <strong>Pojemno\u015b\u0107:<\/strong> 30<br \/>  <strong>Pora stosowania:<\/strong> dowolnie, dzie\u0144, noc<br \/>  <strong>P\u0142e\u0107:<\/strong> damski<br \/>  <strong>Rodzaj sk\u00f3ry:<\/strong> dojrza\u0142a<br \/>  <strong>S\u0142o\u0144ce:<\/strong> nie<br \/>  <strong>Typ sk\u00f3ry:<\/strong> mieszana\/t\u0142usta, normalna, sucha <\/p>\n","protected":false},"featured_media":45846,"comment_status":"open","ping_status":"closed","template":"","meta":{"_acf_changed":false},"kategoria-hurtowni":[90,109,110],"product_brand":[586],"product_cat":[76],"product_tag":[],"class_list":{"0":"post-45845","1":"product","2":"type-product","3":"status-publish","4":"has-post-thumbnail","6":"kategoria-hurtowni-pielegnacja","7":"kategoria-hurtowni-pielegnacja-twarzy-pielegnacja","8":"kategoria-hurtowni-twarz-pielegnacja-twarzy-pielegnacja","9":"product_brand-lirene","10":"product_cat-primavera","12":"first","13":"outofstock","14":"taxable","15":"shipping-taxable","16":"product-type-simple"},"acf":[],"_links":{"self":[{"href":"https:\/\/premino.pl\/index.php?rest_route=\/wp\/v2\/product\/45845","targetHints":{"allow":["GET"]}}],"collection":[{"href":"https:\/\/premino.pl\/index.php?rest_route=\/wp\/v2\/product"}],"about":[{"href":"https:\/\/premino.pl\/index.php?rest_route=\/wp\/v2\/types\/product"}],"replies":[{"embeddable":true,"href":"https:\/\/premino.pl\/index.php?rest_route=%2Fwp%2Fv2%2Fcomments&post=45845"}],"wp:featuredmedia":[{"embeddable":true,"href":"https:\/\/premino.pl\/index.php?rest_route=\/wp\/v2\/media\/45846"}],"wp:attachment":[{"href":"https:\/\/premino.pl\/index.php?rest_route=%2Fwp%2Fv2%2Fmedia&parent=45845"}],"wp:term":[{"taxonomy":"kategoria-hurtowni","embeddable":true,"href":"https:\/\/premino.pl\/index.php?rest_route=%2Fwp%2Fv2%2Fkategoria-hurtowni&post=45845"},{"taxonomy":"product_brand","embeddable":true,"href":"https:\/\/premino.pl\/index.php?rest_route=%2Fwp%2Fv2%2Fproduct_brand&post=45845"},{"taxonomy":"product_cat","embeddable":true,"href":"https:\/\/premino.pl\/index.php?rest_route=%2Fwp%2Fv2%2Fproduct_cat&post=45845"},{"taxonomy":"product_tag","embeddable":true,"href":"https:\/\/premino.pl\/index.php?rest_route=%2Fwp%2Fv2%2Fproduct_tag&post=45845"}],"curies":[{"name":"wp","href":"https:\/\/api.w.org\/{rel}","templated":true}]}}