{"id":45849,"date":"2026-05-13T13:21:49","date_gmt":"2026-05-13T11:21:49","guid":{"rendered":"https:\/\/premino.pl\/?product=ultra-lifting-modelator-ujedrniajacy-krem-korygujacy-zmarszczki-na-noc-50ml"},"modified":"2026-05-13T13:21:50","modified_gmt":"2026-05-13T11:21:50","slug":"ultra-lifting-modelator-ujedrniajacy-krem-korygujacy-zmarszczki-na-noc-50ml","status":"publish","type":"product","link":"https:\/\/premino.pl\/?product=ultra-lifting-modelator-ujedrniajacy-krem-korygujacy-zmarszczki-na-noc-50ml","title":{"rendered":"Ultra Lifting Modelator uj\u0119drniaj\u0105cy krem koryguj\u0105cy zmarszczki na noc 50ml"},"content":{"rendered":"<p><b>PRZE\u0141OM W ODWRACANIU PROCES\u00d3W STARZENIA!<br \/><\/b>Uj\u0119drniaj\u0105cy krem koryguj\u0105cy zmarszczki na noc 50+<\/p>\n<p>Nowatorska formu\u0142a liftinguj\u0105ca zawiera kompozycje 13 peptyd\u00f3w oraz miedzi, cynku i platyny. Intensywnie stymuluje procesy naprawcze, skutecznie redukuje zmarszczki, poprawia mikrorze\u017ab\u0119 i elastyczno\u015b\u0107 sk\u00f3ry.<\/p>\n<p><b>PEPTYDY SYGNA\u0141OWE<br \/><\/b>pobudzaj\u0105 produkcj\u0119 kolagenu, zapewniaj\u0105c optymaln\u0105 j\u0119drno\u015b\u0107 i napi\u0119cie oraz wspieraj\u0105 regeneracj\u0119 NEUROPEPTYDY &#8211; wspieraj\u0105 redukcj\u0119 zmarszczek mimicznych,zapobiegaj\u0105c wiotczeniu sk\u00f3ry<\/p>\n<p><b>PEPTYDY NO\u015aNIKOWE<br \/><\/b>innowacyjna technologia transportu sk\u0142adnik\u00f3w do g\u0142\u0119bszych warstw sk\u00f3ry, gwarantuj\u0105ca ich maksymaln\u0105 skuteczno\u015b\u0107<\/p>\n<p><b>KOM\u00d3RKOWY CZYNNIK WZROSTU FGF<br \/><\/b>silnie stymuluje sk\u00f3r\u0119 do odnowy, przyspiesza regeneracj\u0119, wzmacnia struktur\u0119 sk\u00f3ry i przeciwdzia\u0142a oznakom starzenia<\/p>\n<p><b>SPOS\u00d3B U\u017bYCIA<\/b><br \/>Krem nak\u0142ada\u0107 wieczorem na oczyszczon\u0105 na sk\u00f3r\u0119 twarzy, szyi i dekoltu.<\/p>\n<p><strong>Dzia\u0142anie:<\/strong> liftuj\u0105ce, nawil\u017caj\u0105ce, redukuje zmarszczki, regeneruje, uelastycznia, uj\u0119drnia, wyg\u0142adza<br \/>\n<strong>Gramatura:<\/strong> ml<br \/>\n<strong>Konsystencja:<\/strong> krem<br \/>\n<strong>Linie elitarne:<\/strong> nie<br \/>\n<strong>Piel\u0119gnacja specyficzna:<\/strong> nie<br \/>\n<strong>Pojemno\u015b\u0107:<\/strong> 50<br \/>\n<strong>Pora stosowania:<\/strong> noc<br \/>\n<strong>P\u0142e\u0107:<\/strong> damski<br \/>\n<strong>Rodzaj sk\u00f3ry:<\/strong> dojrza\u0142a<br \/>\n<strong>S\u0142o\u0144ce:<\/strong> nie<br \/>\n<strong>Typ sk\u00f3ry:<\/strong> mieszana\/t\u0142usta, normalna, sucha<\/p>\n<p><strong>Uwagi:<\/strong><\/p>\n<p>Unika\u0107 kontaktu z oczami.<\/p>\n<p><strong>Sk\u0142adniki:<\/strong><\/p>\n<p>Aqua (Water), Dicaprylyl Carbonate, Caprylic\/Capric Triglyceride, Dicaprylyl Ether, Glycerin, Cetearyl Alcohol, Canola (Canola) Oil, Glyceryl Stearate Citrate, Isopropyl Palmitate, Glyceryl Stearate, Squalane, Betaine, Panthenol, Prunus Amygdalus Dulcis (Sweet Almond) Oil, Simmondsia Chinensis (Jojoba) Seed Oil, Zinc PCA, Bis(Tripeptide-1) Copper Acetate, Retinol, Acetyl Heptapeptide-9, Hexapeptide-9, Palmitoyl Tripeptide-5, Platinum, SH-Polypeptide-11, Tocopheryl Acetate, Hydroxyacetophenone, Tocopherol, Glyceryl Caprylate, Stearalkonium Hectorite, Xanthan Gum, Sodium Phytate, Propylene Carbonate, Stearic Acid, Palmitic Acid, Glyceryl Behenate, Pentylene Glycol, Polyglyceryl-3 Methylglucose Distearate, Ethylhexylglycerin, Ceramide NP, Propanediol, Acetyl Hexapeptide-8, Acetyl Tetrapeptide-11, Acetyl Tetrapeptide-2, Acetyl Tetrapeptide-9, Dipeptide Diaminobutyroyl Benzylamide Diacetate, Disodium Phosphate, Hexapeptide-10, Oligopeptide-24, Palmitoyl Pentapeptide-3, Palmitoyl Tripeptide-38, Potassium Chloride, Potassium Phosphate, Sodium Chloride, Benzyl Alcohol, Dehydroacetic Acid, Potassium Sorbate, Sodium Benzoate, Parfum (Fragrance), Terpineol, Dimethyl Phenethyl Acetate, Trimethylcyclopentenyl Methylisopentenol<\/p>\n","protected":false},"excerpt":{"rendered":"<p> <strong>Dzia\u0142anie:<\/strong> liftuj\u0105ce, nawil\u017caj\u0105ce, redukuje zmarszczki, regeneruje, uelastycznia, uj\u0119drnia, wyg\u0142adza<br \/>  <strong>Gramatura:<\/strong> ml<br \/>  <strong>Konsystencja:<\/strong> krem<br \/>  <strong>Linie elitarne:<\/strong> nie<br \/>  <strong>Piel\u0119gnacja specyficzna:<\/strong> nie<br \/>  <strong>Pojemno\u015b\u0107:<\/strong> 50<br \/>  <strong>Pora stosowania:<\/strong> noc<br \/>  <strong>P\u0142e\u0107:<\/strong> damski<br \/>  <strong>Rodzaj sk\u00f3ry:<\/strong> dojrza\u0142a<br \/>  <strong>S\u0142o\u0144ce:<\/strong> nie<br \/>  <strong>Typ sk\u00f3ry:<\/strong> mieszana\/t\u0142usta, normalna, sucha <\/p>\n","protected":false},"featured_media":45850,"comment_status":"open","ping_status":"closed","template":"","meta":{"_acf_changed":false},"kategoria-hurtowni":[90,109,110],"product_brand":[586],"product_cat":[76],"product_tag":[],"class_list":{"0":"post-45849","1":"product","2":"type-product","3":"status-publish","4":"has-post-thumbnail","6":"kategoria-hurtowni-pielegnacja","7":"kategoria-hurtowni-pielegnacja-twarzy-pielegnacja","8":"kategoria-hurtowni-twarz-pielegnacja-twarzy-pielegnacja","9":"product_brand-lirene","10":"product_cat-primavera","12":"first","13":"outofstock","14":"taxable","15":"shipping-taxable","16":"product-type-simple"},"acf":[],"_links":{"self":[{"href":"https:\/\/premino.pl\/index.php?rest_route=\/wp\/v2\/product\/45849","targetHints":{"allow":["GET"]}}],"collection":[{"href":"https:\/\/premino.pl\/index.php?rest_route=\/wp\/v2\/product"}],"about":[{"href":"https:\/\/premino.pl\/index.php?rest_route=\/wp\/v2\/types\/product"}],"replies":[{"embeddable":true,"href":"https:\/\/premino.pl\/index.php?rest_route=%2Fwp%2Fv2%2Fcomments&post=45849"}],"wp:featuredmedia":[{"embeddable":true,"href":"https:\/\/premino.pl\/index.php?rest_route=\/wp\/v2\/media\/45850"}],"wp:attachment":[{"href":"https:\/\/premino.pl\/index.php?rest_route=%2Fwp%2Fv2%2Fmedia&parent=45849"}],"wp:term":[{"taxonomy":"kategoria-hurtowni","embeddable":true,"href":"https:\/\/premino.pl\/index.php?rest_route=%2Fwp%2Fv2%2Fkategoria-hurtowni&post=45849"},{"taxonomy":"product_brand","embeddable":true,"href":"https:\/\/premino.pl\/index.php?rest_route=%2Fwp%2Fv2%2Fproduct_brand&post=45849"},{"taxonomy":"product_cat","embeddable":true,"href":"https:\/\/premino.pl\/index.php?rest_route=%2Fwp%2Fv2%2Fproduct_cat&post=45849"},{"taxonomy":"product_tag","embeddable":true,"href":"https:\/\/premino.pl\/index.php?rest_route=%2Fwp%2Fv2%2Fproduct_tag&post=45849"}],"curies":[{"name":"wp","href":"https:\/\/api.w.org\/{rel}","templated":true}]}}