{"id":45857,"date":"2026-05-13T13:21:49","date_gmt":"2026-05-13T11:21:49","guid":{"rendered":"https:\/\/premino.pl\/?product=utur-al-yaqut-ruh-woda-perfumowana-spray-30ml"},"modified":"2026-05-13T13:21:52","modified_gmt":"2026-05-13T11:21:52","slug":"utur-al-yaqut-ruh-woda-perfumowana-spray-30ml","status":"publish","type":"product","link":"https:\/\/premino.pl\/?product=utur-al-yaqut-ruh-woda-perfumowana-spray-30ml","title":{"rendered":"Utur Al Yaqut Ruh woda perfumowana spray 30ml"},"content":{"rendered":"<p>Utur Al Yaqut Ruh to damski zapach o ciep\u0142ym, zmys\u0142owym i niezwykle otulaj\u0105cym charakterze. Stworzony dla kobiet, kt\u00f3re kochaj\u0105 s\u0142odkie, ale eleganckie kompozycje, podkre\u015blaj\u0105ce kobieco\u015b\u0107 i subteln\u0105 zmys\u0142owo\u015b\u0107.<\/p>\n<p><b>Nuty zapachowe:<br \/><\/b><br \/><b>Nuta g\u0142owy: <\/b>karmel<br \/><b>Nuta serca: <\/b>kumaryna, mi\u00f3d<br \/><b>Nuta bazy: <\/b>wanilia, bia\u0142e pi\u017cmo<\/p>\n<p><strong>Gramatura:<\/strong> ml<br \/>\n<strong>Linia k\u0105pielowa:<\/strong> nie<br \/>\n<strong>Miniatura:<\/strong> nie<br \/>\n<strong>Nuta bazy:<\/strong> bia\u0142e pi\u017cmo, wanilia<br \/>\n<strong>Nuta g\u0142owy:<\/strong> karmel<br \/>\n<strong>Nuta g\u0142\u00f3wna:<\/strong> orientalne, waniliowe<br \/>\n<strong>Nuta serca:<\/strong> kumaryna, mi\u00f3d<br \/>\n<strong>Pojemno\u015b\u0107:<\/strong> 30<br \/>\n<strong>Produkt rzadki:<\/strong> nie<br \/>\n<strong>Pr\u00f3bka:<\/strong> nie<br \/>\n<strong>P\u0142e\u0107:<\/strong> damski<br \/>\n<strong>Rodzaj:<\/strong> woda perfumowana<br \/>\n<strong>Tester:<\/strong> nie<br \/>\n<strong>Zapach alternatywny:<\/strong> tak<br \/>\n<strong>Zestaw:<\/strong> nie<\/p>\n<p><strong>Uwagi:<\/strong><\/p>\n<p>Produkt przechowywa\u0107 z dala od ognia i \u017ar\u00f3de\u0142 ciep\u0142a. Trzyma\u0107 w miejscu niedost\u0119pnym dla dzieci. Nie stosowa\u0107 na podra\u017cnion\u0105 lub uszkodzon\u0105 sk\u00f3r\u0119. Unika\u0107 kontaktu z oczami.<\/p>\n<p><strong>Sk\u0142adniki:<\/strong><\/p>\n<p>ALCOHOL DENAT., AQUA, PARFUM, HEXAMETHYLINDANOPYRAN, OCTOCRYLENE, BUTYL METHOXYDIBENZOYLMETHANE, ETHYLHEXYL SALICYLATE, PENTAERYTHRITYL TETRA-DI-T-BUTYL HYDROXYHYDROCINNAMATE, DIETHYLHEXYL SYRINGYLIDENEMALONATE, CAPRYLIC\/CAPRIC TRIGLYCERIDE, BENZYL ALCOHOL, COUMARIN, CI 19140, CI 15985, CI 16035.<\/p>\n","protected":false},"excerpt":{"rendered":"<p> <strong>Gramatura:<\/strong> ml<br \/>  <strong>Linia k\u0105pielowa:<\/strong> nie<br \/>  <strong>Miniatura:<\/strong> nie<br \/>  <strong>Nuta bazy:<\/strong> bia\u0142e pi\u017cmo, wanilia<br \/>  <strong>Nuta g\u0142owy:<\/strong> karmel<br \/>  <strong>Nuta g\u0142\u00f3wna:<\/strong> orientalne, waniliowe<br \/>  <strong>Nuta serca:<\/strong> kumaryna, mi\u00f3d<br \/>  <strong>Pojemno\u015b\u0107:<\/strong> 30<br \/>  <strong>Produkt rzadki:<\/strong> nie<br \/>  <strong>Pr\u00f3bka:<\/strong> nie<br \/>  <strong>P\u0142e\u0107:<\/strong> damski<br \/>  <strong>Rodzaj:<\/strong> woda perfumowana<br \/>  <strong>Tester:<\/strong> nie<br \/>  <strong>Zapach alternatywny:<\/strong> tak<br \/>  <strong>Zestaw:<\/strong> nie <\/p>\n","protected":false},"featured_media":45858,"comment_status":"open","ping_status":"closed","template":"","meta":{"_acf_changed":false},"kategoria-hurtowni":[87,88],"product_brand":[383],"product_cat":[76],"product_tag":[],"class_list":{"0":"post-45857","1":"product","2":"type-product","3":"status-publish","4":"has-post-thumbnail","6":"kategoria-hurtowni-perfumy","7":"kategoria-hurtowni-zapachy","8":"product_brand-saphir","9":"product_cat-primavera","11":"first","12":"outofstock","13":"taxable","14":"shipping-taxable","15":"product-type-simple"},"acf":[],"_links":{"self":[{"href":"https:\/\/premino.pl\/index.php?rest_route=\/wp\/v2\/product\/45857","targetHints":{"allow":["GET"]}}],"collection":[{"href":"https:\/\/premino.pl\/index.php?rest_route=\/wp\/v2\/product"}],"about":[{"href":"https:\/\/premino.pl\/index.php?rest_route=\/wp\/v2\/types\/product"}],"replies":[{"embeddable":true,"href":"https:\/\/premino.pl\/index.php?rest_route=%2Fwp%2Fv2%2Fcomments&post=45857"}],"wp:featuredmedia":[{"embeddable":true,"href":"https:\/\/premino.pl\/index.php?rest_route=\/wp\/v2\/media\/45858"}],"wp:attachment":[{"href":"https:\/\/premino.pl\/index.php?rest_route=%2Fwp%2Fv2%2Fmedia&parent=45857"}],"wp:term":[{"taxonomy":"kategoria-hurtowni","embeddable":true,"href":"https:\/\/premino.pl\/index.php?rest_route=%2Fwp%2Fv2%2Fkategoria-hurtowni&post=45857"},{"taxonomy":"product_brand","embeddable":true,"href":"https:\/\/premino.pl\/index.php?rest_route=%2Fwp%2Fv2%2Fproduct_brand&post=45857"},{"taxonomy":"product_cat","embeddable":true,"href":"https:\/\/premino.pl\/index.php?rest_route=%2Fwp%2Fv2%2Fproduct_cat&post=45857"},{"taxonomy":"product_tag","embeddable":true,"href":"https:\/\/premino.pl\/index.php?rest_route=%2Fwp%2Fv2%2Fproduct_tag&post=45857"}],"curies":[{"name":"wp","href":"https:\/\/api.w.org\/{rel}","templated":true}]}}