{"id":45873,"date":"2026-05-13T13:21:49","date_gmt":"2026-05-13T11:21:49","guid":{"rendered":"https:\/\/premino.pl\/?product=elite-burnt-seduction-woda-perfumowana-spray-100ml"},"modified":"2026-05-13T13:21:56","modified_gmt":"2026-05-13T11:21:56","slug":"elite-burnt-seduction-woda-perfumowana-spray-100ml","status":"publish","type":"product","link":"https:\/\/premino.pl\/?product=elite-burnt-seduction-woda-perfumowana-spray-100ml","title":{"rendered":"Elite Burnt Seduction woda perfumowana spray 100ml"},"content":{"rendered":"<p>Burnt Seduction to zapach unisex, kt\u00f3ry balansuje na granicy \u015bwiat\u0142a i cienia \u2014 zmys\u0142owy, wyrazisty i hipnotyzuj\u0105co g\u0142\u0119boki. Stworzony dla os\u00f3b, kt\u00f3re nie boj\u0105 si\u0119 intensywno\u015bci i lubi\u0105 zapachy buduj\u0105ce aur\u0119 tajemnicy, przyci\u0105ga uwag\u0119 od pierwszego zetkni\u0119cia ze sk\u00f3r\u0105.<\/p>\n<p><b>Nuty zapachowe:<br \/><\/b><br \/><b>Nuta g\u0142owy: <\/b>li\u015bcie fio\u0142ka, nuty zielone<br \/><b>Nuta serca: <\/b>sk\u00f3ra, ja\u015bmin sambak<br \/><b>Nuta bazy: <\/b>paczula, tyto\u0144<\/p>\n<p><strong>Gramatura:<\/strong> ml<br \/>\n<strong>Linia k\u0105pielowa:<\/strong> nie<br \/>\n<strong>Miniatura:<\/strong> nie<br \/>\n<strong>Nuta bazy:<\/strong> paczula, tyto\u0144<br \/>\n<strong>Nuta g\u0142owy:<\/strong> li\u015bcie fio\u0142ka, nuty zielone<br \/>\n<strong>Nuta g\u0142\u00f3wna:<\/strong> kwiatowe, sk\u00f3rzane<br \/>\n<strong>Nuta serca:<\/strong> ja\u015bmin sambak, sk\u00f3ra<br \/>\n<strong>Pojemno\u015b\u0107:<\/strong> 100<br \/>\n<strong>Produkt rzadki:<\/strong> nie<br \/>\n<strong>Pr\u00f3bka:<\/strong> nie<br \/>\n<strong>P\u0142e\u0107:<\/strong> unisex<br \/>\n<strong>Rodzaj:<\/strong> woda perfumowana<br \/>\n<strong>Tester:<\/strong> nie<br \/>\n<strong>Zapach alternatywny:<\/strong> tak<br \/>\n<strong>Zestaw:<\/strong> nie<\/p>\n<p><strong>Uwagi:<\/strong><\/p>\n<p>Produkt przechowywa\u0107 z dala od ognia i \u017ar\u00f3de\u0142 ciep\u0142a. Trzyma\u0107 w miejscu niedost\u0119pnym dla dzieci. Nie stosowa\u0107 na podra\u017cnion\u0105 lub uszkodzon\u0105 sk\u00f3r\u0119. Unika\u0107 kontaktu z oczami.<\/p>\n<p><strong>Sk\u0142adniki:<\/strong><\/p>\n<p>Alcohol Denat., Parfum, Aqua, Hexamethylindanopyran, Tetramethyl Acetyloctahydronaphthalenes, Octocrylene, Butyl Methoxydibenzoylmethane, Ethylhexyl Salicylate, Pentaerythrityl Tetra-di-t-butyl Hydroxyhydrocinnamate, Diethylhexyl Syringylidenemalonate, Caprylic\/Capric Triglyceride, Benzyl Benzoate, Benzyl Cinnamate, Benzyl Salicylate, Beta-Caryophyllene, Camphor, Cinnamyl Alcohol, Geraniol, Geranyl Acetate, Juniperus Virginiana Oil, Limonene, Linalool, Pinene, Pogostemon Cablin Oil, Rose Ketones, Terpinolene, Vanillin, CI 16035, CI 19140, CI 15985, CI 42090, CI 60730.<\/p>\n","protected":false},"excerpt":{"rendered":"<p> <strong>Gramatura:<\/strong> ml<br \/>  <strong>Linia k\u0105pielowa:<\/strong> nie<br \/>  <strong>Miniatura:<\/strong> nie<br \/>  <strong>Nuta bazy:<\/strong> paczula, tyto\u0144<br \/>  <strong>Nuta g\u0142owy:<\/strong> li\u015bcie fio\u0142ka, nuty zielone<br \/>  <strong>Nuta g\u0142\u00f3wna:<\/strong> kwiatowe, sk\u00f3rzane<br \/>  <strong>Nuta serca:<\/strong> ja\u015bmin sambak, sk\u00f3ra<br \/>  <strong>Pojemno\u015b\u0107:<\/strong> 100<br \/>  <strong>Produkt rzadki:<\/strong> nie<br \/>  <strong>Pr\u00f3bka:<\/strong> nie<br \/>  <strong>P\u0142e\u0107:<\/strong> unisex<br \/>  <strong>Rodzaj:<\/strong> woda perfumowana<br \/>  <strong>Tester:<\/strong> nie<br \/>  <strong>Zapach alternatywny:<\/strong> tak<br \/>  <strong>Zestaw:<\/strong> nie <\/p>\n","protected":false},"featured_media":45874,"comment_status":"open","ping_status":"closed","template":"","meta":{"_acf_changed":false},"kategoria-hurtowni":[87,88],"product_brand":[383],"product_cat":[76],"product_tag":[],"class_list":{"0":"post-45873","1":"product","2":"type-product","3":"status-publish","4":"has-post-thumbnail","6":"kategoria-hurtowni-perfumy","7":"kategoria-hurtowni-zapachy","8":"product_brand-saphir","9":"product_cat-primavera","11":"first","12":"outofstock","13":"taxable","14":"shipping-taxable","15":"product-type-simple"},"acf":[],"_links":{"self":[{"href":"https:\/\/premino.pl\/index.php?rest_route=\/wp\/v2\/product\/45873","targetHints":{"allow":["GET"]}}],"collection":[{"href":"https:\/\/premino.pl\/index.php?rest_route=\/wp\/v2\/product"}],"about":[{"href":"https:\/\/premino.pl\/index.php?rest_route=\/wp\/v2\/types\/product"}],"replies":[{"embeddable":true,"href":"https:\/\/premino.pl\/index.php?rest_route=%2Fwp%2Fv2%2Fcomments&post=45873"}],"wp:featuredmedia":[{"embeddable":true,"href":"https:\/\/premino.pl\/index.php?rest_route=\/wp\/v2\/media\/45874"}],"wp:attachment":[{"href":"https:\/\/premino.pl\/index.php?rest_route=%2Fwp%2Fv2%2Fmedia&parent=45873"}],"wp:term":[{"taxonomy":"kategoria-hurtowni","embeddable":true,"href":"https:\/\/premino.pl\/index.php?rest_route=%2Fwp%2Fv2%2Fkategoria-hurtowni&post=45873"},{"taxonomy":"product_brand","embeddable":true,"href":"https:\/\/premino.pl\/index.php?rest_route=%2Fwp%2Fv2%2Fproduct_brand&post=45873"},{"taxonomy":"product_cat","embeddable":true,"href":"https:\/\/premino.pl\/index.php?rest_route=%2Fwp%2Fv2%2Fproduct_cat&post=45873"},{"taxonomy":"product_tag","embeddable":true,"href":"https:\/\/premino.pl\/index.php?rest_route=%2Fwp%2Fv2%2Fproduct_tag&post=45873"}],"curies":[{"name":"wp","href":"https:\/\/api.w.org\/{rel}","templated":true}]}}