{"id":45879,"date":"2026-05-13T13:21:49","date_gmt":"2026-05-13T11:21:49","guid":{"rendered":"https:\/\/premino.pl\/?product=magtein-l-treonian-magnezu-suplement-diety-90-kapsulek"},"modified":"2026-05-13T13:21:57","modified_gmt":"2026-05-13T11:21:57","slug":"magtein-l-treonian-magnezu-suplement-diety-90-kapsulek","status":"publish","type":"product","link":"https:\/\/premino.pl\/?product=magtein-l-treonian-magnezu-suplement-diety-90-kapsulek","title":{"rendered":"Magtein L-Treonian Magnezu suplement diety 90 kapsu\u0142ek"},"content":{"rendered":"<p>Brakuje Ci energii? Odczuwasz chroniczne zm\u0119czenie i znu\u017cenie spowodowane nadmiarem pracy i obowi\u0105zk\u00f3w? Chcesz zadba\u0107 o sprawne funkcjonowanie uk\u0142adu nerwowego i mi\u0119\u015bni? Rozwa\u017c suplementacj\u0119\u00a0L-treonianem magnezu, Magtein\u00ae.<\/p>\n<p>Magnez jest pierwiastkiem niezb\u0119dnym\u00a0do utrzymania optymalnego zdrowia. Przyczynia si\u0119 do\u00a0zachowania prawid\u0142owego metabolizmu energetycznego\u00a0w organizmie i bierze udzia\u0142 w procesie podzia\u0142u kom\u00f3rek. Wspomaga\u00a0w\u0142a\u015bciwe funkcjonowanie uk\u0142adu nerwowego\u00a0oraz\u00a0utrzymanie optymalnych funkcji psychologicznych, co przek\u0142ada si\u0119 na\u00a0redukcj\u0119 odczuwanego znu\u017cenia i zm\u0119czenia. Ten sk\u0142adnik mineralny odgrywa istotn\u0105 rol\u0119 w\u00a0syntezie bia\u0142ek\u00a0oraz jest kluczowy dla\u00a0odpowiedniej pracy mi\u0119\u015bni. Dodatkowo pomaga w\u00a0utrzymaniu r\u00f3wnowagi elektrolitowej\u00a0organizmu oraz\u00a0zdrowych ko\u015bci i z\u0119b\u00f3w.<\/p>\n<p>Suplement diety zawiera wyj\u0105tkowy, opatentowany\u00a0Magtein\u00ae \u2013 magnez w formie L-treonianu magnezu.\u00a0L-treonian magnezu Magtein\u00ae to\u00a0wysoko przyswajalna forma chelatu magnezu, kt\u00f3ra wyr\u00f3\u017cnia si\u0119 unikalnymi w\u0142a\u015bciwo\u015bciami. To\u00a0jedyna forma magnezu, kt\u00f3ra przekracza barier\u0119 krew-m\u00f3zg, zapewniaj\u0105c optymalny poziom tego pierwiastka bezpo\u015brednio w m\u00f3zgu. Potwierdzaj\u0105 to liczne\u00a0badania kliniczne, szczeg\u00f3lnie w zakresie\u00a0funkcji poznawczych i pracy m\u00f3zgu.<\/p>\n<p>Zalecana dzienna porcja produktu to 3 kapsu\u0142ki, kt\u00f3re dostarczaj\u0105 2000 mg Magtein\u00ae L-treonianu magnezu, w tym 144 mg magnezu (38% RWS).\u00a0Suplement cechuje si\u0119 czystym sk\u0142adem, bez zb\u0119dnych dodatk\u00f3w.\u00a0Produkt dost\u0119pny jest w opakowaniu, kt\u00f3re wystarczy na jeden miesi\u0105c (30 dziennych porcji) lub dwa miesi\u0105ce (60 dziennych porcji) suplementowania.<\/p>\n<p><b>Co wyr\u00f3\u017cnia kapsu\u0142ki Magtein, L-treonian magnezu?<br \/><\/b>\u2022 Wyj\u0105tkowa, opatentowana forma L-treonianu magnezu, z licznymi badaniami klinicznymi, szczeg\u00f3lnie w obr\u0119bie pracy m\u00f3zgu i funkcji poznawczych.<br \/>\u2022 L-treonian magnezu jest wysoko przyswajaln\u0105 form\u0105 chelatu magnezu.<br \/>\u2022 L-treonian magnezu jako jedyna forma magnezu pokonuje barier\u0119 krew-m\u00f3zg i wspiera prawid\u0142owym poziom magnezu w m\u00f3zgu.<br \/>\u2022 Czysta etykieta (ang. clean label) &#8211; brak zb\u0119dnych dodatk\u00f3w.<br \/>\u2022 Odpowiednia dla wegetarian i wegan.<br \/>\u2022 Bez cukru, bez glutenu, bez laktozy, bez soi, bez GMO.<\/p>\n<p><b>Stosowanie:<\/b>\u00a03 kapsu\u0142ki (2 kapsu\u0142ki rano i 1 kapsu\u0142ka godzin\u0119 przed snem).\u00a0Po\u0142knij kapsu\u0142k\u0119 popijaj\u0105c wod\u0105.<\/p>\n<p><strong>Forma podania:<\/strong> kapsu\u0142ki<br \/>\n<strong>Gramatura:<\/strong> sztuka<br \/>\n<strong>Pojemno\u015b\u0107:<\/strong> 90<br \/>\n<strong>P\u0142e\u0107:<\/strong> unisex<br \/>\n<strong>Rodzaj:<\/strong> pozosta\u0142e<\/p>\n<p><strong>Uwagi:<\/strong><\/p>\n<p>Nie nale\u017cy przekracza\u0107 zalecanej dziennej porcji. Produkt przeznaczony dla os\u00f3b doros\u0142ych, z wy\u0142\u0105czeniem kobiet w ci\u0105\u017cy i karmi\u0105cych. Suplement diety nie mo\u017ce by\u0107 stosowany jako substytut (zamiennik) zr\u00f3\u017cnicowanej diety. Dla utrzymania prawid\u0142owego stanu zdrowia nale\u017cy stosowa\u0107 zr\u00f3\u017cnicowan\u0105 diet\u0119 i prowadzi\u0107 zdrowy tryb \u017cycia. Przechowywa\u0107 w ciemnym i suchym miejscu w temperaturze pokojowej, w spos\u00f3b niedost\u0119pny dla ma\u0142ych dzieci.<\/p>\n<p><strong>Sk\u0142adniki:<\/strong><\/p>\n<p>Magtein\u00ae (L-treonian magnezu), otoczka (pullulan).<\/p>\n","protected":false},"excerpt":{"rendered":"<p> <strong>Forma podania:<\/strong> kapsu\u0142ki<br \/>  <strong>Gramatura:<\/strong> sztuka<br \/>  <strong>Pojemno\u015b\u0107:<\/strong> 90<br \/>  <strong>P\u0142e\u0107:<\/strong> unisex<br \/>  <strong>Rodzaj:<\/strong> pozosta\u0142e <\/p>\n","protected":false},"featured_media":45880,"comment_status":"open","ping_status":"closed","template":"","meta":{"_acf_changed":false},"kategoria-hurtowni":[206,205],"product_brand":[587],"product_cat":[76],"product_tag":[],"class_list":{"0":"post-45879","1":"product","2":"type-product","3":"status-publish","4":"has-post-thumbnail","6":"kategoria-hurtowni-suplementy-diety","7":"kategoria-hurtowni-zdrowie","8":"product_brand-osavi","9":"product_cat-primavera","11":"first","12":"outofstock","13":"taxable","14":"shipping-taxable","15":"product-type-simple"},"acf":[],"_links":{"self":[{"href":"https:\/\/premino.pl\/index.php?rest_route=\/wp\/v2\/product\/45879","targetHints":{"allow":["GET"]}}],"collection":[{"href":"https:\/\/premino.pl\/index.php?rest_route=\/wp\/v2\/product"}],"about":[{"href":"https:\/\/premino.pl\/index.php?rest_route=\/wp\/v2\/types\/product"}],"replies":[{"embeddable":true,"href":"https:\/\/premino.pl\/index.php?rest_route=%2Fwp%2Fv2%2Fcomments&post=45879"}],"wp:featuredmedia":[{"embeddable":true,"href":"https:\/\/premino.pl\/index.php?rest_route=\/wp\/v2\/media\/45880"}],"wp:attachment":[{"href":"https:\/\/premino.pl\/index.php?rest_route=%2Fwp%2Fv2%2Fmedia&parent=45879"}],"wp:term":[{"taxonomy":"kategoria-hurtowni","embeddable":true,"href":"https:\/\/premino.pl\/index.php?rest_route=%2Fwp%2Fv2%2Fkategoria-hurtowni&post=45879"},{"taxonomy":"product_brand","embeddable":true,"href":"https:\/\/premino.pl\/index.php?rest_route=%2Fwp%2Fv2%2Fproduct_brand&post=45879"},{"taxonomy":"product_cat","embeddable":true,"href":"https:\/\/premino.pl\/index.php?rest_route=%2Fwp%2Fv2%2Fproduct_cat&post=45879"},{"taxonomy":"product_tag","embeddable":true,"href":"https:\/\/premino.pl\/index.php?rest_route=%2Fwp%2Fv2%2Fproduct_tag&post=45879"}],"curies":[{"name":"wp","href":"https:\/\/api.w.org\/{rel}","templated":true}]}}