{"id":45883,"date":"2026-05-13T13:21:49","date_gmt":"2026-05-13T11:21:49","guid":{"rendered":"https:\/\/premino.pl\/?product=kolagen-elektrolity-witalnosc-i-black-suplement-diety-pomarancza-grejpfrut-10g"},"modified":"2026-05-13T13:21:58","modified_gmt":"2026-05-13T11:21:58","slug":"kolagen-elektrolity-witalnosc-i-black-suplement-diety-pomarancza-grejpfrut-10g","status":"publish","type":"product","link":"https:\/\/premino.pl\/?product=kolagen-elektrolity-witalnosc-i-black-suplement-diety-pomarancza-grejpfrut-10g","title":{"rendered":"Kolagen &amp; Elektrolity Witalno\u015b\u0107 i Black suplement diety Pomara\u0144cza &amp; Grejpfrut 10g"},"content":{"rendered":"<p>Marzysz o\u00a0promiennej sk\u00f3rze,\u00a0mocnych w\u0142osach\u00a0i\u00a0pi\u0119knych paznokciach? Potrzebujesz wi\u0119cej\u00a0energii\u00a0i\u00a0witalno\u015bci\u00a0na co dzie\u0144? Innowacyjny suplement\u00a0Kolagen &#038; Elektrolity Witalno\u015b\u0107 i Blask\u00a0jest odpowiedzi\u0105 na Twoje potrzeby!<\/p>\n<p>Dzienna porcja 10 g (1 miarka) dostarcza\u00a02,5 g bioaktywnych wo\u0142owych peptyd\u00f3w kolagenowych VERISOL\u00ae,\u00a050 \u03bcg (100% RWS) biotyny,\u00a0100 mg kwasu hialuronowego,\u00a0100 mg (27% RWS) magnezu Aquamin Mg\u2122,\u00a0202 mg sodu,\u00a0300 mg (15% RWS) potasu,\u00a0200 mg (25% RWS) wapnia,\u00a0311 mg (39% RWS) chlork\u00f3w,\u00a0250 mg (313% RWS) witaminy C,\u00a016 mg (100% RWS) niacyny,\u00a01,4 mg (100% RWS) witaminy B6,\u00a02,5 \u03bcg (100% RWS) witaminy B12,\u00a06 mg (100% RWS) kwasu pantotenowego\u00a0oraz\u00a01000 mg wody kokosowej.<\/p>\n<p>Kolagen &#038; Elektrolity Witalno\u015b\u0107 i Blask\u00a0to\u00a0zaawansowana formu\u0142a w proszku, kt\u00f3ra rewolucjonizuje podej\u015bcie do piel\u0119gnacji od wewn\u0105trz. \u0141\u0105czy\u00a0klinicznie potwierdzone dzia\u0142anie\u00a0peptyd\u00f3w kolagenowych VERISOL\u00ae z kompleksem elektrolit\u00f3w, kwasem hialuronowym oraz starannie dobranymi witaminami i minera\u0142ami.\u00a0Naturalna woda kokosowa\u00a0dope\u0142nia t\u0119 unikaln\u0105 kompozycj\u0119, zapewniaj\u0105c optymalne wsparcie dla organizmu.<\/p>\n<p>Sercem produktu jest\u00a0VERISOL\u00ae\u00a0\u2013 opatentowane bioaktywne peptydy kolagenowe, kt\u00f3re w badaniach klinicznych wykaza\u0142y zdolno\u015b\u0107 do\u00a0zwi\u0119kszania grubo\u015bci w\u0142os\u00f3w,\u00a0poprawy elastyczno\u015bci sk\u00f3ry,\u00a0redukcji zmarszczek\u00a0oraz\u00a0wzmacniania struktury paznokci. Dodatkowo zawiera\u00a0biotyn\u0119, kt\u00f3ra pomaga zachowa\u0107 zdrowe w\u0142osy i sk\u00f3r\u0119.\u00a0Kwas hialuronowy\u00a0stanowi doskona\u0142e wsparcie dla naturalnego blasku i witalno\u015bci.<\/p>\n<p>Kolagen &#038; Elektrolity Witalno\u015b\u0107 i Blask\u00a0zawiera unikaln\u0105 kompozycj\u0119\u00a05 kluczowych elektrolit\u00f3w\u00a0z\u00a0Aquamin Mg\u2122\u00a0na czele \u2013 bioaktywnym \u017ar\u00f3d\u0142em magnezu i ponad 70 pierwiastk\u00f3w \u015bladowych z w\u00f3d Morza Irlandzkiego.\u00a0Magnez\u00a0pomaga w utrzymaniu r\u00f3wnowagi elektrolitowej i przyczynia si\u0119 do\u00a0zmniejszenia uczucia zm\u0119czenia i znu\u017cenia.\u00a0Witamina C\u00a0wspiera ochron\u0119 kom\u00f3rek przed stresem oksydacyjnym, a\u00a0wap\u0144, niacyna, witaminy B6, B12 i kwas pantotenowy\u00a0wspomagaj\u0105 prawid\u0142owy metabolizm energetyczny, zapewniaj\u0105c energi\u0119 i witalno\u015b\u0107.<\/p>\n<p>Suplement\u00a0Kolagen &#038; Elektrolity Witalno\u015b\u0107 i Blask\u00a0ma form\u0119 proszku o\u00a0pysznym, owocowym smaku\u00a0do wyboru (jab\u0142ko-rabarbar, pomara\u0144cza-grejpfrut). Produkt jest\u00a0s\u0142odzony glikozydami stewiolowymi.\u00a0<\/p>\n<p><b>Co wyr\u00f3\u017cnia Kolagen &#038; Elektrolity Witalno\u015b\u0107 i Blask:<br \/><\/b>\u2022 Zawiera opatentowane i przebadane klinicznie bioaktywne peptydy kolagenowe VERISOL\u00ae<br \/>\u2022 5 kluczowych elektrolit\u00f3w, witaminy oraz kwas hialuronowy.<br \/>\u2022 Zawiera Aquamin Mg\u00ae, b\u0119d\u0105cy bioaktywnym \u017ar\u00f3d\u0142em magnezu oraz ponad 70 pierwiastk\u00f3w \u015bladowych pozyskiwanych z w\u00f3d Morza Irlandzkiego.<br \/>\u2022 Wzbogacony wod\u0105 kokosow\u0105.<br \/>\u2022 Czysta etykieta (ang. clean label) &#8211; brak zb\u0119dnych dodatk\u00f3w.<br \/>\u2022 Doskona\u0142a rozpuszczalno\u015b\u0107.<br \/>\u2022 Bez glutenu, bez laktozy, bez soi, bez GMO.<\/p>\n<p><b>Stosowanie:\u00a0<\/b>1 miarka (10 g) dziennie. Rozpu\u015b\u0107 1 miark\u0119 proszku w 250 ml wody. Osmolarno\u015b\u0107 roztworu: 199\u00a0mOsm\/l (roztw\u00f3r hipotoniczny).<\/p>\n<p><strong>Forma podania:<\/strong> proszek<br \/>\n<strong>Gramatura:<\/strong> g<br \/>\n<strong>Pojemno\u015b\u0107:<\/strong> 10<br \/>\n<strong>P\u0142e\u0107:<\/strong> unisex<br \/>\n<strong>Rodzaj:<\/strong> pozosta\u0142e<\/p>\n<p><strong>Uwagi:<\/strong><\/p>\n<p>Produkt zawiera substancj\u0119 s\u0142odz\u0105c\u0105 (glikozydy stewiolowe). Nie nale\u017cy przekracza\u0107 zalecanej dziennej porcji. Suplement diety nie mo\u017ce by\u0107 stosowany jako substytut (zamiennik) zr\u00f3\u017cnicowanej diety. Dla utrzymania prawid\u0142owego stanu zdrowia nale\u017cy stosowa\u0107 zr\u00f3\u017cnicowan\u0105 diet\u0119 i prowadzi\u0107 zdrowy tryb \u017cycia. Przechowywa\u0107 w ciemnym i suchym miejscu w temperaturze pokojowej, w spos\u00f3b niedost\u0119pny dla ma\u0142ych dzieci.<\/p>\n<p><strong>Sk\u0142adniki:<\/strong><\/p>\n<p>Wo\u0142owe peptydy kolagenowe, maltodekstryna, sole magnezowe kwasu cytrynowego, woda kokosowa w proszku, sole wapniowe kwasu cytrynowego,\u00a0cytrynian potasu, regulator kwasowo\u015bci: kwas cytrynowy, chlorek sodu, naturalne aromaty: pomara\u0144czowy i\u00a0grejpfrutowy z innymi naturalnymi aromatami, kwas L-askorbinowy, s\u00f3l sodowa kwasu hialuronowego, barwnik: beta-karoten, substancja s\u0142odz\u0105ca: glikozydy stewiolowe ze stewii, koncentrat z buraka \u0107wik\u0142owego, amid kwasu nikotynowego, D-pantotenian wapnia, chlorowodorek pirydoksyny, metylokobalamina, D-biotyna.<\/p>\n","protected":false},"excerpt":{"rendered":"<p> <strong>Forma podania:<\/strong> proszek<br \/>  <strong>Gramatura:<\/strong> g<br \/>  <strong>Pojemno\u015b\u0107:<\/strong> 10<br \/>  <strong>P\u0142e\u0107:<\/strong> unisex<br \/>  <strong>Rodzaj:<\/strong> pozosta\u0142e <\/p>\n","protected":false},"featured_media":45884,"comment_status":"open","ping_status":"closed","template":"","meta":{"_acf_changed":false},"kategoria-hurtowni":[206,205],"product_brand":[587],"product_cat":[76],"product_tag":[],"class_list":{"0":"post-45883","1":"product","2":"type-product","3":"status-publish","4":"has-post-thumbnail","6":"kategoria-hurtowni-suplementy-diety","7":"kategoria-hurtowni-zdrowie","8":"product_brand-osavi","9":"product_cat-primavera","11":"first","12":"outofstock","13":"taxable","14":"shipping-taxable","15":"product-type-simple"},"acf":[],"_links":{"self":[{"href":"https:\/\/premino.pl\/index.php?rest_route=\/wp\/v2\/product\/45883","targetHints":{"allow":["GET"]}}],"collection":[{"href":"https:\/\/premino.pl\/index.php?rest_route=\/wp\/v2\/product"}],"about":[{"href":"https:\/\/premino.pl\/index.php?rest_route=\/wp\/v2\/types\/product"}],"replies":[{"embeddable":true,"href":"https:\/\/premino.pl\/index.php?rest_route=%2Fwp%2Fv2%2Fcomments&post=45883"}],"wp:featuredmedia":[{"embeddable":true,"href":"https:\/\/premino.pl\/index.php?rest_route=\/wp\/v2\/media\/45884"}],"wp:attachment":[{"href":"https:\/\/premino.pl\/index.php?rest_route=%2Fwp%2Fv2%2Fmedia&parent=45883"}],"wp:term":[{"taxonomy":"kategoria-hurtowni","embeddable":true,"href":"https:\/\/premino.pl\/index.php?rest_route=%2Fwp%2Fv2%2Fkategoria-hurtowni&post=45883"},{"taxonomy":"product_brand","embeddable":true,"href":"https:\/\/premino.pl\/index.php?rest_route=%2Fwp%2Fv2%2Fproduct_brand&post=45883"},{"taxonomy":"product_cat","embeddable":true,"href":"https:\/\/premino.pl\/index.php?rest_route=%2Fwp%2Fv2%2Fproduct_cat&post=45883"},{"taxonomy":"product_tag","embeddable":true,"href":"https:\/\/premino.pl\/index.php?rest_route=%2Fwp%2Fv2%2Fproduct_tag&post=45883"}],"curies":[{"name":"wp","href":"https:\/\/api.w.org\/{rel}","templated":true}]}}