{"id":45893,"date":"2026-05-13T13:22:00","date_gmt":"2026-05-13T11:22:00","guid":{"rendered":"https:\/\/premino.pl\/?product=maslan-sodu-sr-960mg-suplement-diety-60-kapsulek"},"modified":"2026-05-13T13:22:01","modified_gmt":"2026-05-13T11:22:01","slug":"maslan-sodu-sr-960mg-suplement-diety-60-kapsulek","status":"publish","type":"product","link":"https:\/\/premino.pl\/?product=maslan-sodu-sr-960mg-suplement-diety-60-kapsulek","title":{"rendered":"Ma\u015blan Sodu SR 960mg suplement diety 60 kapsu\u0142ek"},"content":{"rendered":"<p>Borykasz si\u0119 z\u00a0zaburzeniami mikrobioty jelitowej? Cierpisz na\u00a0zaparcia, biegunki, b\u00f3le brzucha\u00a0czy\u00a0wzd\u0119cia? Rozwa\u017c przyjmowanie\u00a0Ma\u015blanu sodu SR, kt\u00f3ry zosta\u0142 stworzony do\u00a0post\u0119powania dietetycznego w IBS, w\u00a0chorobach zapalnych b\u0142ony \u015bluzowej jelit, w zaburzeniach mikrobioty (np. po antybiotykoterapii), a tak\u017ce w\u00a0zaburzeniach czynno\u015bciowych jelit.<\/p>\n<p>Ma\u015blan sodu, b\u0119d\u0105cy \u017ar\u00f3d\u0142em\u00a0kwasu mas\u0142owego, jest\u00a0naturalnym sk\u0142adnikiem produkt\u00f3w mlecznych i fermentowanych, odgrywaj\u0105cym\u00a0kluczow\u0105 rol\u0119 w funkcjonowaniu jelit\u00a0poprzez\u00a0od\u017cywianie ich nab\u0142onka.<\/p>\n<p>Ma\u015blan sodu SR\u00a0to\u00a0\u017cywno\u015b\u0107 specjalnego przeznaczenia medycznego, bogata w kwas mas\u0142owy.\u00a01 porcja dzienna zawiera 960 mg ma\u015blanu sodu, dostarczaj\u0105c\u00a0768 mg kwasu mas\u0142owego. Dzi\u0119ki\u00a0technologii mikrokapsu\u0142kowania z przed\u0142u\u017conym uwalnianiem (SR), substancje aktywne uwalniane s\u0105 stopniowo, jednocze\u015bnie neutralizuj\u0105c nieprzyjemne w\u0142a\u015bciwo\u015bci smakowo-zapachowe.<\/p>\n<p><b>Do post\u0119powania dietetycznego:<br \/><\/b>\u2022 w zespole jelita dra\u017cliwego (IBS).<br \/>\u2022 w chorobach zapalnych b\u0142ony \u015bluzowej jelit.<br \/>\u2022 w zaburzeniach mikrobioty jelitowej, np. po antybiotykoterapii.<br \/>\u2022 w zaburzeniach czynno\u015bciowych jelit (zaparcia, biegunki, b\u00f3le brzucha, wzd\u0119cia<\/p>\n<p><b>Co wyr\u00f3\u017cnia kapsu\u0142ki\u00a0<\/b><b>Ma\u015blan sodu\u00a0<\/b><b>SR 960 mg?<br \/><\/b>\u2022 Bez smaku i zapachu!<br \/>\u2022 W formie mikrokapsu\u0142ek o przed\u0142u\u017conym uwalnianiu (SR &#8211; sustained release).<br \/>\u2022 Technologia SR pozwala na zneutralizowanie w\u0142a\u015bciwo\u015bci smakowo &#8211; zapachowych ma\u015blanu sodu oraz na stopniowe uwalnianie substancji.<br \/>\u2022 Odpowiedni dla wegetarian i wegan.<br \/>\u2022 Bez oleju palmowego, bez cukru, bez glutenu, bez laktozy, bez soi, bez GMO.\u00a0<\/p>\n<p><b>Stosowanie:<\/b>\u00a02 kapsu\u0142ki.\u00a0Po\u0142knij kapsu\u0142k\u0119 popijaj\u0105c wod\u0105. Najlepiej przyjmowa\u0107 1 kapsu\u0142k\u0119 dwa razy dziennie, po posi\u0142ku.<\/p>\n<p><strong>Forma podania:<\/strong> kapsu\u0142ki<br \/>\n<strong>Gramatura:<\/strong> sztuka<br \/>\n<strong>Pojemno\u015b\u0107:<\/strong> 60<br \/>\n<strong>P\u0142e\u0107:<\/strong> unisex<br \/>\n<strong>Rodzaj:<\/strong> oczyszczanie<\/p>\n<p><strong>Uwagi:<\/strong><\/p>\n<p>WA\u017bNA INFORMACJA! Produkt musi by\u0107 stosowany pod nadzorem lekarza. Nie mo\u017ce stanowi\u0107 jedynego \u017ar\u00f3d\u0142a po\u017cywienia. Preparat przeznaczony jest wy\u0142\u0105cznie dla os\u00f3b doros\u0142ych. Nie powinien by\u0107 przyjmowany przez kobiety w ci\u0105\u017cy i w trakcie laktacji oraz przy braku wskaza\u0144 lekarskich. Produkt nie jest przeznaczony do stosowania pozajelitowego. Przechowywa\u0107 w ciemnym i suchym miejscu, w temperaturze pokojowej, w spos\u00f3b niedost\u0119pny dla ma\u0142ych dzieci. Po otwarciu produkt przechowywa\u0107 szczelnie zamkni\u0119ty.<\/p>\n<p><strong>Sk\u0142adniki:<\/strong><\/p>\n<p>Ma\u015blan sodu, otoczka (hydroksypropylometyloceluloza), substancja wype\u0142niaj\u0105ca: celuloza, substancja zag\u0119szczaj\u0105ca: hydroksypropylometyloceluloza, substancja glazuruj\u0105ca: etyloceluloza.<\/p>\n","protected":false},"excerpt":{"rendered":"<p> <strong>Forma podania:<\/strong> kapsu\u0142ki<br \/>  <strong>Gramatura:<\/strong> sztuka<br \/>  <strong>Pojemno\u015b\u0107:<\/strong> 60<br \/>  <strong>P\u0142e\u0107:<\/strong> unisex<br \/>  <strong>Rodzaj:<\/strong> oczyszczanie <\/p>\n","protected":false},"featured_media":45894,"comment_status":"open","ping_status":"closed","template":"","meta":{"_acf_changed":false},"kategoria-hurtowni":[206,205],"product_brand":[587],"product_cat":[76],"product_tag":[],"class_list":{"0":"post-45893","1":"product","2":"type-product","3":"status-publish","4":"has-post-thumbnail","6":"kategoria-hurtowni-suplementy-diety","7":"kategoria-hurtowni-zdrowie","8":"product_brand-osavi","9":"product_cat-primavera","11":"first","12":"outofstock","13":"taxable","14":"shipping-taxable","15":"product-type-simple"},"acf":[],"_links":{"self":[{"href":"https:\/\/premino.pl\/index.php?rest_route=\/wp\/v2\/product\/45893","targetHints":{"allow":["GET"]}}],"collection":[{"href":"https:\/\/premino.pl\/index.php?rest_route=\/wp\/v2\/product"}],"about":[{"href":"https:\/\/premino.pl\/index.php?rest_route=\/wp\/v2\/types\/product"}],"replies":[{"embeddable":true,"href":"https:\/\/premino.pl\/index.php?rest_route=%2Fwp%2Fv2%2Fcomments&post=45893"}],"wp:featuredmedia":[{"embeddable":true,"href":"https:\/\/premino.pl\/index.php?rest_route=\/wp\/v2\/media\/45894"}],"wp:attachment":[{"href":"https:\/\/premino.pl\/index.php?rest_route=%2Fwp%2Fv2%2Fmedia&parent=45893"}],"wp:term":[{"taxonomy":"kategoria-hurtowni","embeddable":true,"href":"https:\/\/premino.pl\/index.php?rest_route=%2Fwp%2Fv2%2Fkategoria-hurtowni&post=45893"},{"taxonomy":"product_brand","embeddable":true,"href":"https:\/\/premino.pl\/index.php?rest_route=%2Fwp%2Fv2%2Fproduct_brand&post=45893"},{"taxonomy":"product_cat","embeddable":true,"href":"https:\/\/premino.pl\/index.php?rest_route=%2Fwp%2Fv2%2Fproduct_cat&post=45893"},{"taxonomy":"product_tag","embeddable":true,"href":"https:\/\/premino.pl\/index.php?rest_route=%2Fwp%2Fv2%2Fproduct_tag&post=45893"}],"curies":[{"name":"wp","href":"https:\/\/api.w.org\/{rel}","templated":true}]}}