{"id":45901,"date":"2026-05-13T13:22:00","date_gmt":"2026-05-13T11:22:00","guid":{"rendered":"https:\/\/premino.pl\/?product=laktoferyna-200mg-suplement-diety-30-kapsulek"},"modified":"2026-05-13T13:22:05","modified_gmt":"2026-05-13T11:22:05","slug":"laktoferyna-200mg-suplement-diety-30-kapsulek","status":"publish","type":"product","link":"https:\/\/premino.pl\/?product=laktoferyna-200mg-suplement-diety-30-kapsulek","title":{"rendered":"Laktoferyna 200mg suplement diety 30 kapsu\u0142ek"},"content":{"rendered":"<p>Suplement diety w formie kapsu\u0142ki twardej zawieraj\u0105cej laktoferyn\u0119 &#8211; bia\u0142ko z grupy glikoprotein, posiadaj\u0105ce zdolno\u015b\u0107 do wi\u0105zania i transportowania \u017celaza. Laktoferyna Proferrin\u00ae pozyskiwana jest z mleka krowiego.<\/p>\n<p><b>Zalecana dzienna porcja: <\/b>1 kapsu\u0142ka, przed posi\u0142kiem. Po\u0142knij kapsu\u0142k\u0119 popijaj\u0105c wod\u0105.<\/p>\n<p><strong>Forma podania:<\/strong> kapsu\u0142ki<br \/>\n<strong>Gramatura:<\/strong> sztuka<br \/>\n<strong>Pojemno\u015b\u0107:<\/strong> 30<br \/>\n<strong>P\u0142e\u0107:<\/strong> unisex<br \/>\n<strong>Rodzaj:<\/strong> pozosta\u0142e<\/p>\n<p><strong>Uwagi:<\/strong><\/p>\n<p>Nie nale\u017cy przekracza\u0107 zalecanej dziennej porcji. Suplement diety nie mo\u017ce by\u0107 stosowany jako substytut (zamiennik) zr\u00f3\u017cnicowanej diety. Dla utrzymania prawid\u0142owego stanu zdrowia nale\u017cy stosowa\u0107 zr\u00f3\u017cnicowan\u0105 diet\u0119 i prowadzi\u0107 zdrowy tryb \u017cycia. Przechowywa\u0107 w ciemnym i suchym miejscu w temperaturze pokojowej, w spos\u00f3b niedost\u0119pny dla ma\u0142ych dzieci.<\/p>\n<p><strong>Sk\u0142adniki:<\/strong><\/p>\n<p>Laktoferyna wo\u0142owa (zawiera mleko, laktoz\u0119), inulina, substancja wype\u0142niaj\u0105ca: maltodekstryna.<\/p>\n","protected":false},"excerpt":{"rendered":"<p> <strong>Forma podania:<\/strong> kapsu\u0142ki<br \/>  <strong>Gramatura:<\/strong> sztuka<br \/>  <strong>Pojemno\u015b\u0107:<\/strong> 30<br \/>  <strong>P\u0142e\u0107:<\/strong> unisex<br \/>  <strong>Rodzaj:<\/strong> pozosta\u0142e <\/p>\n","protected":false},"featured_media":45902,"comment_status":"open","ping_status":"closed","template":"","meta":{"_acf_changed":false},"kategoria-hurtowni":[206,205],"product_brand":[587],"product_cat":[76],"product_tag":[],"class_list":{"0":"post-45901","1":"product","2":"type-product","3":"status-publish","4":"has-post-thumbnail","6":"kategoria-hurtowni-suplementy-diety","7":"kategoria-hurtowni-zdrowie","8":"product_brand-osavi","9":"product_cat-primavera","11":"first","12":"outofstock","13":"taxable","14":"shipping-taxable","15":"product-type-simple"},"acf":[],"_links":{"self":[{"href":"https:\/\/premino.pl\/index.php?rest_route=\/wp\/v2\/product\/45901","targetHints":{"allow":["GET"]}}],"collection":[{"href":"https:\/\/premino.pl\/index.php?rest_route=\/wp\/v2\/product"}],"about":[{"href":"https:\/\/premino.pl\/index.php?rest_route=\/wp\/v2\/types\/product"}],"replies":[{"embeddable":true,"href":"https:\/\/premino.pl\/index.php?rest_route=%2Fwp%2Fv2%2Fcomments&post=45901"}],"wp:featuredmedia":[{"embeddable":true,"href":"https:\/\/premino.pl\/index.php?rest_route=\/wp\/v2\/media\/45902"}],"wp:attachment":[{"href":"https:\/\/premino.pl\/index.php?rest_route=%2Fwp%2Fv2%2Fmedia&parent=45901"}],"wp:term":[{"taxonomy":"kategoria-hurtowni","embeddable":true,"href":"https:\/\/premino.pl\/index.php?rest_route=%2Fwp%2Fv2%2Fkategoria-hurtowni&post=45901"},{"taxonomy":"product_brand","embeddable":true,"href":"https:\/\/premino.pl\/index.php?rest_route=%2Fwp%2Fv2%2Fproduct_brand&post=45901"},{"taxonomy":"product_cat","embeddable":true,"href":"https:\/\/premino.pl\/index.php?rest_route=%2Fwp%2Fv2%2Fproduct_cat&post=45901"},{"taxonomy":"product_tag","embeddable":true,"href":"https:\/\/premino.pl\/index.php?rest_route=%2Fwp%2Fv2%2Fproduct_tag&post=45901"}],"curies":[{"name":"wp","href":"https:\/\/api.w.org\/{rel}","templated":true}]}}