{"id":45917,"date":"2026-05-13T13:22:00","date_gmt":"2026-05-13T11:22:00","guid":{"rendered":"https:\/\/premino.pl\/?product=omega-3-olej-rybi-1000mg-suplement-diety-120-kapsulek"},"modified":"2026-05-13T13:22:09","modified_gmt":"2026-05-13T11:22:09","slug":"omega-3-olej-rybi-1000mg-suplement-diety-120-kapsulek","status":"publish","type":"product","link":"https:\/\/premino.pl\/?product=omega-3-olej-rybi-1000mg-suplement-diety-120-kapsulek","title":{"rendered":"Omega-3 Olej Rybi 1000mg suplement diety 120 kapsu\u0142ek"},"content":{"rendered":"<p>Suplement diety w postaci kapsu\u0142ki mi\u0119kkiej ze skoncentrowanym, oczyszczonym olejem rybim (1000 mg w 1 kapsu\u0142ce). Zawiera niezb\u0119dne nienasycone kwasy t\u0142uszczowe (EPA i DHA). Olej z ryb pelagicznych (m.in. anchovies) pochodz\u0105cych ze zr\u00f3wnowa\u017conych po\u0142ow\u00f3w.<\/p>\n<\/p>\n<p>\u2022\u00a0<b>Kwas dokozaheksaenowy (DHA)<\/b>\u00a0przyczynia si\u0119 do utrzymania prawid\u0142owego funkcjonowania m\u00f3zgu i utrzymania prawid\u0142owego widzenia.<br \/>\u2022\u00a0<b>Kwas eikozapentaenowy (EPA) i kwas dokozaheksaenowy (DHA)<\/b>\u00a0przyczyniaj\u0105 si\u0119 do prawid\u0142owego funkcjonowania serca.<\/p>\n<p>Produkt Osavi to specjalnie opracowany koncentrat kwas\u00f3w omega-3 otrzymywany z oleju z ryb pelagicznych (anchovies) pochodz\u0105cych ze zr\u00f3wnowa\u017conych po\u0142ow\u00f3w na Oceanie Spokojnym.\u00a0Suplement wyprodukowany i przebadany jest zgodnie z monografi\u0105 GOED (\u015awiatowej Organizacji EPA i DHA Omega-3), a olej u\u017cyty do jego produkcji posiada certyfikat Friend of the Sea. W jednej kapsu\u0142ce znajduje si\u0119 1000 mg oczyszczonego oleju rybiego, a w zalecanej dziennej porcji (2 kapsu\u0142ki) \u2013\u00a02000 mg oleju, w tym min. 700 mg kwas\u00f3w omega-3. Produkt ma wysok\u0105 zawarto\u015b\u0107\u00a0EPA\u00a0(min. 360 mg) i\u00a0DHA\u00a0(min. 240 mg).\u00a0Omega-3 olej rybi 1000 mg\u00a0to suplement w formie kapsu\u0142ek mi\u0119kkich dostarczaj\u0105cy niezb\u0119dnych nienasyconych kwas\u00f3w t\u0142uszczowych EPA i DHA.<\/p>\n<p><b>Co wyr\u00f3\u017cnia kapsu\u0142ki Omega-3 olej rybi 1000 mg?<br \/><\/b>\u2022 Specjalnie opracowany koncentrat kwas\u00f3w omega-3 otrzymywany z oleju z ryb pelagicznych (m.in. anchovies).<br \/>\u2022 Olej z ryb pelagicznych pochodz\u0105cych ze zr\u00f3wnowa\u017conych po\u0142ow\u00f3w (certyfikat Friend of the Sea).<br \/>\u2022 Wysoko oczyszczony olej rybi produkowany w zgodzie z monografi\u0105 GOED (\u015awiatowa organizacja EPA i DHA Omega-3).<br \/>\u2022\u00a0Wysoka zawarto\u015b\u0107 niezb\u0119dnych nienasyconych kwas\u00f3w t\u0142uszczowych EPA i DHA.<br \/>\u2022 Olej produkowany z zastosowaniem destylacji molekularnej.<br \/>\u2022 Bez cukru, bez glutenu, bez laktozy, bez soi, bez GMO.<\/p>\n<p><b>Stosowanie:<\/b>\u00a02 kapsu\u0142ki dziennie. Po\u0142knij kapsu\u0142ki popijaj\u0105c wod\u0105, najlepiej z posi\u0142kiem.<\/p>\n<p>.<\/p>\n<p><strong>Forma podania:<\/strong> kapsu\u0142ki<br \/>\n<strong>Gramatura:<\/strong> sztuka<br \/>\n<strong>Pojemno\u015b\u0107:<\/strong> 120<br \/>\n<strong>P\u0142e\u0107:<\/strong> unisex<br \/>\n<strong>Rodzaj:<\/strong> pozosta\u0142e<\/p>\n<p><strong>Uwagi:<\/strong><\/p>\n<p>Nie nale\u017cy przekracza\u0107 zalecanej dziennej porcji. Korzystne dzia\u0142anie wyst\u0119puje w przypadku spo\u017cywania 250 mg EPA i DHA dziennie. Suplement diety nie mo\u017ce by\u0107 stosowany jako substytut (zamiennik) zr\u00f3\u017cnicowanej diety. Dla utrzymania prawid\u0142owego stanu zdrowia nale\u017cy stosowa\u0107 zr\u00f3\u017cnicowan\u0105 diet\u0119 i prowadzi\u0107 zdrowy tryb \u017cycia. Przechowywa\u0107 w ciemnym i suchym miejscu w temperaturze pokojowej, w spos\u00f3b niedost\u0119pny dla ma\u0142ych dzieci.<\/p>\n<p><strong>Sk\u0142adniki:<\/strong><\/p>\n<p>Olej\u00a0<b>rybi<\/b>\u00a0z ryb pelagicznych, otoczka (\u017celatyna wo\u0142owa, substancja utrzymuj\u0105ca wilgo\u0107: glicerol, woda, naturalny aromat cytrynowy), przeciwutleniacz: D-alfa-tokoferol.<\/p>\n","protected":false},"excerpt":{"rendered":"<p> <strong>Forma podania:<\/strong> kapsu\u0142ki<br \/>  <strong>Gramatura:<\/strong> sztuka<br \/>  <strong>Pojemno\u015b\u0107:<\/strong> 120<br \/>  <strong>P\u0142e\u0107:<\/strong> unisex<br \/>  <strong>Rodzaj:<\/strong> pozosta\u0142e <\/p>\n","protected":false},"featured_media":45918,"comment_status":"open","ping_status":"closed","template":"","meta":{"_acf_changed":false},"kategoria-hurtowni":[206,205],"product_brand":[587],"product_cat":[76],"product_tag":[],"class_list":{"0":"post-45917","1":"product","2":"type-product","3":"status-publish","4":"has-post-thumbnail","6":"kategoria-hurtowni-suplementy-diety","7":"kategoria-hurtowni-zdrowie","8":"product_brand-osavi","9":"product_cat-primavera","11":"first","12":"outofstock","13":"taxable","14":"shipping-taxable","15":"product-type-simple"},"acf":[],"_links":{"self":[{"href":"https:\/\/premino.pl\/index.php?rest_route=\/wp\/v2\/product\/45917","targetHints":{"allow":["GET"]}}],"collection":[{"href":"https:\/\/premino.pl\/index.php?rest_route=\/wp\/v2\/product"}],"about":[{"href":"https:\/\/premino.pl\/index.php?rest_route=\/wp\/v2\/types\/product"}],"replies":[{"embeddable":true,"href":"https:\/\/premino.pl\/index.php?rest_route=%2Fwp%2Fv2%2Fcomments&post=45917"}],"wp:featuredmedia":[{"embeddable":true,"href":"https:\/\/premino.pl\/index.php?rest_route=\/wp\/v2\/media\/45918"}],"wp:attachment":[{"href":"https:\/\/premino.pl\/index.php?rest_route=%2Fwp%2Fv2%2Fmedia&parent=45917"}],"wp:term":[{"taxonomy":"kategoria-hurtowni","embeddable":true,"href":"https:\/\/premino.pl\/index.php?rest_route=%2Fwp%2Fv2%2Fkategoria-hurtowni&post=45917"},{"taxonomy":"product_brand","embeddable":true,"href":"https:\/\/premino.pl\/index.php?rest_route=%2Fwp%2Fv2%2Fproduct_brand&post=45917"},{"taxonomy":"product_cat","embeddable":true,"href":"https:\/\/premino.pl\/index.php?rest_route=%2Fwp%2Fv2%2Fproduct_cat&post=45917"},{"taxonomy":"product_tag","embeddable":true,"href":"https:\/\/premino.pl\/index.php?rest_route=%2Fwp%2Fv2%2Fproduct_tag&post=45917"}],"curies":[{"name":"wp","href":"https:\/\/api.w.org\/{rel}","templated":true}]}}