{"id":45923,"date":"2026-05-13T13:22:00","date_gmt":"2026-05-13T11:22:00","guid":{"rendered":"https:\/\/premino.pl\/?product=super-omega-2900mg-suplement-diety-cytryna-250ml"},"modified":"2026-05-13T13:22:11","modified_gmt":"2026-05-13T11:22:11","slug":"super-omega-2900mg-suplement-diety-cytryna-250ml","status":"publish","type":"product","link":"https:\/\/premino.pl\/?product=super-omega-2900mg-suplement-diety-cytryna-250ml","title":{"rendered":"Super Omega 2900mg suplement diety Cytryna 250ml"},"content":{"rendered":"<p>Suplement diety zawieraj\u0105cy olej pozyskiwany z ryb pelagicznych (g\u0142\u00f3wnie anchovies) po\u0142awianych w spos\u00f3b zr\u00f3wnowa\u017cony. Zawiera wysokie st\u0119\u017cenie niezb\u0119dnych nienasyconych kwas\u00f3w t\u0142uszczowych (DHA i EPA) w wysoce przyswajalnej formie tr\u00f3jgliceryd\u00f3w (TG).<\/p>\n<\/p>\n<p><b>Kwas eikozapentaenowy\u00a0(EPA) i\u00a0dokozaheksaenowy\u00a0(DHA):<\/b><br \/>\u2022 przyczyniaj\u0105 si\u0119 do prawid\u0142owego funkcjonowania serca.<br \/>\u2022 pomagaj\u0105 w utrzymaniu prawid\u0142owego poziomu tr\u00f3jgliceryd\u00f3w we krwi.<br \/>\u2022 przyczynia si\u0119 do utrzymania prawid\u0142owego funkcjonowania m\u00f3zgu i prawid\u0142owego widzenia.<\/p>\n<p><b>Stosowanie:\u00a0<\/b>Przyjmuj 1 \u0142y\u017ceczk\u0119 oleju dziennie. Najlepiej przyjmowa\u0107 z posi\u0142kiem lub bezpo\u015brednio po posi\u0142ku.<\/p>\n<p><strong>Forma podania:<\/strong> p\u0142yn<br \/>\n<strong>Gramatura:<\/strong> ml<br \/>\n<strong>Pojemno\u015b\u0107:<\/strong> 250<br \/>\n<strong>P\u0142e\u0107:<\/strong> unisex<br \/>\n<strong>Rodzaj:<\/strong> pozosta\u0142e<\/p>\n<p><strong>Uwagi:<\/strong><\/p>\n<p>Nie nale\u017cy przekracza\u0107 zalecanej dziennej porcji. Korzystne dzia\u0142anie wyst\u0119puje w przypadku spo\u017cywania 2 g EPA i DHA dziennie. Nie nale\u017cy przekracza\u0107 poziomu uzupe\u0142niaj\u0105cego dziennego spo\u017cycia wynosz\u0105cego 5 g EPA i DHA \u0142\u0105cznie. Suplement diety nie mo\u017ce by\u0107 stosowany jako substytut (zamiennik) zr\u00f3\u017cnicowanej diety. Dla utrzymania prawid\u0142owego stanu zdrowia nale\u017cy stosowa\u0107 zr\u00f3\u017cnicowan\u0105 diet\u0119 i prowadzi\u0107 zdrowy tryb \u017cycia. Przechowywa\u0107 w ciemnym i suchym miejscu w temperaturze pokojowej, w spos\u00f3b niedost\u0119pny dla ma\u0142ych dzieci. Po otwarciu przechowywa\u0107 w lod\u00f3wce i zu\u017cy\u0107 w ci\u0105gu 3 miesi\u0119cy. Zawarto\u015b\u0107 cukru w porcji\/ 100 gramach: 0 gram\u00f3w\/ 0 gram\u00f3w.<\/p>\n<p><strong>Sk\u0142adniki:<\/strong><\/p>\n<p>Olej\u00a0<b>rybi<\/b>\u00a0z ryb pelagicznych, naturalny aromat cytrynowy, przeciwutleniacz: mieszanina tokoferoli.<\/p>\n","protected":false},"excerpt":{"rendered":"<p> <strong>Forma podania:<\/strong> p\u0142yn<br \/>  <strong>Gramatura:<\/strong> ml<br \/>  <strong>Pojemno\u015b\u0107:<\/strong> 250<br \/>  <strong>P\u0142e\u0107:<\/strong> unisex<br \/>  <strong>Rodzaj:<\/strong> pozosta\u0142e <\/p>\n","protected":false},"featured_media":45924,"comment_status":"open","ping_status":"closed","template":"","meta":{"_acf_changed":false},"kategoria-hurtowni":[206,205],"product_brand":[587],"product_cat":[76],"product_tag":[],"class_list":{"0":"post-45923","1":"product","2":"type-product","3":"status-publish","4":"has-post-thumbnail","6":"kategoria-hurtowni-suplementy-diety","7":"kategoria-hurtowni-zdrowie","8":"product_brand-osavi","9":"product_cat-primavera","11":"first","12":"outofstock","13":"taxable","14":"shipping-taxable","15":"product-type-simple"},"acf":[],"_links":{"self":[{"href":"https:\/\/premino.pl\/index.php?rest_route=\/wp\/v2\/product\/45923","targetHints":{"allow":["GET"]}}],"collection":[{"href":"https:\/\/premino.pl\/index.php?rest_route=\/wp\/v2\/product"}],"about":[{"href":"https:\/\/premino.pl\/index.php?rest_route=\/wp\/v2\/types\/product"}],"replies":[{"embeddable":true,"href":"https:\/\/premino.pl\/index.php?rest_route=%2Fwp%2Fv2%2Fcomments&post=45923"}],"wp:featuredmedia":[{"embeddable":true,"href":"https:\/\/premino.pl\/index.php?rest_route=\/wp\/v2\/media\/45924"}],"wp:attachment":[{"href":"https:\/\/premino.pl\/index.php?rest_route=%2Fwp%2Fv2%2Fmedia&parent=45923"}],"wp:term":[{"taxonomy":"kategoria-hurtowni","embeddable":true,"href":"https:\/\/premino.pl\/index.php?rest_route=%2Fwp%2Fv2%2Fkategoria-hurtowni&post=45923"},{"taxonomy":"product_brand","embeddable":true,"href":"https:\/\/premino.pl\/index.php?rest_route=%2Fwp%2Fv2%2Fproduct_brand&post=45923"},{"taxonomy":"product_cat","embeddable":true,"href":"https:\/\/premino.pl\/index.php?rest_route=%2Fwp%2Fv2%2Fproduct_cat&post=45923"},{"taxonomy":"product_tag","embeddable":true,"href":"https:\/\/premino.pl\/index.php?rest_route=%2Fwp%2Fv2%2Fproduct_tag&post=45923"}],"curies":[{"name":"wp","href":"https:\/\/api.w.org\/{rel}","templated":true}]}}