{"id":45941,"date":"2026-05-13T13:57:58","date_gmt":"2026-05-13T11:57:58","guid":{"rendered":"https:\/\/premino.pl\/?product=witamina-d3-k2-4000iu-150%ce%bcg-suplement-diety-120-kapsulek"},"modified":"2026-05-13T13:58:02","modified_gmt":"2026-05-13T11:58:02","slug":"witamina-d3-k2-4000iu-150%ce%bcg-suplement-diety-120-kapsulek","status":"publish","type":"product","link":"https:\/\/premino.pl\/?product=witamina-d3-k2-4000iu-150%ce%bcg-suplement-diety-120-kapsulek","title":{"rendered":"Witamina D3 + K2 4000IU + 150\u03bcg suplement diety 120 kapsu\u0142ek"},"content":{"rendered":"<p>Suplement diety w postaci kapsu\u0142ki mi\u0119kkiej z witamin\u0105 D3 naturalnego pochodzenia (Quali\u00ae-D) i wysoko przyswajaln\u0105 witamin\u0105 K2 (K2VITAL\u00ae) rozpuszczonymi w oleju MCT z kokosa.\u00a0<\/p>\n<\/p>\n<p>\u2022\u00a0Witamina D i witamina K\u00a0pomagaj\u0105 w utrzymaniu zdrowych ko\u015bci.<br \/>\u2022\u00a0Witamina D\u00a0pomaga w utrzymaniu zdrowych z\u0119b\u00f3w i prawid\u0142owego poziomu wapnia we krwi.<br \/>\u2022\u00a0Witamina D\u00a0pomaga w prawid\u0142owym funkcjonowaniu uk\u0142adu odporno\u015bciowego.<br \/>\u2022 Witamina D\u00a0pomaga w prawid\u0142owym funkcjonowaniu mi\u0119\u015bni i bierze udzia\u0142 w procesie podzia\u0142u kom\u00f3rek.<br \/>\u2022\u00a0Witamina K\u00a0przyczynia si\u0119 do prawid\u0142owego krzepni\u0119cia krwi.\u00a0<\/p>\n<p><b>Zalecana dzienna porcja:<\/b>\u00a01 kapsu\u0142ka, rano, po posi\u0142ku.\u00a0Po\u0142knij kapsu\u0142k\u0119 popijaj\u0105c wod\u0105. Najlepiej przyjmowa\u0107 z posi\u0142kiem lub bezpo\u015brednio po.<\/p>\n<p><strong>Forma podania:<\/strong> kapsu\u0142ki<br \/>\n<strong>Gramatura:<\/strong> sztuka<br \/>\n<strong>Pojemno\u015b\u0107:<\/strong> 120<br \/>\n<strong>P\u0142e\u0107:<\/strong> unisex<br \/>\n<strong>Rodzaj:<\/strong> witaminy i minera\u0142y<\/p>\n<p><strong>Uwagi:<\/strong><\/p>\n<p>Nie nale\u017cy przekracza\u0107 zalecanej dziennej porcji. Produkt przeznaczony wy\u0142\u0105cznie dla os\u00f3b zdrowych powy\u017cej 75 roku \u017cycia. Suplement diety nie mo\u017ce by\u0107 stosowany jako substytut (zamiennik) zr\u00f3\u017cnicowanej diety. Dla utrzymania prawid\u0142owego stanu zdrowia nale\u017cy stosowa\u0107 zr\u00f3\u017cnicowan\u0105 diet\u0119 i prowadzi\u0107 zdrowy tryb \u017cycia. Produkt nie powinien by\u0107 spo\u017cywany przez osoby przyjmuj\u0105ce leki przeciwzakrzepowe zawieraj\u0105ce antagonist\u00f3w witaminy K (np. warfaryna i acenokumarol). Opcjonalnie: Przed zastosowaniem wskazane jest wykonanie badania 25-(OH)D we krwi oraz konsultacja wyniku badania z lekarzem lub farmaceut\u0105. Przechowywa\u0107 w ciemnym i suchym miejscu w temperaturze pokojowej, w spos\u00f3b niedost\u0119pny dla ma\u0142ych dzieci.<\/p>\n<p><strong>Sk\u0142adniki:<\/strong><\/p>\n<p>Olej MCT (\u015brednio\u0142a\u0144cuchowe kwasy t\u0142uszczowe), otoczka (\u017celatyna wo\u0142owa, substancja utrzymuj\u0105ca wilgo\u0107: glicerol, woda), menachinon-7, cholekalcyferol.\u00a0<\/p>\n","protected":false},"excerpt":{"rendered":"<p> <strong>Forma podania:<\/strong> kapsu\u0142ki<br \/>  <strong>Gramatura:<\/strong> sztuka<br \/>  <strong>Pojemno\u015b\u0107:<\/strong> 120<br \/>  <strong>P\u0142e\u0107:<\/strong> unisex<br \/>  <strong>Rodzaj:<\/strong> witaminy i minera\u0142y <\/p>\n","protected":false},"featured_media":45942,"comment_status":"open","ping_status":"closed","template":"","meta":{"_acf_changed":false},"kategoria-hurtowni":[206,205],"product_brand":[587],"product_cat":[76],"product_tag":[],"class_list":{"0":"post-45941","1":"product","2":"type-product","3":"status-publish","4":"has-post-thumbnail","6":"kategoria-hurtowni-suplementy-diety","7":"kategoria-hurtowni-zdrowie","8":"product_brand-osavi","9":"product_cat-primavera","11":"first","12":"outofstock","13":"taxable","14":"shipping-taxable","15":"product-type-simple"},"acf":[],"_links":{"self":[{"href":"https:\/\/premino.pl\/index.php?rest_route=\/wp\/v2\/product\/45941","targetHints":{"allow":["GET"]}}],"collection":[{"href":"https:\/\/premino.pl\/index.php?rest_route=\/wp\/v2\/product"}],"about":[{"href":"https:\/\/premino.pl\/index.php?rest_route=\/wp\/v2\/types\/product"}],"replies":[{"embeddable":true,"href":"https:\/\/premino.pl\/index.php?rest_route=%2Fwp%2Fv2%2Fcomments&post=45941"}],"wp:featuredmedia":[{"embeddable":true,"href":"https:\/\/premino.pl\/index.php?rest_route=\/wp\/v2\/media\/45942"}],"wp:attachment":[{"href":"https:\/\/premino.pl\/index.php?rest_route=%2Fwp%2Fv2%2Fmedia&parent=45941"}],"wp:term":[{"taxonomy":"kategoria-hurtowni","embeddable":true,"href":"https:\/\/premino.pl\/index.php?rest_route=%2Fwp%2Fv2%2Fkategoria-hurtowni&post=45941"},{"taxonomy":"product_brand","embeddable":true,"href":"https:\/\/premino.pl\/index.php?rest_route=%2Fwp%2Fv2%2Fproduct_brand&post=45941"},{"taxonomy":"product_cat","embeddable":true,"href":"https:\/\/premino.pl\/index.php?rest_route=%2Fwp%2Fv2%2Fproduct_cat&post=45941"},{"taxonomy":"product_tag","embeddable":true,"href":"https:\/\/premino.pl\/index.php?rest_route=%2Fwp%2Fv2%2Fproduct_tag&post=45941"}],"curies":[{"name":"wp","href":"https:\/\/api.w.org\/{rel}","templated":true}]}}