{"id":45957,"date":"2026-05-13T13:57:58","date_gmt":"2026-05-13T11:57:58","guid":{"rendered":"https:\/\/premino.pl\/?product=ultimate-omega-1280mg-suplement-diety-60-kapsulek"},"modified":"2026-05-13T13:58:06","modified_gmt":"2026-05-13T11:58:06","slug":"ultimate-omega-1280mg-suplement-diety-60-kapsulek","status":"publish","type":"product","link":"https:\/\/premino.pl\/?product=ultimate-omega-1280mg-suplement-diety-60-kapsulek","title":{"rendered":"Ultimate Omega 1280mg suplement diety 60 kapsu\u0142ek"},"content":{"rendered":"<p>Ultimate Omega dostarcza skoncentrowane dawki EPA i DHA, zapewniaj\u0105c intensywne wsparcie kwasami t\u0142uszczowymi omega-3. Ultimate Omega wspomaga zdrowie m\u00f3zgu, prawid\u0142owe funkcjonowanie uk\u0142adu odporno\u015bciowego, naturaln\u0105 ruchomo\u015b\u0107 staw\u00f3w oraz zdrowie serca.<\/p>\n<p><b>SPOS\u00d3B U\u017bYCIA:<\/b>\u00a0Doro\u015bli: przyjmuj 2 kapsu\u0142ki z posi\u0142kiem.<\/p>\n<p><b>ZALECANA PORCJA DZIENNA:<\/b>\u00a02 kapsu\u0142ki. Nie nale\u017cy przekracza\u0107 zalecanej dziennej porcji do spo\u017cycia.<\/p>\n<p><b>SPOS\u00d3B PRZECHOWYWANIA:<\/b>\u00a0Suplementy diety powinny by\u0107 przechowywane w spos\u00f3b niedost\u0119pny dla ma\u0142ych dzieci. Przechowywa\u0107 w ch\u0142odnym, suchym miejscu, z dala od \u015bwiat\u0142a s\u0142onecznego.<\/p>\n<p><strong>Forma podania:<\/strong> kapsu\u0142ki<br \/>\n<strong>Gramatura:<\/strong> sztuka<br \/>\n<strong>Pojemno\u015b\u0107:<\/strong> 60<br \/>\n<strong>P\u0142e\u0107:<\/strong> unisex<br \/>\n<strong>Rodzaj:<\/strong> pozosta\u0142e<\/p>\n<p><strong>Uwagi:<\/strong><\/p>\n<p><b>UWAGA!:<\/b>\u00a0Produkt nie mo\u017ce by\u0107 stosowany jako substytut (zamiennik) zr\u00f3\u017cnicowanej diety.\u00a0Produkt nie jest zalecany dla os\u00f3b przyjmuj\u0105cych leki (w tym leki rozrzedzaj\u0105ce krew) i w przypadku chor\u00f3<\/p>\n<p><strong>Sk\u0142adniki:<\/strong><\/p>\n<p>oczyszczony olej z\u00a0<b>ryb<\/b>\u00a0g\u0142\u0119binowych (z\u00a0<b>anchois<\/b>,\u00a0<b>sardynek<\/b>,\u00a0<b>makreli<\/b>,\u00a0<b>\u015bledzi<\/b>), otoczka kapsu\u0142ki mi\u0119kkiej (\u017celatyna, substancja utrzymuj\u0105ca wilgo\u0107: glicerol; woda, naturalny aromat); naturalny aromat, przeciwutleniacz: alfa-tokoferol; substancja konserwuj\u0105ca: ekstrakt z rozmarynu.<\/p>\n","protected":false},"excerpt":{"rendered":"<p> <strong>Forma podania:<\/strong> kapsu\u0142ki<br \/>  <strong>Gramatura:<\/strong> sztuka<br \/>  <strong>Pojemno\u015b\u0107:<\/strong> 60<br \/>  <strong>P\u0142e\u0107:<\/strong> unisex<br \/>  <strong>Rodzaj:<\/strong> pozosta\u0142e <\/p>\n","protected":false},"featured_media":45958,"comment_status":"open","ping_status":"closed","template":"","meta":{"_acf_changed":false},"kategoria-hurtowni":[206,205],"product_brand":[589],"product_cat":[76],"product_tag":[],"class_list":{"0":"post-45957","1":"product","2":"type-product","3":"status-publish","4":"has-post-thumbnail","6":"kategoria-hurtowni-suplementy-diety","7":"kategoria-hurtowni-zdrowie","8":"product_brand-nordic-naturals","9":"product_cat-primavera","11":"first","12":"outofstock","13":"taxable","14":"shipping-taxable","15":"product-type-simple"},"acf":[],"_links":{"self":[{"href":"https:\/\/premino.pl\/index.php?rest_route=\/wp\/v2\/product\/45957","targetHints":{"allow":["GET"]}}],"collection":[{"href":"https:\/\/premino.pl\/index.php?rest_route=\/wp\/v2\/product"}],"about":[{"href":"https:\/\/premino.pl\/index.php?rest_route=\/wp\/v2\/types\/product"}],"replies":[{"embeddable":true,"href":"https:\/\/premino.pl\/index.php?rest_route=%2Fwp%2Fv2%2Fcomments&post=45957"}],"wp:featuredmedia":[{"embeddable":true,"href":"https:\/\/premino.pl\/index.php?rest_route=\/wp\/v2\/media\/45958"}],"wp:attachment":[{"href":"https:\/\/premino.pl\/index.php?rest_route=%2Fwp%2Fv2%2Fmedia&parent=45957"}],"wp:term":[{"taxonomy":"kategoria-hurtowni","embeddable":true,"href":"https:\/\/premino.pl\/index.php?rest_route=%2Fwp%2Fv2%2Fkategoria-hurtowni&post=45957"},{"taxonomy":"product_brand","embeddable":true,"href":"https:\/\/premino.pl\/index.php?rest_route=%2Fwp%2Fv2%2Fproduct_brand&post=45957"},{"taxonomy":"product_cat","embeddable":true,"href":"https:\/\/premino.pl\/index.php?rest_route=%2Fwp%2Fv2%2Fproduct_cat&post=45957"},{"taxonomy":"product_tag","embeddable":true,"href":"https:\/\/premino.pl\/index.php?rest_route=%2Fwp%2Fv2%2Fproduct_tag&post=45957"}],"curies":[{"name":"wp","href":"https:\/\/api.w.org\/{rel}","templated":true}]}}