{"id":46051,"date":"2026-05-13T13:58:32","date_gmt":"2026-05-13T11:58:32","guid":{"rendered":"https:\/\/premino.pl\/?product=perfect-intense-woda-perfumowana-spray-30ml"},"modified":"2026-05-13T13:58:34","modified_gmt":"2026-05-13T11:58:34","slug":"perfect-intense-woda-perfumowana-spray-30ml","status":"publish","type":"product","link":"https:\/\/premino.pl\/?product=perfect-intense-woda-perfumowana-spray-30ml","title":{"rendered":"Perfect Intense woda perfumowana spray 30ml"},"content":{"rendered":"<p>Woda perfumowana Perfect Intense to orientalno-kwiatowa, odwa\u017cna i pe\u0142na energii deklaracja zapachowa, kt\u00f3ra uka\u017ce Twoj\u0105 absolutn\u0105 doskona\u0142o\u015b\u0107.\u00a0<\/p>\n<p><b>Nuty zapachowe:<br \/><\/b><br \/><b>Nuta g\u0142owy: <\/b>narcyz, kwitn\u0105cy noc\u0105 ja\u015bmin<br \/><b>Nuta serca: <\/b>migda\u0142<br \/><b>Nuta bazy: <\/b>drzewo sanda\u0142owe<\/p>\n<p><strong>Gramatura:<\/strong> ml<br \/>\n<strong>Linia k\u0105pielowa:<\/strong> nie<br \/>\n<strong>Miniatura:<\/strong> nie<br \/>\n<strong>Nuta bazy:<\/strong> drzewo sanda\u0142owe<br \/>\n<strong>Nuta g\u0142owy:<\/strong> kwitn\u0105cy noc\u0105 ja\u015bmin, narcyz<br \/>\n<strong>Nuta g\u0142\u00f3wna:<\/strong> kwiatowe, orientalne<br \/>\n<strong>Nuta serca:<\/strong> migda\u0142<br \/>\n<strong>Pojemno\u015b\u0107:<\/strong> 30<br \/>\n<strong>Produkt rzadki:<\/strong> nie<br \/>\n<strong>Pr\u00f3bka:<\/strong> nie<br \/>\n<strong>P\u0142e\u0107:<\/strong> damski<br \/>\n<strong>Rodzaj:<\/strong> woda perfumowana<br \/>\n<strong>Tester:<\/strong> nie<br \/>\n<strong>Zapach alternatywny:<\/strong> nie<br \/>\n<strong>Zestaw:<\/strong> nie<\/p>\n<p><strong>Uwagi:<\/strong><\/p>\n<p>Produkt przechowywa\u0107 z dala od ognia i \u017ar\u00f3de\u0142 ciep\u0142a. Trzyma\u0107 w miejscu niedost\u0119pnym dla dzieci. Nie stosowa\u0107 na podra\u017cnion\u0105 lub uszkodzon\u0105 sk\u00f3r\u0119. Unika\u0107 kontaktu z oczami.<\/p>\n<p><strong>Sk\u0142adniki:<\/strong><\/p>\n<p>Alcohol Denat., Parfum\/fragrance, Aqua\/water\/eau, Benzyl Salicylate, Hydroxycitronellal, Linalool, Butyl Methoxydibenzoylmethane, Coumarin, Alphaisomethyl Ionone, Citronellol, Benzyl Benzoate, Alcohol, Tris(Tetramethylhydroxypiperidinol) Citrate, Limonene, Isoeugenol, Fd&#038;c Yellow No. 5 (Ci 19140), Fd&#038;c Red No. 4 (Ci 14700), Fd&#038;c Blue No. 1 (Ci 42090)<\/p>\n","protected":false},"excerpt":{"rendered":"<p> <strong>Gramatura:<\/strong> ml<br \/>  <strong>Linia k\u0105pielowa:<\/strong> nie<br \/>  <strong>Miniatura:<\/strong> nie<br \/>  <strong>Nuta bazy:<\/strong> drzewo sanda\u0142owe<br \/>  <strong>Nuta g\u0142owy:<\/strong> kwitn\u0105cy noc\u0105 ja\u015bmin, narcyz<br \/>  <strong>Nuta g\u0142\u00f3wna:<\/strong> kwiatowe, orientalne<br \/>  <strong>Nuta serca:<\/strong> migda\u0142<br \/>  <strong>Pojemno\u015b\u0107:<\/strong> 30<br \/>  <strong>Produkt rzadki:<\/strong> nie<br \/>  <strong>Pr\u00f3bka:<\/strong> nie<br \/>  <strong>P\u0142e\u0107:<\/strong> damski<br \/>  <strong>Rodzaj:<\/strong> woda perfumowana<br \/>  <strong>Tester:<\/strong> nie<br \/>  <strong>Zapach alternatywny:<\/strong> nie<br \/>  <strong>Zestaw:<\/strong> nie <\/p>\n","protected":false},"featured_media":46052,"comment_status":"open","ping_status":"closed","template":"","meta":{"_acf_changed":false},"kategoria-hurtowni":[87,88],"product_brand":[201],"product_cat":[76],"product_tag":[],"class_list":{"0":"post-46051","1":"product","2":"type-product","3":"status-publish","4":"has-post-thumbnail","6":"kategoria-hurtowni-perfumy","7":"kategoria-hurtowni-zapachy","8":"product_brand-marc-jacobs","9":"product_cat-primavera","11":"first","12":"outofstock","13":"taxable","14":"shipping-taxable","15":"product-type-simple"},"acf":[],"_links":{"self":[{"href":"https:\/\/premino.pl\/index.php?rest_route=\/wp\/v2\/product\/46051","targetHints":{"allow":["GET"]}}],"collection":[{"href":"https:\/\/premino.pl\/index.php?rest_route=\/wp\/v2\/product"}],"about":[{"href":"https:\/\/premino.pl\/index.php?rest_route=\/wp\/v2\/types\/product"}],"replies":[{"embeddable":true,"href":"https:\/\/premino.pl\/index.php?rest_route=%2Fwp%2Fv2%2Fcomments&post=46051"}],"wp:featuredmedia":[{"embeddable":true,"href":"https:\/\/premino.pl\/index.php?rest_route=\/wp\/v2\/media\/46052"}],"wp:attachment":[{"href":"https:\/\/premino.pl\/index.php?rest_route=%2Fwp%2Fv2%2Fmedia&parent=46051"}],"wp:term":[{"taxonomy":"kategoria-hurtowni","embeddable":true,"href":"https:\/\/premino.pl\/index.php?rest_route=%2Fwp%2Fv2%2Fkategoria-hurtowni&post=46051"},{"taxonomy":"product_brand","embeddable":true,"href":"https:\/\/premino.pl\/index.php?rest_route=%2Fwp%2Fv2%2Fproduct_brand&post=46051"},{"taxonomy":"product_cat","embeddable":true,"href":"https:\/\/premino.pl\/index.php?rest_route=%2Fwp%2Fv2%2Fproduct_cat&post=46051"},{"taxonomy":"product_tag","embeddable":true,"href":"https:\/\/premino.pl\/index.php?rest_route=%2Fwp%2Fv2%2Fproduct_tag&post=46051"}],"curies":[{"name":"wp","href":"https:\/\/api.w.org\/{rel}","templated":true}]}}