{"id":46063,"date":"2026-05-13T13:58:32","date_gmt":"2026-05-13T11:58:32","guid":{"rendered":"https:\/\/premino.pl\/?product=only-the-brave-woda-perfumowana-spray-125ml"},"modified":"2026-05-13T13:58:39","modified_gmt":"2026-05-13T11:58:39","slug":"only-the-brave-woda-perfumowana-spray-125ml","status":"publish","type":"product","link":"https:\/\/premino.pl\/?product=only-the-brave-woda-perfumowana-spray-125ml","title":{"rendered":"Only The Brave woda perfumowana spray 125ml"},"content":{"rendered":"<p>Woda perfumowana Only The Brave na nowo interpretuje si\u0142\u0119 \u2013 zar\u00f3wno psychiczn\u0105, jak i fizyczn\u0105 \u2013 podkre\u015blaj\u0105c energi\u0119, determinacj\u0119 oraz zmys\u0142ow\u0105 pewno\u015b\u0107 siebie. To zapach dla m\u0119\u017cczyzn, kt\u00f3rzy odwag\u0119 nosz\u0105 jak sw\u00f3j znak rozpoznawczy i dzi\u0119ki niej pozostaj\u0105 atrakcyjni na ka\u017cdym poziomie.<\/p>\n<p><\/p>\n<p><b>Nuty zapachowe:<br \/><\/b><br \/><b>Nuta g\u0142owy: <\/b>kolendra, mandarynka, cytryna<br \/><b>Nuta serca: <\/b>lawenda, sza\u0142wia muszkato\u0142owa<br \/><b>Nuta bazy: <\/b>zamsz, akord gourmand<\/p>\n<p><strong>Gramatura:<\/strong> ml<br \/>\n<strong>Linia k\u0105pielowa:<\/strong> nie<br \/>\n<strong>Miniatura:<\/strong> nie<br \/>\n<strong>Nuta bazy:<\/strong> akord gourmand, zamsz<br \/>\n<strong>Nuta g\u0142owy:<\/strong> cytryna, kolendra, mandarynka<br \/>\n<strong>Nuta g\u0142\u00f3wna:<\/strong> aromatyczne, sk\u00f3rzane<br \/>\n<strong>Nuta serca:<\/strong> lawenda, sza\u0142wia muszkato\u0142owa<br \/>\n<strong>Pojemno\u015b\u0107:<\/strong> 125<br \/>\n<strong>Produkt rzadki:<\/strong> nie<br \/>\n<strong>Pr\u00f3bka:<\/strong> nie<br \/>\n<strong>P\u0142e\u0107:<\/strong> m\u0119ski<br \/>\n<strong>Rodzaj:<\/strong> woda perfumowana<br \/>\n<strong>Tester:<\/strong> nie<br \/>\n<strong>Zapach alternatywny:<\/strong> nie<br \/>\n<strong>Zestaw:<\/strong> nie<\/p>\n<p><strong>Uwagi:<\/strong><\/p>\n<p>Produkt \u0142atwopalny do wyschni\u0119cia. Trzyma\u0107 z dala od ognia, \u017ar\u00f3de\u0142 zap\u0142onu i \u017carz\u0105cych si\u0119 materia\u0142\u00f3w. Nie rozpyla\u0107 na podra\u017cnion\u0105 sk\u00f3r\u0119 ani do oczu. W przypadku kontaktu z oczami natychmiast dok\u0142adnie przemy\u0107 wod\u0105.<\/p>\n<p><strong>Sk\u0142adniki:<\/strong><\/p>\n<p>ALCOHOL \u2022 AQUA \/ WATER \/ EAU \u2022 PARFUM \/ FRAGRANCE \u2022 LINALOOL \u2022 LIMONENE \u2022 ETHYLHEXYL SALICYLATE \u2022 BUTYL METHOXYDIBENZOYLMETHANE \u2022 COUMARIN \u2022 ALPHA-ISOMETHYL IONONE \u2022 CITRONELLOL \u2022 CITRAL \u2022 GERANIOL \u2022 METHYL 2-OCTYNOATE \u2022 CI 60730 \/ EXT. VIOLET 2 (F.I.L. N70040927\/1).<\/p>\n","protected":false},"excerpt":{"rendered":"<p> <strong>Gramatura:<\/strong> ml<br \/>  <strong>Linia k\u0105pielowa:<\/strong> nie<br \/>  <strong>Miniatura:<\/strong> nie<br \/>  <strong>Nuta bazy:<\/strong> akord gourmand, zamsz<br \/>  <strong>Nuta g\u0142owy:<\/strong> cytryna, kolendra, mandarynka<br \/>  <strong>Nuta g\u0142\u00f3wna:<\/strong> aromatyczne, sk\u00f3rzane<br \/>  <strong>Nuta serca:<\/strong> lawenda, sza\u0142wia muszkato\u0142owa<br \/>  <strong>Pojemno\u015b\u0107:<\/strong> 125<br \/>  <strong>Produkt rzadki:<\/strong> nie<br \/>  <strong>Pr\u00f3bka:<\/strong> nie<br \/>  <strong>P\u0142e\u0107:<\/strong> m\u0119ski<br \/>  <strong>Rodzaj:<\/strong> woda perfumowana<br \/>  <strong>Tester:<\/strong> nie<br \/>  <strong>Zapach alternatywny:<\/strong> nie<br \/>  <strong>Zestaw:<\/strong> nie <\/p>\n","protected":false},"featured_media":46064,"comment_status":"open","ping_status":"closed","template":"","meta":{"_acf_changed":false},"kategoria-hurtowni":[87,88],"product_brand":[500],"product_cat":[76],"product_tag":[],"class_list":{"0":"post-46063","1":"product","2":"type-product","3":"status-publish","4":"has-post-thumbnail","6":"kategoria-hurtowni-perfumy","7":"kategoria-hurtowni-zapachy","8":"product_brand-diesel","9":"product_cat-primavera","11":"first","12":"outofstock","13":"taxable","14":"shipping-taxable","15":"product-type-simple"},"acf":[],"_links":{"self":[{"href":"https:\/\/premino.pl\/index.php?rest_route=\/wp\/v2\/product\/46063","targetHints":{"allow":["GET"]}}],"collection":[{"href":"https:\/\/premino.pl\/index.php?rest_route=\/wp\/v2\/product"}],"about":[{"href":"https:\/\/premino.pl\/index.php?rest_route=\/wp\/v2\/types\/product"}],"replies":[{"embeddable":true,"href":"https:\/\/premino.pl\/index.php?rest_route=%2Fwp%2Fv2%2Fcomments&post=46063"}],"wp:featuredmedia":[{"embeddable":true,"href":"https:\/\/premino.pl\/index.php?rest_route=\/wp\/v2\/media\/46064"}],"wp:attachment":[{"href":"https:\/\/premino.pl\/index.php?rest_route=%2Fwp%2Fv2%2Fmedia&parent=46063"}],"wp:term":[{"taxonomy":"kategoria-hurtowni","embeddable":true,"href":"https:\/\/premino.pl\/index.php?rest_route=%2Fwp%2Fv2%2Fkategoria-hurtowni&post=46063"},{"taxonomy":"product_brand","embeddable":true,"href":"https:\/\/premino.pl\/index.php?rest_route=%2Fwp%2Fv2%2Fproduct_brand&post=46063"},{"taxonomy":"product_cat","embeddable":true,"href":"https:\/\/premino.pl\/index.php?rest_route=%2Fwp%2Fv2%2Fproduct_cat&post=46063"},{"taxonomy":"product_tag","embeddable":true,"href":"https:\/\/premino.pl\/index.php?rest_route=%2Fwp%2Fv2%2Fproduct_tag&post=46063"}],"curies":[{"name":"wp","href":"https:\/\/api.w.org\/{rel}","templated":true}]}}