{"id":46065,"date":"2026-05-13T13:58:32","date_gmt":"2026-05-13T11:58:32","guid":{"rendered":"https:\/\/premino.pl\/?product=explorer-extreme-perfumy-spray-60ml"},"modified":"2026-05-13T13:58:39","modified_gmt":"2026-05-13T11:58:39","slug":"explorer-extreme-perfumy-spray-60ml","status":"publish","type":"product","link":"https:\/\/premino.pl\/?product=explorer-extreme-perfumy-spray-60ml","title":{"rendered":"Explorer Extreme perfumy spray 60ml"},"content":{"rendered":"<p>Montblanc Explorer Extreme to wyraz podziwu dla dzikich, majestatycznych krajobraz\u00f3w najodleglejszych zak\u0105tk\u00f3w \u015bwiata. Zapach o niezwyk\u0142ej intensywno\u015bci oddaje ekscytacj\u0119 i pasj\u0119 towarzysz\u0105c\u0105 odkrywaniu nieznanych horyzont\u00f3w.<\/p>\n<p><b>Nuty zapachowe:<br \/><\/b><br \/><b>Nuta g\u0142owy: <\/b>bergamotka<br \/><b>Nuta serca: <\/b>paczula, wetyweria<br \/><b>Nuta bazy: <\/b>bursztyn, sk\u00f3ra<\/p>\n<p><strong>Gramatura:<\/strong> ml<br \/>\n<strong>Linia k\u0105pielowa:<\/strong> nie<br \/>\n<strong>Miniatura:<\/strong> nie<br \/>\n<strong>Nuta bazy:<\/strong> bursztyn, sk\u00f3ra<br \/>\n<strong>Nuta g\u0142owy:<\/strong> bergamotka<br \/>\n<strong>Nuta g\u0142\u00f3wna:<\/strong> aromatyczne, drzewne<br \/>\n<strong>Nuta serca:<\/strong> paczula, wetyweria<br \/>\n<strong>Pojemno\u015b\u0107:<\/strong> 60<br \/>\n<strong>Produkt rzadki:<\/strong> nie<br \/>\n<strong>Pr\u00f3bka:<\/strong> nie<br \/>\n<strong>P\u0142e\u0107:<\/strong> m\u0119ski<br \/>\n<strong>Rodzaj:<\/strong> perfumy<br \/>\n<strong>Tester:<\/strong> nie<br \/>\n<strong>Zapach alternatywny:<\/strong> nie<br \/>\n<strong>Zestaw:<\/strong> nie<\/p>\n<p><strong>Uwagi:<\/strong><\/p>\n<p>Produkt przechowywa\u0107 z dala od ognia i \u017ar\u00f3de\u0142 ciep\u0142a. Trzyma\u0107 w miejscu niedost\u0119pnym dla dzieci. Nie stosowa\u0107 na podra\u017cnion\u0105 lub uszkodzon\u0105 sk\u00f3r\u0119. Unika\u0107 kontaktu z oczami.<\/p>\n<p><strong>Sk\u0142adniki:<\/strong><\/p>\n<p>ALCOHOL DENAT \u2022 PARFUM \u2022 TETRAMETHYL ACETYLOCTAHYDRONAPHTHALENES \u2022 HEXAMETHYLINDANOPYRAN \u2022 LINALYL ACETATE \u2022 POGOSTEMON CABLIN \u2022 OIL \u2022 LIMONENE \u2022 CITRUS LIMON PEEL OIL \u2022 LINALOOL \u2022 COUMARIN \u2022 CITRUS AURANTIUM PEEL OIL \u2022 VANILLIN \u2022 PINENE \u2022 LAVANDULA OIL\/EXTRACT \u2022 BETA-CARYOPHYLLENE \u2022 CITRAL \u2022 EUGENIA CARYOPHYLLUS OIL \u2022 ROSE KETONES \u2022 TERPINEOL \u2022 TERPINOLENE \u2022 EUGENOL \u2022 GERANYL ACETATE \u2022 ALPHA-TERPINENE \u2022 GERANIOL \u2022 CITRUS AURANTIUM BERGAMIA PEEL OIL \u2022 DIPROPYLENE GLYCOL \u2022 WATER \u2022 ETHYLHEXYL SALICYLATE \u2022 BUTYL METHOXYDIBENZOYLMETHANE.<\/p>\n","protected":false},"excerpt":{"rendered":"<p> <strong>Gramatura:<\/strong> ml<br \/>  <strong>Linia k\u0105pielowa:<\/strong> nie<br \/>  <strong>Miniatura:<\/strong> nie<br \/>  <strong>Nuta bazy:<\/strong> bursztyn, sk\u00f3ra<br \/>  <strong>Nuta g\u0142owy:<\/strong> bergamotka<br \/>  <strong>Nuta g\u0142\u00f3wna:<\/strong> aromatyczne, drzewne<br \/>  <strong>Nuta serca:<\/strong> paczula, wetyweria<br \/>  <strong>Pojemno\u015b\u0107:<\/strong> 60<br \/>  <strong>Produkt rzadki:<\/strong> nie<br \/>  <strong>Pr\u00f3bka:<\/strong> nie<br \/>  <strong>P\u0142e\u0107:<\/strong> m\u0119ski<br \/>  <strong>Rodzaj:<\/strong> perfumy<br \/>  <strong>Tester:<\/strong> nie<br \/>  <strong>Zapach alternatywny:<\/strong> nie<br \/>  <strong>Zestaw:<\/strong> nie <\/p>\n","protected":false},"featured_media":46066,"comment_status":"open","ping_status":"closed","template":"","meta":{"_acf_changed":false},"kategoria-hurtowni":[87,88],"product_brand":[513],"product_cat":[76],"product_tag":[],"class_list":{"0":"post-46065","1":"product","2":"type-product","3":"status-publish","4":"has-post-thumbnail","6":"kategoria-hurtowni-perfumy","7":"kategoria-hurtowni-zapachy","8":"product_brand-mont-blanc","9":"product_cat-primavera","11":"first","12":"outofstock","13":"taxable","14":"shipping-taxable","15":"product-type-simple"},"acf":[],"_links":{"self":[{"href":"https:\/\/premino.pl\/index.php?rest_route=\/wp\/v2\/product\/46065","targetHints":{"allow":["GET"]}}],"collection":[{"href":"https:\/\/premino.pl\/index.php?rest_route=\/wp\/v2\/product"}],"about":[{"href":"https:\/\/premino.pl\/index.php?rest_route=\/wp\/v2\/types\/product"}],"replies":[{"embeddable":true,"href":"https:\/\/premino.pl\/index.php?rest_route=%2Fwp%2Fv2%2Fcomments&post=46065"}],"wp:featuredmedia":[{"embeddable":true,"href":"https:\/\/premino.pl\/index.php?rest_route=\/wp\/v2\/media\/46066"}],"wp:attachment":[{"href":"https:\/\/premino.pl\/index.php?rest_route=%2Fwp%2Fv2%2Fmedia&parent=46065"}],"wp:term":[{"taxonomy":"kategoria-hurtowni","embeddable":true,"href":"https:\/\/premino.pl\/index.php?rest_route=%2Fwp%2Fv2%2Fkategoria-hurtowni&post=46065"},{"taxonomy":"product_brand","embeddable":true,"href":"https:\/\/premino.pl\/index.php?rest_route=%2Fwp%2Fv2%2Fproduct_brand&post=46065"},{"taxonomy":"product_cat","embeddable":true,"href":"https:\/\/premino.pl\/index.php?rest_route=%2Fwp%2Fv2%2Fproduct_cat&post=46065"},{"taxonomy":"product_tag","embeddable":true,"href":"https:\/\/premino.pl\/index.php?rest_route=%2Fwp%2Fv2%2Fproduct_tag&post=46065"}],"curies":[{"name":"wp","href":"https:\/\/api.w.org\/{rel}","templated":true}]}}