{"id":46069,"date":"2026-05-13T13:58:32","date_gmt":"2026-05-13T11:58:32","guid":{"rendered":"https:\/\/premino.pl\/?product=the-collection-confident-oud-woda-perfumowana-spray-100ml"},"modified":"2026-05-13T13:58:41","modified_gmt":"2026-05-13T11:58:41","slug":"the-collection-confident-oud-woda-perfumowana-spray-100ml","status":"publish","type":"product","link":"https:\/\/premino.pl\/?product=the-collection-confident-oud-woda-perfumowana-spray-100ml","title":{"rendered":"The Collection Confident Oud woda perfumowana spray 100ml"},"content":{"rendered":"<p>Confident Oud zajmuje centralne miejsce w \u015bwiecie najcenniejszych sk\u0142adnik\u00f3w. Oud, symbol wyrafinowania, emanuje luksusem i wyj\u0105tkowo\u015bci\u0105. Towarzysz\u0105 mu inne eleganckie nuty, kt\u00f3re niczym reflektory na czerwonym dywanie podkre\u015blaj\u0105 jego blask, tworz\u0105c kompozycj\u0119 pe\u0142n\u0105 szyku i ol\u015bniewaj\u0105cej harmonii.<\/p>\n<p><b>Nuty zapachowe:<br \/><\/b><br \/><b>Nuta g\u0142owy: <\/b>nuty drzewne<br \/><b>Nuta serca: <\/b>otr\u0119by<br \/><b>Nuta bazy: <\/b>\ufeffagar (oud)<\/p>\n<p><strong>Gramatura:<\/strong> ml<br \/>\n<strong>Linia k\u0105pielowa:<\/strong> nie<br \/>\n<strong>Miniatura:<\/strong> nie<br \/>\n<strong>Nuta bazy:<\/strong> \ufeffagar (oud)<br \/>\n<strong>Nuta g\u0142owy:<\/strong> nuty drzewne<br \/>\n<strong>Nuta g\u0142\u00f3wna:<\/strong> aromatyczne, drzewne<br \/>\n<strong>Nuta serca:<\/strong> otr\u0119by<br \/>\n<strong>Pojemno\u015b\u0107:<\/strong> 100<br \/>\n<strong>Produkt rzadki:<\/strong> nie<br \/>\n<strong>Pr\u00f3bka:<\/strong> nie<br \/>\n<strong>P\u0142e\u0107:<\/strong> m\u0119ski<br \/>\n<strong>Rodzaj:<\/strong> woda perfumowana<br \/>\n<strong>Tester:<\/strong> nie<br \/>\n<strong>Zapach alternatywny:<\/strong> nie<br \/>\n<strong>Zestaw:<\/strong> nie<\/p>\n<p><strong>Uwagi:<\/strong><\/p>\n<p>Produkt \u0142atwopalny.\u00a0Trzyma\u0107 z dala od \u017ar\u00f3de\u0142 ciep\u0142a\/iskier\/otwartego ognia\/gor\u0105cych powierzchni. Nie pali\u0107.\u00a0Nie rozpyla\u0107 nad otwartym ogniem lub innym \u017ar\u00f3d\u0142em zap\u0142onu. Przechowywa\u0107 poza zasi\u0119giem dzieci. Zawsze nale\u017cy przestrzega\u0107 informacji zamieszczonych na etykiecie produktu.<\/p>\n<p><strong>Sk\u0142adniki:<\/strong><\/p>\n<p>ALCOHOL DENAT., PARFUM\/FRAGRANCE, AQUA\/WATER\/EAU, ETHYLHEXYL METHOXYCINNAMATE, BUTYL METHOXYDIBENZOYLMETHANE, OCTOCRYLENE, EUGENOL, LIMONENE, LINALOOL, BHT, FD&#038;C RED NO. 4 (CI 14700), FD&#038;C YELLOW NO. 6 (CI 15985), FD&#038;C BLUE NO. 1 (CI 42090).<\/p>\n","protected":false},"excerpt":{"rendered":"<p> <strong>Gramatura:<\/strong> ml<br \/>  <strong>Linia k\u0105pielowa:<\/strong> nie<br \/>  <strong>Miniatura:<\/strong> nie<br \/>  <strong>Nuta bazy:<\/strong> \ufeffagar (oud)<br \/>  <strong>Nuta g\u0142owy:<\/strong> nuty drzewne<br \/>  <strong>Nuta g\u0142\u00f3wna:<\/strong> aromatyczne, drzewne<br \/>  <strong>Nuta serca:<\/strong> otr\u0119by<br \/>  <strong>Pojemno\u015b\u0107:<\/strong> 100<br \/>  <strong>Produkt rzadki:<\/strong> nie<br \/>  <strong>Pr\u00f3bka:<\/strong> nie<br \/>  <strong>P\u0142e\u0107:<\/strong> m\u0119ski<br \/>  <strong>Rodzaj:<\/strong> woda perfumowana<br \/>  <strong>Tester:<\/strong> nie<br \/>  <strong>Zapach alternatywny:<\/strong> nie<br \/>  <strong>Zestaw:<\/strong> nie <\/p>\n","protected":false},"featured_media":46070,"comment_status":"open","ping_status":"closed","template":"","meta":{"_acf_changed":false},"kategoria-hurtowni":[87,88],"product_brand":[150],"product_cat":[76],"product_tag":[],"class_list":{"0":"post-46069","1":"product","2":"type-product","3":"status-publish","4":"has-post-thumbnail","6":"kategoria-hurtowni-perfumy","7":"kategoria-hurtowni-zapachy","8":"product_brand-hugo-boss","9":"product_cat-primavera","11":"first","12":"outofstock","13":"taxable","14":"shipping-taxable","15":"product-type-simple"},"acf":[],"_links":{"self":[{"href":"https:\/\/premino.pl\/index.php?rest_route=\/wp\/v2\/product\/46069","targetHints":{"allow":["GET"]}}],"collection":[{"href":"https:\/\/premino.pl\/index.php?rest_route=\/wp\/v2\/product"}],"about":[{"href":"https:\/\/premino.pl\/index.php?rest_route=\/wp\/v2\/types\/product"}],"replies":[{"embeddable":true,"href":"https:\/\/premino.pl\/index.php?rest_route=%2Fwp%2Fv2%2Fcomments&post=46069"}],"wp:featuredmedia":[{"embeddable":true,"href":"https:\/\/premino.pl\/index.php?rest_route=\/wp\/v2\/media\/46070"}],"wp:attachment":[{"href":"https:\/\/premino.pl\/index.php?rest_route=%2Fwp%2Fv2%2Fmedia&parent=46069"}],"wp:term":[{"taxonomy":"kategoria-hurtowni","embeddable":true,"href":"https:\/\/premino.pl\/index.php?rest_route=%2Fwp%2Fv2%2Fkategoria-hurtowni&post=46069"},{"taxonomy":"product_brand","embeddable":true,"href":"https:\/\/premino.pl\/index.php?rest_route=%2Fwp%2Fv2%2Fproduct_brand&post=46069"},{"taxonomy":"product_cat","embeddable":true,"href":"https:\/\/premino.pl\/index.php?rest_route=%2Fwp%2Fv2%2Fproduct_cat&post=46069"},{"taxonomy":"product_tag","embeddable":true,"href":"https:\/\/premino.pl\/index.php?rest_route=%2Fwp%2Fv2%2Fproduct_tag&post=46069"}],"curies":[{"name":"wp","href":"https:\/\/api.w.org\/{rel}","templated":true}]}}