{"id":46113,"date":"2026-05-13T13:58:47","date_gmt":"2026-05-13T11:58:47","guid":{"rendered":"https:\/\/premino.pl\/?product=addicted-divine-red-perfumy-spray-110ml"},"modified":"2026-05-13T13:58:57","modified_gmt":"2026-05-13T11:58:57","slug":"addicted-divine-red-perfumy-spray-110ml","status":"publish","type":"product","link":"https:\/\/premino.pl\/?product=addicted-divine-red-perfumy-spray-110ml","title":{"rendered":"Addicted Divine Red perfumy spray 110ml"},"content":{"rendered":"<p>Zapach rozpoczyna si\u0119 wyrafinowanym po\u0142\u0105czeniem szafranu i ja\u015bminu, wprowadzaj\u0105c orientalny charakter i subteln\u0105 kwiatow\u0105 s\u0142odycz. Z czasem kompozycja nabiera intensywno\u015bci dzi\u0119ki akordom pi\u017cma i miodu, kt\u00f3re nadaj\u0105 jej g\u0142\u0119bi\u0119 i aksamitne ciep\u0142o. Fina\u0142 nale\u017cy do wanilii, cedru i bursztynu \u2013 trwa\u0142ych, otulaj\u0105cych nut, pozostawiaj\u0105cych elegancki, zmys\u0142owy \u015blad na sk\u00f3rze.<\/p>\n<p><b>Nuty zapachowe:<br \/><\/b><br \/><b>Nuta g\u0142owy: <\/b>szafran, ja\u015bmin<br \/><b>Nuta serca: <\/b>mi\u00f3d, pi\u017cmo<br \/><b>Nuta bazy: <\/b>cedr, wanilia, bursztyn<\/p>\n<p><strong>Gramatura:<\/strong> ml<br \/>\n<strong>Linia k\u0105pielowa:<\/strong> nie<br \/>\n<strong>Miniatura:<\/strong> nie<br \/>\n<strong>Nuta bazy:<\/strong> bursztyn, cedr, wanilia<br \/>\n<strong>Nuta g\u0142owy:<\/strong> ja\u015bmin, szafran<br \/>\n<strong>Nuta g\u0142\u00f3wna:<\/strong> drzewne, pudrowe<br \/>\n<strong>Nuta serca:<\/strong> mi\u00f3d, pi\u017cmo<br \/>\n<strong>Pojemno\u015b\u0107:<\/strong> 110<br \/>\n<strong>Produkt rzadki:<\/strong> nie<br \/>\n<strong>Pr\u00f3bka:<\/strong> nie<br \/>\n<strong>P\u0142e\u0107:<\/strong> damski<br \/>\n<strong>Rodzaj:<\/strong> perfumy<br \/>\n<strong>Tester:<\/strong> nie<br \/>\n<strong>Zapach alternatywny:<\/strong> nie<br \/>\n<strong>Zestaw:<\/strong> nie<\/p>\n<p><strong>Uwagi:<\/strong><\/p>\n<p>UWAGA: Produkt \u0142atwopalny. Przechowywa\u0107 w miejscu niedost\u0119pnym dla dzieci. Unika\u0107 rozpylania w kierunku oczu. Tylko do u\u017cytku zewn\u0119trznego. Przechowywa\u0107 w ch\u0142odnym i suchym miejscu.<\/p>\n<p><strong>Sk\u0142adniki:<\/strong><\/p>\n<p>DISILOXANE, FRAGRANCE (PARFUM), C12-15 ALKYL BENZOATE, BENZYL SALICYLATE.<\/p>\n","protected":false},"excerpt":{"rendered":"<p> <strong>Gramatura:<\/strong> ml<br \/>  <strong>Linia k\u0105pielowa:<\/strong> nie<br \/>  <strong>Miniatura:<\/strong> nie<br \/>  <strong>Nuta bazy:<\/strong> bursztyn, cedr, wanilia<br \/>  <strong>Nuta g\u0142owy:<\/strong> ja\u015bmin, szafran<br \/>  <strong>Nuta g\u0142\u00f3wna:<\/strong> drzewne, pudrowe<br \/>  <strong>Nuta serca:<\/strong> mi\u00f3d, pi\u017cmo<br \/>  <strong>Pojemno\u015b\u0107:<\/strong> 110<br \/>  <strong>Produkt rzadki:<\/strong> nie<br \/>  <strong>Pr\u00f3bka:<\/strong> nie<br \/>  <strong>P\u0142e\u0107:<\/strong> damski<br \/>  <strong>Rodzaj:<\/strong> perfumy<br \/>  <strong>Tester:<\/strong> nie<br \/>  <strong>Zapach alternatywny:<\/strong> nie<br \/>  <strong>Zestaw:<\/strong> nie <\/p>\n","protected":false},"featured_media":46114,"comment_status":"open","ping_status":"closed","template":"","meta":{"_acf_changed":false},"kategoria-hurtowni":[87,88],"product_brand":[598],"product_cat":[76],"product_tag":[],"class_list":{"0":"post-46113","1":"product","2":"type-product","3":"status-publish","4":"has-post-thumbnail","6":"kategoria-hurtowni-perfumy","7":"kategoria-hurtowni-zapachy","8":"product_brand-hamidi","9":"product_cat-primavera","11":"first","12":"outofstock","13":"taxable","14":"shipping-taxable","15":"product-type-simple"},"acf":[],"_links":{"self":[{"href":"https:\/\/premino.pl\/index.php?rest_route=\/wp\/v2\/product\/46113","targetHints":{"allow":["GET"]}}],"collection":[{"href":"https:\/\/premino.pl\/index.php?rest_route=\/wp\/v2\/product"}],"about":[{"href":"https:\/\/premino.pl\/index.php?rest_route=\/wp\/v2\/types\/product"}],"replies":[{"embeddable":true,"href":"https:\/\/premino.pl\/index.php?rest_route=%2Fwp%2Fv2%2Fcomments&post=46113"}],"wp:featuredmedia":[{"embeddable":true,"href":"https:\/\/premino.pl\/index.php?rest_route=\/wp\/v2\/media\/46114"}],"wp:attachment":[{"href":"https:\/\/premino.pl\/index.php?rest_route=%2Fwp%2Fv2%2Fmedia&parent=46113"}],"wp:term":[{"taxonomy":"kategoria-hurtowni","embeddable":true,"href":"https:\/\/premino.pl\/index.php?rest_route=%2Fwp%2Fv2%2Fkategoria-hurtowni&post=46113"},{"taxonomy":"product_brand","embeddable":true,"href":"https:\/\/premino.pl\/index.php?rest_route=%2Fwp%2Fv2%2Fproduct_brand&post=46113"},{"taxonomy":"product_cat","embeddable":true,"href":"https:\/\/premino.pl\/index.php?rest_route=%2Fwp%2Fv2%2Fproduct_cat&post=46113"},{"taxonomy":"product_tag","embeddable":true,"href":"https:\/\/premino.pl\/index.php?rest_route=%2Fwp%2Fv2%2Fproduct_tag&post=46113"}],"curies":[{"name":"wp","href":"https:\/\/api.w.org\/{rel}","templated":true}]}}