{"id":46119,"date":"2026-05-13T13:58:47","date_gmt":"2026-05-13T11:58:47","guid":{"rendered":"https:\/\/premino.pl\/?product=glorious-oud-ekstrakt-perfum-spray-80ml"},"modified":"2026-05-13T13:58:59","modified_gmt":"2026-05-13T11:58:59","slug":"glorious-oud-ekstrakt-perfum-spray-80ml","status":"publish","type":"product","link":"https:\/\/premino.pl\/?product=glorious-oud-ekstrakt-perfum-spray-80ml","title":{"rendered":"Glorious Oud ekstrakt perfum spray 80ml"},"content":{"rendered":"<p>Glorious Oud to elegancka i g\u0142\u0119boka kompozycja zapachowa, w kt\u00f3rej orientalne akordy przenikaj\u0105 si\u0119 z bogactwem nut drzewnych, tworz\u0105c intensywne i magnetyzuj\u0105ce wra\u017cenie. Kompozycja podkre\u015bla szlachetny, tajemniczy charakter oudu, harmonijnie wzbogacony wyrafinowanymi przyprawami oraz subtelnymi akcentami kwiatowymi.<\/p>\n<p><b>Nuty zapachowe:<br \/><\/b><br \/><b>Nuta g\u0142owy: <\/b>lawenda, ga\u0142ka muszkato\u0142owa, szafran<br \/><b>Nuta serca: <\/b>drzewo agarowe, oud<br \/><b>Nuta bazy: <\/b>pi\u017cmo, paczula<\/p>\n<p><strong>Gramatura:<\/strong> ml<br \/>\n<strong>Linia k\u0105pielowa:<\/strong> nie<br \/>\n<strong>Miniatura:<\/strong> nie<br \/>\n<strong>Nuta bazy:<\/strong> paczula, pi\u017cmo<br \/>\n<strong>Nuta g\u0142owy:<\/strong> ga\u0142ka muszkato\u0142owa, lawenda, szafran<br \/>\n<strong>Nuta g\u0142\u00f3wna:<\/strong> drzewne, orientalne<br \/>\n<strong>Nuta serca:<\/strong> drzewo agarowe, oud<br \/>\n<strong>Pojemno\u015b\u0107:<\/strong> 80<br \/>\n<strong>Produkt rzadki:<\/strong> nie<br \/>\n<strong>Pr\u00f3bka:<\/strong> nie<br \/>\n<strong>P\u0142e\u0107:<\/strong> unisex<br \/>\n<strong>Rodzaj:<\/strong> perfumy<br \/>\n<strong>Tester:<\/strong> nie<br \/>\n<strong>Zapach alternatywny:<\/strong> nie<br \/>\n<strong>Zestaw:<\/strong> nie<\/p>\n<p><strong>Uwagi:<\/strong><\/p>\n<p>Produkt przechowywa\u0107 z dala od ognia i \u017ar\u00f3de\u0142 ciep\u0142a. Trzyma\u0107 w miejscu niedost\u0119pnym dla dzieci. Nie stosowa\u0107 na podra\u017cnion\u0105 lub uszkodzon\u0105 sk\u00f3r\u0119. Unika\u0107 kontaktu z oczami.<\/p>\n<p><strong>Sk\u0142adniki:<\/strong><\/p>\n<p>ALCOHOL\u00a0DENAT. PARFUM (FRAGRANCE). WATER (AQUA). BENZYL BENZOATE. EUGENOL.<\/p>\n","protected":false},"excerpt":{"rendered":"<p> <strong>Gramatura:<\/strong> ml<br \/>  <strong>Linia k\u0105pielowa:<\/strong> nie<br \/>  <strong>Miniatura:<\/strong> nie<br \/>  <strong>Nuta bazy:<\/strong> paczula, pi\u017cmo<br \/>  <strong>Nuta g\u0142owy:<\/strong> ga\u0142ka muszkato\u0142owa, lawenda, szafran<br \/>  <strong>Nuta g\u0142\u00f3wna:<\/strong> drzewne, orientalne<br \/>  <strong>Nuta serca:<\/strong> drzewo agarowe, oud<br \/>  <strong>Pojemno\u015b\u0107:<\/strong> 80<br \/>  <strong>Produkt rzadki:<\/strong> nie<br \/>  <strong>Pr\u00f3bka:<\/strong> nie<br \/>  <strong>P\u0142e\u0107:<\/strong> unisex<br \/>  <strong>Rodzaj:<\/strong> perfumy<br \/>  <strong>Tester:<\/strong> nie<br \/>  <strong>Zapach alternatywny:<\/strong> nie<br \/>  <strong>Zestaw:<\/strong> nie <\/p>\n","protected":false},"featured_media":46120,"comment_status":"open","ping_status":"closed","template":"","meta":{"_acf_changed":false},"kategoria-hurtowni":[87,88],"product_brand":[392],"product_cat":[76],"product_tag":[],"class_list":{"0":"post-46119","1":"product","2":"type-product","3":"status-publish","4":"has-post-thumbnail","6":"kategoria-hurtowni-perfumy","7":"kategoria-hurtowni-zapachy","8":"product_brand-french-avenue","9":"product_cat-primavera","11":"first","12":"outofstock","13":"taxable","14":"shipping-taxable","15":"product-type-simple"},"acf":[],"_links":{"self":[{"href":"https:\/\/premino.pl\/index.php?rest_route=\/wp\/v2\/product\/46119","targetHints":{"allow":["GET"]}}],"collection":[{"href":"https:\/\/premino.pl\/index.php?rest_route=\/wp\/v2\/product"}],"about":[{"href":"https:\/\/premino.pl\/index.php?rest_route=\/wp\/v2\/types\/product"}],"replies":[{"embeddable":true,"href":"https:\/\/premino.pl\/index.php?rest_route=%2Fwp%2Fv2%2Fcomments&post=46119"}],"wp:featuredmedia":[{"embeddable":true,"href":"https:\/\/premino.pl\/index.php?rest_route=\/wp\/v2\/media\/46120"}],"wp:attachment":[{"href":"https:\/\/premino.pl\/index.php?rest_route=%2Fwp%2Fv2%2Fmedia&parent=46119"}],"wp:term":[{"taxonomy":"kategoria-hurtowni","embeddable":true,"href":"https:\/\/premino.pl\/index.php?rest_route=%2Fwp%2Fv2%2Fkategoria-hurtowni&post=46119"},{"taxonomy":"product_brand","embeddable":true,"href":"https:\/\/premino.pl\/index.php?rest_route=%2Fwp%2Fv2%2Fproduct_brand&post=46119"},{"taxonomy":"product_cat","embeddable":true,"href":"https:\/\/premino.pl\/index.php?rest_route=%2Fwp%2Fv2%2Fproduct_cat&post=46119"},{"taxonomy":"product_tag","embeddable":true,"href":"https:\/\/premino.pl\/index.php?rest_route=%2Fwp%2Fv2%2Fproduct_tag&post=46119"}],"curies":[{"name":"wp","href":"https:\/\/api.w.org\/{rel}","templated":true}]}}