{"id":46240,"date":"2026-05-13T14:07:38","date_gmt":"2026-05-13T12:07:38","guid":{"rendered":"https:\/\/premino.pl\/?product=sandal-abiyad-olejek-perfumowany-20ml"},"modified":"2026-05-13T14:07:42","modified_gmt":"2026-05-13T12:07:42","slug":"sandal-abiyad-olejek-perfumowany-20ml","status":"publish","type":"product","link":"https:\/\/premino.pl\/?product=sandal-abiyad-olejek-perfumowany-20ml","title":{"rendered":"Sandal Abiyad olejek perfumowany 20ml"},"content":{"rendered":"<p>Sandal Abiyad to zmys\u0142owa i g\u0142\u0119boka kompozycja, kt\u00f3ra \u0142\u0105czy w sobie ciep\u0142o egzotycznych drzew i bogactwo balsamicznych akord\u00f3w. Ten zapach wyr\u00f3\u017cnia si\u0119 elegancj\u0105 i trwa\u0142o\u015bci\u0105 olejku, kt\u00f3ry rozwija si\u0119 stopniowo na sk\u00f3rze, ods\u0142aniaj\u0105c kolejne niuanse aromatyczne.<\/p>\n<p><b>Nuty zapachowe:<br \/><\/b><br \/><b>Nuta g\u0142owy: <\/b>drzewo sanda\u0142owe, nuty balsamiczne<br \/><b>Nuta serca: <\/b>bursztyn, nuty aromatyczne <br \/><b>Nuta bazy: <\/b>drzewo sanda\u0142owe<\/p>\n<p><strong>Gramatura:<\/strong> ml<br \/>\n<strong>Linia k\u0105pielowa:<\/strong> nie<br \/>\n<strong>Miniatura:<\/strong> nie<br \/>\n<strong>Nuta bazy:<\/strong> drzewo sanda\u0142owe<br \/>\n<strong>Nuta g\u0142owy:<\/strong> drzewo sanda\u0142owe, nuty balsamiczne<br \/>\n<strong>Nuta g\u0142\u00f3wna:<\/strong> balsamiczna , drzewne, orientalne<br \/>\n<strong>Nuta serca:<\/strong> bursztyn, nuty aromatyczne<br \/>\n<strong>Pojemno\u015b\u0107:<\/strong> 20<br \/>\n<strong>Produkt rzadki:<\/strong> nie<br \/>\n<strong>Pr\u00f3bka:<\/strong> nie<br \/>\n<strong>P\u0142e\u0107:<\/strong> unisex<br \/>\n<strong>Rodzaj:<\/strong> perfumy<br \/>\n<strong>Tester:<\/strong> nie<br \/>\n<strong>Zapach alternatywny:<\/strong> nie<\/p>\n<p><strong>Uwagi:<\/strong><\/p>\n<p>Produkt przechowywa\u0107 z dala od ognia i \u017ar\u00f3de\u0142 ciep\u0142a. Trzyma\u0107 w miejscu niedost\u0119pnym dla dzieci. Nie stosowa\u0107 na podra\u017cnion\u0105 lub uszkodzon\u0105 sk\u00f3r\u0119. Unika\u0107 kontaktu z oczami.<\/p>\n<p><strong>Sk\u0142adniki:<\/strong><\/p>\n<p>PARFUMS: DPG, ALPHA-ISOMETHYL IONONE, BENZYL BENZOATE, BENZYL CINNAMATE, CITRAL, CITRONELLOL, COUMARIN, D-LIMONENE, EUGENOL, EVERNIA PRUNASTRI EXTRACT, GERANIOL, ISO EUGENOL, LINALOOL.<\/p>\n","protected":false},"excerpt":{"rendered":"<p> <strong>Gramatura:<\/strong> ml<br \/>  <strong>Linia k\u0105pielowa:<\/strong> nie<br \/>  <strong>Miniatura:<\/strong> nie<br \/>  <strong>Nuta bazy:<\/strong> drzewo sanda\u0142owe<br \/>  <strong>Nuta g\u0142owy:<\/strong> drzewo sanda\u0142owe, nuty balsamiczne<br \/>  <strong>Nuta g\u0142\u00f3wna:<\/strong> balsamiczna , drzewne, orientalne<br \/>  <strong>Nuta serca:<\/strong> bursztyn, nuty aromatyczne<br \/>  <strong>Pojemno\u015b\u0107:<\/strong> 20<br \/>  <strong>Produkt rzadki:<\/strong> nie<br \/>  <strong>Pr\u00f3bka:<\/strong> nie<br \/>  <strong>P\u0142e\u0107:<\/strong> unisex<br \/>  <strong>Rodzaj:<\/strong> perfumy<br \/>  <strong>Tester:<\/strong> nie<br \/>  <strong>Zapach alternatywny:<\/strong> nie <\/p>\n","protected":false},"featured_media":46241,"comment_status":"open","ping_status":"closed","template":"","meta":{"_acf_changed":false},"kategoria-hurtowni":[87,88],"product_brand":[302],"product_cat":[76],"product_tag":[],"class_list":{"0":"post-46240","1":"product","2":"type-product","3":"status-publish","4":"has-post-thumbnail","6":"kategoria-hurtowni-perfumy","7":"kategoria-hurtowni-zapachy","8":"product_brand-afnan","9":"product_cat-primavera","11":"first","12":"outofstock","13":"taxable","14":"shipping-taxable","15":"product-type-simple"},"acf":[],"_links":{"self":[{"href":"https:\/\/premino.pl\/index.php?rest_route=\/wp\/v2\/product\/46240","targetHints":{"allow":["GET"]}}],"collection":[{"href":"https:\/\/premino.pl\/index.php?rest_route=\/wp\/v2\/product"}],"about":[{"href":"https:\/\/premino.pl\/index.php?rest_route=\/wp\/v2\/types\/product"}],"replies":[{"embeddable":true,"href":"https:\/\/premino.pl\/index.php?rest_route=%2Fwp%2Fv2%2Fcomments&post=46240"}],"wp:featuredmedia":[{"embeddable":true,"href":"https:\/\/premino.pl\/index.php?rest_route=\/wp\/v2\/media\/46241"}],"wp:attachment":[{"href":"https:\/\/premino.pl\/index.php?rest_route=%2Fwp%2Fv2%2Fmedia&parent=46240"}],"wp:term":[{"taxonomy":"kategoria-hurtowni","embeddable":true,"href":"https:\/\/premino.pl\/index.php?rest_route=%2Fwp%2Fv2%2Fkategoria-hurtowni&post=46240"},{"taxonomy":"product_brand","embeddable":true,"href":"https:\/\/premino.pl\/index.php?rest_route=%2Fwp%2Fv2%2Fproduct_brand&post=46240"},{"taxonomy":"product_cat","embeddable":true,"href":"https:\/\/premino.pl\/index.php?rest_route=%2Fwp%2Fv2%2Fproduct_cat&post=46240"},{"taxonomy":"product_tag","embeddable":true,"href":"https:\/\/premino.pl\/index.php?rest_route=%2Fwp%2Fv2%2Fproduct_tag&post=46240"}],"curies":[{"name":"wp","href":"https:\/\/api.w.org\/{rel}","templated":true}]}}