{"id":46264,"date":"2026-05-13T14:07:44","date_gmt":"2026-05-13T12:07:44","guid":{"rendered":"https:\/\/premino.pl\/?product=najah-mgielka-do-ciala-250ml"},"modified":"2026-05-13T14:07:48","modified_gmt":"2026-05-13T12:07:48","slug":"najah-mgielka-do-ciala-250ml","status":"publish","type":"product","link":"https:\/\/premino.pl\/?product=najah-mgielka-do-ciala-250ml","title":{"rendered":"Najah mgie\u0142ka do cia\u0142a 250ml"},"content":{"rendered":"<p>Najah to lekka i \u015bwie\u017ca mgie\u0142ka zapachowa, stworzona z my\u015bl\u0105 o codziennym komforcie i subtelnej elegancji. Ju\u017c od pierwszych chwil otula sk\u00f3r\u0119 delikatn\u0105 cytrusow\u0105 \u015bwie\u017co\u015bci\u0105, kt\u00f3ra daje uczucie czysto\u015bci, energii i przyjemnego orze\u017awienia. Zapach jest jasny, lekki i bardzo przyjemny, idealny na ciep\u0142e dni lub po k\u0105pieli.<\/p>\n<p><b>Nuty zapachowe:<br \/><\/b><br \/><b>Nuta g\u0142owy: <\/b>cytrusy<br \/><b>Nuta serca: <\/b>nuty kwiatowe<br \/><b>Nuta bazy: <\/b>pi\u017cmo<\/p>\n<p><strong>Gramatura:<\/strong> ml<br \/>\n<strong>Linia k\u0105pielowa:<\/strong> mgie\u0142ka do cia\u0142a<br \/>\n<strong>Nuta bazy:<\/strong> pi\u017cmo<br \/>\n<strong>Nuta g\u0142owy:<\/strong> cytrusy<br \/>\n<strong>Nuta g\u0142\u00f3wna:<\/strong> cytrusowe, kwiatowe<br \/>\n<strong>Nuta serca:<\/strong> nuty kwiatowe<br \/>\n<strong>Pojemno\u015b\u0107:<\/strong> 250<br \/>\n<strong>P\u0142e\u0107:<\/strong> unisex<\/p>\n<p><strong>Uwagi:<\/strong><\/p>\n<p>Produkt przechowywa\u0107 z dala od ognia i \u017ar\u00f3de\u0142 ciep\u0142a. Trzyma\u0107 w miejscu niedost\u0119pnym dla dzieci. Nie stosowa\u0107 na podra\u017cnion\u0105 lub uszkodzon\u0105 sk\u00f3r\u0119. Unika\u0107 kontaktu z oczami.<\/p>\n<p><strong>Sk\u0142adniki:<\/strong><\/p>\n<p>Alcohol Denat. (65% Vol.), Aqua, Parfum, Butylated Hydroxytoluene, Glycerin, Ethylhexyl Glycerin, Ethylhexyl Methoxycinnamate, Butylmethoxydibenzoylmethane, Ethylhexyl Salicylate, Alpha-isomethyl Ionone, Limonene, Citronellol, Geraniol, Cinnamal, Citral, Eugenol, Benzyl Alcohol, Benzyl Benzoate, Farnesol. CI 17200, CI 19140.<\/p>\n","protected":false},"excerpt":{"rendered":"<p> <strong>Gramatura:<\/strong> ml<br \/>  <strong>Linia k\u0105pielowa:<\/strong> mgie\u0142ka do cia\u0142a<br \/>  <strong>Nuta bazy:<\/strong> pi\u017cmo<br \/>  <strong>Nuta g\u0142owy:<\/strong> cytrusy<br \/>  <strong>Nuta g\u0142\u00f3wna:<\/strong> cytrusowe, kwiatowe<br \/>  <strong>Nuta serca:<\/strong> nuty kwiatowe<br \/>  <strong>Pojemno\u015b\u0107:<\/strong> 250<br \/>  <strong>P\u0142e\u0107:<\/strong> unisex <\/p>\n","protected":false},"featured_media":46265,"comment_status":"open","ping_status":"closed","template":"","meta":{"_acf_changed":false},"kategoria-hurtowni":[120,87],"product_brand":[600],"product_cat":[76],"product_tag":[],"class_list":{"0":"post-46264","1":"product","2":"type-product","3":"status-publish","4":"has-post-thumbnail","6":"kategoria-hurtowni-linia-kapielowa","7":"kategoria-hurtowni-perfumy","8":"product_brand-al-wataniah","9":"product_cat-primavera","11":"first","12":"outofstock","13":"taxable","14":"shipping-taxable","15":"product-type-simple"},"acf":[],"_links":{"self":[{"href":"https:\/\/premino.pl\/index.php?rest_route=\/wp\/v2\/product\/46264","targetHints":{"allow":["GET"]}}],"collection":[{"href":"https:\/\/premino.pl\/index.php?rest_route=\/wp\/v2\/product"}],"about":[{"href":"https:\/\/premino.pl\/index.php?rest_route=\/wp\/v2\/types\/product"}],"replies":[{"embeddable":true,"href":"https:\/\/premino.pl\/index.php?rest_route=%2Fwp%2Fv2%2Fcomments&post=46264"}],"wp:featuredmedia":[{"embeddable":true,"href":"https:\/\/premino.pl\/index.php?rest_route=\/wp\/v2\/media\/46265"}],"wp:attachment":[{"href":"https:\/\/premino.pl\/index.php?rest_route=%2Fwp%2Fv2%2Fmedia&parent=46264"}],"wp:term":[{"taxonomy":"kategoria-hurtowni","embeddable":true,"href":"https:\/\/premino.pl\/index.php?rest_route=%2Fwp%2Fv2%2Fkategoria-hurtowni&post=46264"},{"taxonomy":"product_brand","embeddable":true,"href":"https:\/\/premino.pl\/index.php?rest_route=%2Fwp%2Fv2%2Fproduct_brand&post=46264"},{"taxonomy":"product_cat","embeddable":true,"href":"https:\/\/premino.pl\/index.php?rest_route=%2Fwp%2Fv2%2Fproduct_cat&post=46264"},{"taxonomy":"product_tag","embeddable":true,"href":"https:\/\/premino.pl\/index.php?rest_route=%2Fwp%2Fv2%2Fproduct_tag&post=46264"}],"curies":[{"name":"wp","href":"https:\/\/api.w.org\/{rel}","templated":true}]}}