{"id":46280,"date":"2026-05-13T14:07:49","date_gmt":"2026-05-13T12:07:49","guid":{"rendered":"https:\/\/premino.pl\/?product=tiara-woda-perfumowana-spray-100ml"},"modified":"2026-05-13T14:07:53","modified_gmt":"2026-05-13T12:07:53","slug":"tiara-woda-perfumowana-spray-100ml","status":"publish","type":"product","link":"https:\/\/premino.pl\/?product=tiara-woda-perfumowana-spray-100ml","title":{"rendered":"Tiara woda perfumowana spray 100ml"},"content":{"rendered":"<p>Tiara to perfumy dla kobiet, kt\u00f3re lubi\u0105 zapachy wyraziste, orientalno-kwiatowe, pe\u0142ne klasy i emocji. Idealne na wiecz\u00f3r, wyj\u0105tkowe okazje i momenty, w kt\u00f3rych chcesz poczu\u0107 si\u0119 jak bohaterka w\u0142asnej, luksusowej historii.<\/p>\n<p><b>Nuty zapachowe:<br \/><\/b><br \/><b>Nuta g\u0142owy: <\/b>oud, r\u00f3\u017ca turecka, kadzid\u0142o<br \/><b>Nuta serca: <\/b>bergamotka, gruszka, liczi<br \/><b>Nuta bazy: <\/b>nuty drzewne, bursztyn, wanilia<\/p>\n<p><strong>Gramatura:<\/strong> ml<br \/>\n<strong>Linia k\u0105pielowa:<\/strong> nie<br \/>\n<strong>Miniatura:<\/strong> nie<br \/>\n<strong>Nuta bazy:<\/strong> bursztyn, nuty drzewne, wanilia<br \/>\n<strong>Nuta g\u0142owy:<\/strong> kadzid\u0142o, oud, r\u00f3\u017ca turecka<br \/>\n<strong>Nuta g\u0142\u00f3wna:<\/strong> drzewne, orientalne, owocowe<br \/>\n<strong>Nuta serca:<\/strong> bergamotka, gruszka, liczi<br \/>\n<strong>Pojemno\u015b\u0107:<\/strong> 100<br \/>\n<strong>Produkt rzadki:<\/strong> nie<br \/>\n<strong>Pr\u00f3bka:<\/strong> nie<br \/>\n<strong>P\u0142e\u0107:<\/strong> damski<br \/>\n<strong>Rodzaj:<\/strong> woda perfumowana<br \/>\n<strong>Tester:<\/strong> nie<br \/>\n<strong>Zapach alternatywny:<\/strong> nie<\/p>\n<p><strong>Uwagi:<\/strong><\/p>\n<p>Produkt przechowywa\u0107 z dala od ognia i \u017ar\u00f3de\u0142 ciep\u0142a. Trzyma\u0107 w miejscu niedost\u0119pnym dla dzieci. Nie stosowa\u0107 na podra\u017cnion\u0105 lub uszkodzon\u0105 sk\u00f3r\u0119. Unika\u0107 kontaktu z oczami.<\/p>\n<p><strong>Sk\u0142adniki:<\/strong><\/p>\n<p>ALCOHOL DENAT, PARFUM, AQUA, BUTYLATED HYDROXYTOLUENE, LIMONENE, COUMARIN, HYDROXYCITRONELLAL, ALPHA-ISOMETHYLIONONE, BENZYL ALCOHOL, CITRONELLOL, LINALOOL, BLUE 1, RED 4, YELLOW 5<\/p>\n","protected":false},"excerpt":{"rendered":"<p> <strong>Gramatura:<\/strong> ml<br \/>  <strong>Linia k\u0105pielowa:<\/strong> nie<br \/>  <strong>Miniatura:<\/strong> nie<br \/>  <strong>Nuta bazy:<\/strong> bursztyn, nuty drzewne, wanilia<br \/>  <strong>Nuta g\u0142owy:<\/strong> kadzid\u0142o, oud, r\u00f3\u017ca turecka<br \/>  <strong>Nuta g\u0142\u00f3wna:<\/strong> drzewne, orientalne, owocowe<br \/>  <strong>Nuta serca:<\/strong> bergamotka, gruszka, liczi<br \/>  <strong>Pojemno\u015b\u0107:<\/strong> 100<br \/>  <strong>Produkt rzadki:<\/strong> nie<br \/>  <strong>Pr\u00f3bka:<\/strong> nie<br \/>  <strong>P\u0142e\u0107:<\/strong> damski<br \/>  <strong>Rodzaj:<\/strong> woda perfumowana<br \/>  <strong>Tester:<\/strong> nie<br \/>  <strong>Zapach alternatywny:<\/strong> nie <\/p>\n","protected":false},"featured_media":46281,"comment_status":"open","ping_status":"closed","template":"","meta":{"_acf_changed":false},"kategoria-hurtowni":[87,88],"product_brand":[600],"product_cat":[76],"product_tag":[],"class_list":{"0":"post-46280","1":"product","2":"type-product","3":"status-publish","4":"has-post-thumbnail","6":"kategoria-hurtowni-perfumy","7":"kategoria-hurtowni-zapachy","8":"product_brand-al-wataniah","9":"product_cat-primavera","11":"first","12":"outofstock","13":"taxable","14":"shipping-taxable","15":"product-type-simple"},"acf":[],"_links":{"self":[{"href":"https:\/\/premino.pl\/index.php?rest_route=\/wp\/v2\/product\/46280","targetHints":{"allow":["GET"]}}],"collection":[{"href":"https:\/\/premino.pl\/index.php?rest_route=\/wp\/v2\/product"}],"about":[{"href":"https:\/\/premino.pl\/index.php?rest_route=\/wp\/v2\/types\/product"}],"replies":[{"embeddable":true,"href":"https:\/\/premino.pl\/index.php?rest_route=%2Fwp%2Fv2%2Fcomments&post=46280"}],"wp:featuredmedia":[{"embeddable":true,"href":"https:\/\/premino.pl\/index.php?rest_route=\/wp\/v2\/media\/46281"}],"wp:attachment":[{"href":"https:\/\/premino.pl\/index.php?rest_route=%2Fwp%2Fv2%2Fmedia&parent=46280"}],"wp:term":[{"taxonomy":"kategoria-hurtowni","embeddable":true,"href":"https:\/\/premino.pl\/index.php?rest_route=%2Fwp%2Fv2%2Fkategoria-hurtowni&post=46280"},{"taxonomy":"product_brand","embeddable":true,"href":"https:\/\/premino.pl\/index.php?rest_route=%2Fwp%2Fv2%2Fproduct_brand&post=46280"},{"taxonomy":"product_cat","embeddable":true,"href":"https:\/\/premino.pl\/index.php?rest_route=%2Fwp%2Fv2%2Fproduct_cat&post=46280"},{"taxonomy":"product_tag","embeddable":true,"href":"https:\/\/premino.pl\/index.php?rest_route=%2Fwp%2Fv2%2Fproduct_tag&post=46280"}],"curies":[{"name":"wp","href":"https:\/\/api.w.org\/{rel}","templated":true}]}}