{"id":46328,"date":"2026-05-13T14:08:10","date_gmt":"2026-05-13T12:08:10","guid":{"rendered":"https:\/\/premino.pl\/?product=basil-lemon-mleczko-do-ciala-200ml"},"modified":"2026-05-13T14:08:10","modified_gmt":"2026-05-13T12:08:10","slug":"basil-lemon-mleczko-do-ciala-200ml","status":"publish","type":"product","link":"https:\/\/premino.pl\/?product=basil-lemon-mleczko-do-ciala-200ml","title":{"rendered":"Basil Lemon mleczko do cia\u0142a 200ml"},"content":{"rendered":"<p>Wyg\u0142adzaj\u0105ce mleczko do cia\u0142a KORRES Basil Lemon intensywnie nawil\u017ca i zmi\u0119kcza sk\u00f3r\u0119, pozostawiaj\u0105c j\u0105 g\u0142adk\u0105 i przyjemn\u0105 w dotyku. Lekka, szybko wch\u0142aniaj\u0105ca si\u0119 formu\u0142a pomaga utrzyma\u0107 odpowiedni poziom nawil\u017cenia, zapewniaj\u0105c codzienny komfort piel\u0119gnacji.<\/p>\n<p>Orze\u017awiaj\u0105cy zapach bazylii i cytryny dodaje energii i \u015bwie\u017co\u015bci, czyni\u0105c aplikacj\u0119 przyjemnym rytua\u0142em. Mleczko idealnie sprawdza si\u0119 do codziennego stosowania, szczeg\u00f3lnie po k\u0105pieli lub prysznicu.<\/p>\n<p><b>Dzia\u0142anie<\/b>: nawil\u017cenie + wyg\u0142adzenie<\/p>\n<p><b>Spos\u00f3b u\u017cycia:<\/b>\u00a0Po k\u0105pieli lub prysznicu na\u0142\u00f3\u017c produkt na ca\u0142e cia\u0142o, wykonuj\u0105c delikatny masa\u017c. Odczekaj chwil\u0119, a\u017c ca\u0142kowicie si\u0119 wch\u0142onie.<\/p>\n<p><strong>Dzia\u0142anie:<\/strong> nawil\u017caj\u0105ce, uelastycznia, wyg\u0142adza, zmi\u0119kcza<br \/>\n<strong>Gramatura:<\/strong> ml<br \/>\n<strong>Konsystencja:<\/strong> mleczko<br \/>\n<strong>Linie elitarne:<\/strong> tak<br \/>\n<strong>Lokalizacja:<\/strong> ca\u0142e cia\u0142o<br \/>\n<strong>Piel\u0119gnacja cia\u0142a:<\/strong> tak<br \/>\n<strong>Pojemno\u015b\u0107:<\/strong> 200<br \/>\n<strong>P\u0142e\u0107:<\/strong> damski<br \/>\n<strong>S\u0142o\u0144ce:<\/strong> nie<\/p>\n<p><strong>Uwagi:<\/strong><\/p>\n<p>W przypadku dostania si\u0119 do oczu, natychmiast przemyj je du\u017c\u0105 ilo\u015bci\u0105 czystej wody i je\u015bli wyst\u0105pi podra\u017cnienie, skonsultuj si\u0119 z lekarzem.<\/p>\n<p><strong>Sk\u0142adniki:<\/strong><\/p>\n<p>AQUA\/WATER\/EAU, CAPRYLIC\/CAPRIC TRIGLYCERIDE, PRUNUS,AMYGDALUS DULCIS (SWEET ALMOND) OIL, GLYCERIN,,HYDROGENATED POLYDECENE, GLYCERYL STEARATE CITRATE,,AMMONIUM ACRYLOYLDIMETHYLTAURATE\/VP COPOLYMER,,BUTYROSPERMUM PARKII (SHEA) BUTTER, DECYL COCOATE,,ALOE BARBADENSIS LEAF JUICE POWDER, ALTHAEA OFFICINALIS,ROOT EXTRACT, CAPRYLYL GLYCOL, CITRIC ACID, DISTARCH,PHOSPHATE, GLYCINE SOJA (SOYBEAN) OIL, LACTIC ACID,,MAGNESIUM PCA, MANGANESE PCA, PANTHENOL, ROSMARINUS,OFFICINALIS (ROSEMARY) LEAF EXTRACT, SODIUM GLUCEPTATE,,SODIUM PCA, ZINC PCA, PHENOXYETHANOL, POTASSIUM,SORBATE, SODIUM BENZOATE, CITRAL, GERANIOL, HEXYL,CINNAMAL, LIMONENE, LINALOOL, PARFUM\/FRAGRANCE.<\/p>\n","protected":false},"excerpt":{"rendered":"<p> <strong>Dzia\u0142anie:<\/strong> nawil\u017caj\u0105ce, uelastycznia, wyg\u0142adza, zmi\u0119kcza<br \/>  <strong>Gramatura:<\/strong> ml<br \/>  <strong>Konsystencja:<\/strong> mleczko<br \/>  <strong>Linie elitarne:<\/strong> tak<br \/>  <strong>Lokalizacja:<\/strong> ca\u0142e cia\u0142o<br \/>  <strong>Piel\u0119gnacja cia\u0142a:<\/strong> tak<br \/>  <strong>Pojemno\u015b\u0107:<\/strong> 200<br \/>  <strong>P\u0142e\u0107:<\/strong> damski<br \/>  <strong>S\u0142o\u0144ce:<\/strong> nie <\/p>\n","protected":false},"featured_media":46329,"comment_status":"open","ping_status":"closed","template":"","meta":{"_acf_changed":false},"kategoria-hurtowni":[90,91],"product_brand":[603],"product_cat":[76],"product_tag":[],"class_list":{"0":"post-46328","1":"product","2":"type-product","3":"status-publish","4":"has-post-thumbnail","6":"kategoria-hurtowni-pielegnacja","7":"kategoria-hurtowni-pielegnacja-ciala","8":"product_brand-korres","9":"product_cat-primavera","11":"first","12":"outofstock","13":"taxable","14":"shipping-taxable","15":"product-type-simple"},"acf":[],"_links":{"self":[{"href":"https:\/\/premino.pl\/index.php?rest_route=\/wp\/v2\/product\/46328","targetHints":{"allow":["GET"]}}],"collection":[{"href":"https:\/\/premino.pl\/index.php?rest_route=\/wp\/v2\/product"}],"about":[{"href":"https:\/\/premino.pl\/index.php?rest_route=\/wp\/v2\/types\/product"}],"replies":[{"embeddable":true,"href":"https:\/\/premino.pl\/index.php?rest_route=%2Fwp%2Fv2%2Fcomments&post=46328"}],"wp:featuredmedia":[{"embeddable":true,"href":"https:\/\/premino.pl\/index.php?rest_route=\/wp\/v2\/media\/46329"}],"wp:attachment":[{"href":"https:\/\/premino.pl\/index.php?rest_route=%2Fwp%2Fv2%2Fmedia&parent=46328"}],"wp:term":[{"taxonomy":"kategoria-hurtowni","embeddable":true,"href":"https:\/\/premino.pl\/index.php?rest_route=%2Fwp%2Fv2%2Fkategoria-hurtowni&post=46328"},{"taxonomy":"product_brand","embeddable":true,"href":"https:\/\/premino.pl\/index.php?rest_route=%2Fwp%2Fv2%2Fproduct_brand&post=46328"},{"taxonomy":"product_cat","embeddable":true,"href":"https:\/\/premino.pl\/index.php?rest_route=%2Fwp%2Fv2%2Fproduct_cat&post=46328"},{"taxonomy":"product_tag","embeddable":true,"href":"https:\/\/premino.pl\/index.php?rest_route=%2Fwp%2Fv2%2Fproduct_tag&post=46328"}],"curies":[{"name":"wp","href":"https:\/\/api.w.org\/{rel}","templated":true}]}}