{"id":46334,"date":"2026-05-13T14:08:10","date_gmt":"2026-05-13T12:08:10","guid":{"rendered":"https:\/\/premino.pl\/?product=restme-suplement-diety-60-kapsulek"},"modified":"2026-05-13T14:08:12","modified_gmt":"2026-05-13T12:08:12","slug":"restme-suplement-diety-60-kapsulek","status":"publish","type":"product","link":"https:\/\/premino.pl\/?product=restme-suplement-diety-60-kapsulek","title":{"rendered":"RestMe suplement diety 60 kapsu\u0142ek"},"content":{"rendered":"<p><b><b>RestMe\u00a0<\/b>Kiedy masz problemy ze\u00a0snem<br \/><\/b>suplement diety 60 kapsu\u0142ek, 30 dni stosowania<\/p>\n<p><b>odpowiedni dla wegan<\/b><\/p>\n<p><b>wolny od glutenu i laktozy<\/b><\/p>\n<p>\u25cf Silna regeneracja organizmu podczas efektywnego i g\u0142\u0119bokiego snu<br \/>\u25cf Formu\u0142a dla os\u00f3b zestresowanych, przem\u0119czonych i niewyspanych<br \/>\u25cf Formu\u0142a uspakajaj\u0105co-regeneruj\u0105ca, kt\u00f3ra przyczynia si\u0119 do poprawy jako\u015bci snu, dzi\u0119ki po\u0142\u0105czeniu synergistycznego dzia\u0142ania zi\u00f3\u0142 i substancji o udowodnionym dzia\u0142aniu<\/p>\n<p><b><b>Wybrane sk\u0142adniki produktu i ich w\u0142a\u015bciwo\u015bci:<\/b><\/b><\/p>\n<p><b>Ekstrakt z koz\u0142ka lekarskiego (Valeriana officinalis)<br \/><\/b>\u25cf ma dzia\u0142anie uspakajaj\u0105ce<br \/>\u25cf wycisza organizm<br \/>\u25cf wspomaga koncentracj\u0119 i pami\u0119\u0107<br \/>\u25cf suplement diety RestMe zawiera skoncentrowany ekstrakt z koz\u0142ka lekarskiego DER 10:1<\/p>\n<p><b>Ekstrakt z m\u0119czennicy cielistej (Passiflora incarnata L.)<br \/><\/b>\u25cf pomaga wypocz\u0105\u0107 i odpr\u0119\u017cy\u0107 si\u0119<br \/>\u25cf u\u0142atwia spokojne zasypianie<br \/>\u25cf suplement diety RestMe zawiera skoncentrowany ekstrakt z m\u0119czennicy cielistej DER 10:1<\/p>\n<p><b>Ekstrakt z witanii ospa\u0142ej (Ashwagandha)<br \/><\/b>\u25cf substancja adaptogenna wspieraj\u0105ca w okresach napi\u0119cia psychicznego i nerwowego<br \/>\u25cf przyczynia si\u0119 do zachowania r\u00f3wnowagi emocjonalnej i og\u00f3lnego samopoczucia<br \/>\u25cf suplement diety RestMe jest standaryzowany na 4,5 % witanolid\u00f3w DER 12:1<\/p>\n<p><b>Ekstrakt z chmielu zwyczajnego<br \/><\/b>\u25cf koi nerwy<br \/>\u25cf u\u0142atwia zasypianie<br \/>\u25cf suplement diety RestMe zawiera skoncentrowany ekstrakt z chmielu zwyczajnego DER 4:1<\/p>\n<p><b>Magnez<br \/><\/b>\u25cf przyczynia si\u0119 do zmniejszenia uczucia zm\u0119czenia i znu\u017cenia<br \/>\u25cf pomaga w prawid\u0142owym funkcjonowaniu uk\u0142adu nerwowego<br \/>\u25cf pomaga w utrzymaniu r\u00f3wnowagi elektrolitowej<\/p>\n<p><b>Witamina B6<br \/><\/b>\u25cf przyczynia si\u0119 zmniejszenia uczucia zm\u0119czenia i znu\u017cenia<br \/>\u25cf przyczynia si\u0119 do utrzymania prawid\u0142owego metabolizmu energetycznego<br \/>\u25cf pomaga w prawid\u0142owym funkcjonowaniu uk\u0142adu nerwowego<\/p>\n<p><b>Melatonina<br \/><\/b>\u25cf pomaga w \u0142agodzeniu subiektywnego odczucia zespo\u0142u nag\u0142ej zmiany strefy czasowej(korzystne dzia\u0142anie wyst\u0119puje w przypadku spo\u017cywania 0,5 mg melatoniny na kr\u00f3tko przed p\u00f3j\u015bciem spa\u0107 pierwszego dnia podr\u00f3\u017cy i przez kolejne kilka dni po przybyciu do celu podr\u00f3\u017cy)<\/p>\n<p><b>Sk\u0142adniki:\u00a0<\/b>Sole magnezowe kwasu cytrynowego (magnez), ekstrakt z\u00a0korzeni koz\u0142ka lekarskiego (Valeriana officinalis L.) DER 10:1, substancja glazuruj\u0105ca: hydroksypropylometyloceluloza, glicyna, tauryna, ekstrakt z\u00a0ziela m\u0119czennicy cielistej (Passiflora incarnata L.) DER 10:1, ekstrakt z\u00a0korzeni witanii ospa\u0142ej (Withania somnifera (L.) Dunal) standaryzowany na\u00a04,5% witanolid\u00f3w DER 12:1, ekstrakt z\u00a0li\u015bci zielonej herbaty (Camellia sinensis (L.) Kuntze) standaryzowany na\u00a098% L\u2011teaniny DER 480:1, ekstrakt z\u00a0szyszek chmielu zwyczajnego (Humulus lupulus L.) DER 4:1, pirydoksalo\u20115-fosforan (witamina B6), substancja przeciwzbrylaj\u0105ca: dwutlenek krzemu, melatonina.<\/p>\n<p><b>Zalecane spo\u017cycie:<\/b>\u00a02 kapsu\u0142ki wieczorem.<\/p>\n<p>Nie nale\u017cy przekracza\u0107 zalecanej dziennej porcji. Zr\u00f3wnowa\u017cony spos\u00f3b \u017cywienia i prawid\u0142owy tryb \u017cycia jest wa\u017cny dla funkcjonowania organizmu cz\u0142owieka. Suplement diety nie mo\u017ce by\u0107 stosowany jako substytut (zamiennik) zr\u00f3\u017cnicowanej diety.<\/p>\n<p><b>Przechowywanie:\u00a0<\/b>W szczelnie zamkni\u0119tym opakowaniu, w temperaturze pokojowej 15-25\u00b0 C, w suchym miejscu, w spos\u00f3b niedost\u0119pny dla ma\u0142ych dzieci. Chroni\u0107 od wilgoci i \u015bwiat\u0142a.<\/p>\n<p><b>\u015arodki ostro\u017cno\u015bci:\u00a0<\/b>Niestosowa\u0107 w przypadku nadwra\u017cliwo\u015bci na kt\u00f3rykolwiek ze sk\u0142adnik\u00f3w. Produkt nie powinien by\u0107 spo\u017cywany w przypadku stosowania lek\u00f3w o dzia\u0142aniu uspokajaj\u0105cym, nasennym, przeciwpadaczkowym, nie stosowa\u0107 u dzieci, kobiet w ci\u0105\u017cy i w trakcie laktacji. Nie nale\u017cy prowadzi\u0107 pojazd\u00f3w ani obs\u0142ugiwa\u0107 ci\u0119\u017ckich maszyn.<\/p>\n<p><strong>Forma podania:<\/strong> kapsu\u0142ki<br \/>\n<strong>Gramatura:<\/strong> sztuka<br \/>\n<strong>Pojemno\u015b\u0107:<\/strong> 60<br \/>\n<strong>P\u0142e\u0107:<\/strong> unisex<br \/>\n<strong>Rodzaj:<\/strong> pozosta\u0142e<\/p>\n<p><strong>Uwagi:<\/strong><\/p>\n<p>Nie stosowa\u0107 w przypadku nadwra\u017cliwo\u015bci na kt\u00f3rykolwiek ze sk\u0142adnik\u00f3w. W przypadku wyst\u0119powania chor\u00f3b lub stosowania produkt\u00f3w leczniczych skonsultowa\u0107 przyjmowanie suplementu diety z lekarzem. Produkt nie powinien by\u0107 spo\u017cywany w przypadku stosowania lek\u00f3w o dzia\u0142aniu uspokajaj\u0105cym, nasennym, przeciwpadaczkowym, nie stosowa\u0107 u dzieci, kobiet w ci\u0105\u017cy i w trakcie laktacji. Nie nale\u017cy prowadzi\u0107 pojazd\u00f3w ani obs\u0142ugiwa\u0107 ci\u0119\u017ckich maszyn.<\/p>\n<p><strong>Sk\u0142adniki:<\/strong><\/p>\n<p>Sole magnezowe kwasu cytrynowego (magnez), ekstrakt z\u00a0korzeni koz\u0142ka lekarskiego (Valeriana officinalis L.) DER 3:1, sk\u0142adnik kapsu\u0142ki: hydroksypropylometyloceluloza, glicyna, tauryna, ekstrakt z\u00a0ziela m\u0119czennicy cielistej (Passiflora incarnata L.) DER 10:1, ekstrakt z\u00a0korzeni witanii ospa\u0142ej (Withania somnifera (L.) Dunal) standaryzowany na\u00a04,5% witanolid\u00f3w DER 12:1, ekstrakt z\u00a0li\u015bci zielonej herbaty (Camellia sinensis (L.) Kuntze) standaryzowany na\u00a098% L-teaniny DER 480:1, ekstrakt z\u00a0szyszek chmielu zwyczajnego (Humulus lupulus L.) DER 4:1, substancja przeciwzbrylaj\u0105ca: dwutlenek krzemu, melatonina.<\/p>\n","protected":false},"excerpt":{"rendered":"<p> <strong>Forma podania:<\/strong> kapsu\u0142ki<br \/>  <strong>Gramatura:<\/strong> sztuka<br \/>  <strong>Pojemno\u015b\u0107:<\/strong> 60<br \/>  <strong>P\u0142e\u0107:<\/strong> unisex<br \/>  <strong>Rodzaj:<\/strong> pozosta\u0142e <\/p>\n","protected":false},"featured_media":46335,"comment_status":"open","ping_status":"closed","template":"","meta":{"_acf_changed":false},"kategoria-hurtowni":[206,205],"product_brand":[237],"product_cat":[76],"product_tag":[],"class_list":{"0":"post-46334","1":"product","2":"type-product","3":"status-publish","4":"has-post-thumbnail","6":"kategoria-hurtowni-suplementy-diety","7":"kategoria-hurtowni-zdrowie","8":"product_brand-healthlabs","9":"product_cat-primavera","11":"first","12":"outofstock","13":"taxable","14":"shipping-taxable","15":"product-type-simple"},"acf":[],"_links":{"self":[{"href":"https:\/\/premino.pl\/index.php?rest_route=\/wp\/v2\/product\/46334","targetHints":{"allow":["GET"]}}],"collection":[{"href":"https:\/\/premino.pl\/index.php?rest_route=\/wp\/v2\/product"}],"about":[{"href":"https:\/\/premino.pl\/index.php?rest_route=\/wp\/v2\/types\/product"}],"replies":[{"embeddable":true,"href":"https:\/\/premino.pl\/index.php?rest_route=%2Fwp%2Fv2%2Fcomments&post=46334"}],"wp:featuredmedia":[{"embeddable":true,"href":"https:\/\/premino.pl\/index.php?rest_route=\/wp\/v2\/media\/46335"}],"wp:attachment":[{"href":"https:\/\/premino.pl\/index.php?rest_route=%2Fwp%2Fv2%2Fmedia&parent=46334"}],"wp:term":[{"taxonomy":"kategoria-hurtowni","embeddable":true,"href":"https:\/\/premino.pl\/index.php?rest_route=%2Fwp%2Fv2%2Fkategoria-hurtowni&post=46334"},{"taxonomy":"product_brand","embeddable":true,"href":"https:\/\/premino.pl\/index.php?rest_route=%2Fwp%2Fv2%2Fproduct_brand&post=46334"},{"taxonomy":"product_cat","embeddable":true,"href":"https:\/\/premino.pl\/index.php?rest_route=%2Fwp%2Fv2%2Fproduct_cat&post=46334"},{"taxonomy":"product_tag","embeddable":true,"href":"https:\/\/premino.pl\/index.php?rest_route=%2Fwp%2Fv2%2Fproduct_tag&post=46334"}],"curies":[{"name":"wp","href":"https:\/\/api.w.org\/{rel}","templated":true}]}}