{"id":46336,"date":"2026-05-13T14:08:10","date_gmt":"2026-05-13T12:08:10","guid":{"rendered":"https:\/\/premino.pl\/?product=petite-cherie-woda-toaletowa-spray-50ml"},"modified":"2026-05-13T14:08:13","modified_gmt":"2026-05-13T12:08:13","slug":"petite-cherie-woda-toaletowa-spray-50ml","status":"publish","type":"product","link":"https:\/\/premino.pl\/?product=petite-cherie-woda-toaletowa-spray-50ml","title":{"rendered":"Petite Cherie woda toaletowa spray 50ml"},"content":{"rendered":"<p>Petite Ch\u00e9rie to zapach, kt\u00f3ry symbolizuje bezgraniczn\u0105 mi\u0142o\u015b\u0107 mi\u0119dzy matk\u0105 a c\u00f3rk\u0105. Gdy Annick Goutal stworzy\u0142a go dla swojej c\u00f3rki Camille, mia\u0142a ona 23 lata. Dzi\u015b Petite Ch\u00e9rie jest jednym z ikonicznych zapach\u00f3w Domu, kt\u00f3ry opowiada histori\u0119 niezwyk\u0142ego daru mi\u0142o\u015bci.<\/p>\n<p><\/p>\n<p><b>Nuty zapachowe:<br \/><\/b><br \/><b>Nuta g\u0142owy: <\/b>\u015bwie\u017co \u015bci\u0119ta trawa, brzoskwinia, gruszka<br \/><b>Nuta serca: <\/b>r\u00f3\u017ca pi\u017cmowa<br \/><b>Nuta bazy: <\/b>wanilia, bia\u0142e pi\u017cmo<\/p>\n<p><strong>Gramatura:<\/strong> ml<br \/>\n<strong>Linia k\u0105pielowa:<\/strong> nie<br \/>\n<strong>Miniatura:<\/strong> nie<br \/>\n<strong>Nuta bazy:<\/strong> bia\u0142e pi\u017cmo, wanilia<br \/>\n<strong>Nuta g\u0142owy:<\/strong> brzoskwinia, gruszka, \u015bwie\u017co \u015bci\u0119ta trawa<br \/>\n<strong>Nuta g\u0142\u00f3wna:<\/strong> kwiatowe, owocowe<br \/>\n<strong>Nuta serca:<\/strong> r\u00f3\u017ca pi\u017cmowa<br \/>\n<strong>Pojemno\u015b\u0107:<\/strong> 50<br \/>\n<strong>Produkt rzadki:<\/strong> tak<br \/>\n<strong>Pr\u00f3bka:<\/strong> nie<br \/>\n<strong>P\u0142e\u0107:<\/strong> damski<br \/>\n<strong>Rodzaj:<\/strong> woda toaletowa<br \/>\n<strong>Tester:<\/strong> nie<br \/>\n<strong>Zapach alternatywny:<\/strong> nie<br \/>\n<strong>Zestaw:<\/strong> nie<\/p>\n<p><strong>Uwagi:<\/strong><\/p>\n<p>Przechowywa\u0107 z dala od ognia i \u017ar\u00f3de\u0142 ciep\u0142a. Trzyma\u0107 w miejscu niedost\u0119pnym dla dzieci. Nie stosowa\u0107 na podra\u017cnion\u0105 lub uszkodzon\u0105 sk\u00f3r\u0119. Unika\u0107 kontaktu z oczami.<\/p>\n<p><strong>Sk\u0142adniki:<\/strong><\/p>\n<p>Alcohol Denat &#8211; Parfum (Fragrance) &#8211; Aqua (Water\/Eau) &#8211; Benzyl Benzoate &#8211; Citronellol &#8211; Geraniol &#8211; Hydroxycitronellal &#8211; Benzyl Alcohol &#8211; Alpha-Isomethyl Ionone<\/p>\n","protected":false},"excerpt":{"rendered":"<p> <strong>Gramatura:<\/strong> ml<br \/>  <strong>Linia k\u0105pielowa:<\/strong> nie<br \/>  <strong>Miniatura:<\/strong> nie<br \/>  <strong>Nuta bazy:<\/strong> bia\u0142e pi\u017cmo, wanilia<br \/>  <strong>Nuta g\u0142owy:<\/strong> brzoskwinia, gruszka, \u015bwie\u017co \u015bci\u0119ta trawa<br \/>  <strong>Nuta g\u0142\u00f3wna:<\/strong> kwiatowe, owocowe<br \/>  <strong>Nuta serca:<\/strong> r\u00f3\u017ca pi\u017cmowa<br \/>  <strong>Pojemno\u015b\u0107:<\/strong> 50<br \/>  <strong>Produkt rzadki:<\/strong> tak<br \/>  <strong>Pr\u00f3bka:<\/strong> nie<br \/>  <strong>P\u0142e\u0107:<\/strong> damski<br \/>  <strong>Rodzaj:<\/strong> woda toaletowa<br \/>  <strong>Tester:<\/strong> nie<br \/>  <strong>Zapach alternatywny:<\/strong> nie<br \/>  <strong>Zestaw:<\/strong> nie <\/p>\n","protected":false},"featured_media":46337,"comment_status":"open","ping_status":"closed","template":"","meta":{"_acf_changed":false},"kategoria-hurtowni":[87,88],"product_brand":[263],"product_cat":[76],"product_tag":[],"class_list":{"0":"post-46336","1":"product","2":"type-product","3":"status-publish","4":"has-post-thumbnail","6":"kategoria-hurtowni-perfumy","7":"kategoria-hurtowni-zapachy","8":"product_brand-goutal","9":"product_cat-primavera","11":"first","12":"outofstock","13":"taxable","14":"shipping-taxable","15":"product-type-simple"},"acf":[],"_links":{"self":[{"href":"https:\/\/premino.pl\/index.php?rest_route=\/wp\/v2\/product\/46336","targetHints":{"allow":["GET"]}}],"collection":[{"href":"https:\/\/premino.pl\/index.php?rest_route=\/wp\/v2\/product"}],"about":[{"href":"https:\/\/premino.pl\/index.php?rest_route=\/wp\/v2\/types\/product"}],"replies":[{"embeddable":true,"href":"https:\/\/premino.pl\/index.php?rest_route=%2Fwp%2Fv2%2Fcomments&post=46336"}],"wp:featuredmedia":[{"embeddable":true,"href":"https:\/\/premino.pl\/index.php?rest_route=\/wp\/v2\/media\/46337"}],"wp:attachment":[{"href":"https:\/\/premino.pl\/index.php?rest_route=%2Fwp%2Fv2%2Fmedia&parent=46336"}],"wp:term":[{"taxonomy":"kategoria-hurtowni","embeddable":true,"href":"https:\/\/premino.pl\/index.php?rest_route=%2Fwp%2Fv2%2Fkategoria-hurtowni&post=46336"},{"taxonomy":"product_brand","embeddable":true,"href":"https:\/\/premino.pl\/index.php?rest_route=%2Fwp%2Fv2%2Fproduct_brand&post=46336"},{"taxonomy":"product_cat","embeddable":true,"href":"https:\/\/premino.pl\/index.php?rest_route=%2Fwp%2Fv2%2Fproduct_cat&post=46336"},{"taxonomy":"product_tag","embeddable":true,"href":"https:\/\/premino.pl\/index.php?rest_route=%2Fwp%2Fv2%2Fproduct_tag&post=46336"}],"curies":[{"name":"wp","href":"https:\/\/api.w.org\/{rel}","templated":true}]}}