{"id":46372,"date":"2026-05-13T14:08:23","date_gmt":"2026-05-13T12:08:23","guid":{"rendered":"https:\/\/premino.pl\/?product=turathi-electric-woda-perfumowana-spray-90ml"},"modified":"2026-05-13T14:08:25","modified_gmt":"2026-05-13T12:08:25","slug":"turathi-electric-woda-perfumowana-spray-90ml","status":"publish","type":"product","link":"https:\/\/premino.pl\/?product=turathi-electric-woda-perfumowana-spray-90ml","title":{"rendered":"Turathi Electric woda perfumowana spray 90ml"},"content":{"rendered":"<p>Wejd\u017a w \u015bwiat elektryzuj\u0105cej elegancji z Afnan Turathi Electric \u2014 zapachem emanuj\u0105cym energi\u0105 i nowoczesnym charakterem. To wyj\u0105tkowa kompozycja, kt\u00f3ra zabiera w intensywn\u0105, pe\u0142n\u0105 pulsuj\u0105cego dynamizmu podr\u00f3\u017c zapachow\u0105, stworzon\u0105 dla tych, kt\u00f3rzy pragn\u0105 wyr\u00f3\u017cni\u0107 si\u0119 niepowtarzalnym i zapadaj\u0105cym w pami\u0119\u0107 aromatem.<\/p>\n<p><b>Nuty zapachowe:<br \/><\/b><br \/><b>Nuta g\u0142owy: <\/b>gruszka, mandarynka, r\u00f3\u017cowy grejpfrut, bergamotka<br \/><b>Nuta serca: <\/b>kwiat pomara\u0144czy, jab\u0142ko, cedr<br \/><b>Nuta bazy: <\/b>pi\u017cmo, bursztyn, wanilia<\/p>\n<p><strong>Gramatura:<\/strong> ml<br \/>\n<strong>Linia k\u0105pielowa:<\/strong> nie<br \/>\n<strong>Miniatura:<\/strong> nie<br \/>\n<strong>Nuta bazy:<\/strong> bursztyn, pi\u017cmo, wanilia<br \/>\n<strong>Nuta g\u0142owy:<\/strong> bergamotka, gruszka, mandarynka, r\u00f3\u017cowy grejpfrut<br \/>\n<strong>Nuta g\u0142\u00f3wna:<\/strong> kwiatowe, owocowe<br \/>\n<strong>Nuta serca:<\/strong> cedr, jab\u0142ko, kwiat pomara\u0144czy<br \/>\n<strong>Pojemno\u015b\u0107:<\/strong> 90<br \/>\n<strong>Produkt rzadki:<\/strong> nie<br \/>\n<strong>Pr\u00f3bka:<\/strong> nie<br \/>\n<strong>P\u0142e\u0107:<\/strong> unisex<br \/>\n<strong>Rodzaj:<\/strong> woda perfumowana<br \/>\n<strong>Tester:<\/strong> nie<br \/>\n<strong>Zapach alternatywny:<\/strong> nie<br \/>\n<strong>Zestaw:<\/strong> nie<\/p>\n<p><strong>Uwagi:<\/strong><\/p>\n<p>Przechowywa\u0107 z dala od ognia i \u017ar\u00f3de\u0142 ciep\u0142a. Trzyma\u0107 w miejscu niedost\u0119pnym dla dzieci. Nie stosowa\u0107 na podra\u017cnion\u0105 lub uszkodzon\u0105 sk\u00f3r\u0119. Unika\u0107 kontaktu z oczami.<\/p>\n<p><strong>Sk\u0142adniki:<\/strong><\/p>\n<p>ALCOHOL DENAT., AQUA\/WATER\/EAU, PARFUM\/FRAGRANCE, METHYL CYCLODEXTRIN, ETHYLHEXYL SALICYLATE, LIMONENE, BUTYL METHOXYDIBENZOYLMETHANE, LINALOOL, CITRAL, ALCOHOL, TRIS(TETRAMETHYLHYDROXYPIPERIDINOL) CITRATE, FARNESOL, TETRASODIUM GLUTAMATE DIACETATE, EXT.<\/p>\n","protected":false},"excerpt":{"rendered":"<p> <strong>Gramatura:<\/strong> ml<br \/>  <strong>Linia k\u0105pielowa:<\/strong> nie<br \/>  <strong>Miniatura:<\/strong> nie<br \/>  <strong>Nuta bazy:<\/strong> bursztyn, pi\u017cmo, wanilia<br \/>  <strong>Nuta g\u0142owy:<\/strong> bergamotka, gruszka, mandarynka, r\u00f3\u017cowy grejpfrut<br \/>  <strong>Nuta g\u0142\u00f3wna:<\/strong> kwiatowe, owocowe<br \/>  <strong>Nuta serca:<\/strong> cedr, jab\u0142ko, kwiat pomara\u0144czy<br \/>  <strong>Pojemno\u015b\u0107:<\/strong> 90<br \/>  <strong>Produkt rzadki:<\/strong> nie<br \/>  <strong>Pr\u00f3bka:<\/strong> nie<br \/>  <strong>P\u0142e\u0107:<\/strong> unisex<br \/>  <strong>Rodzaj:<\/strong> woda perfumowana<br \/>  <strong>Tester:<\/strong> nie<br \/>  <strong>Zapach alternatywny:<\/strong> nie<br \/>  <strong>Zestaw:<\/strong> nie <\/p>\n","protected":false},"featured_media":46373,"comment_status":"open","ping_status":"closed","template":"","meta":{"_acf_changed":false},"kategoria-hurtowni":[87,88],"product_brand":[302],"product_cat":[76],"product_tag":[],"class_list":{"0":"post-46372","1":"product","2":"type-product","3":"status-publish","4":"has-post-thumbnail","6":"kategoria-hurtowni-perfumy","7":"kategoria-hurtowni-zapachy","8":"product_brand-afnan","9":"product_cat-primavera","11":"first","12":"outofstock","13":"taxable","14":"shipping-taxable","15":"product-type-simple"},"acf":[],"_links":{"self":[{"href":"https:\/\/premino.pl\/index.php?rest_route=\/wp\/v2\/product\/46372","targetHints":{"allow":["GET"]}}],"collection":[{"href":"https:\/\/premino.pl\/index.php?rest_route=\/wp\/v2\/product"}],"about":[{"href":"https:\/\/premino.pl\/index.php?rest_route=\/wp\/v2\/types\/product"}],"replies":[{"embeddable":true,"href":"https:\/\/premino.pl\/index.php?rest_route=%2Fwp%2Fv2%2Fcomments&post=46372"}],"wp:featuredmedia":[{"embeddable":true,"href":"https:\/\/premino.pl\/index.php?rest_route=\/wp\/v2\/media\/46373"}],"wp:attachment":[{"href":"https:\/\/premino.pl\/index.php?rest_route=%2Fwp%2Fv2%2Fmedia&parent=46372"}],"wp:term":[{"taxonomy":"kategoria-hurtowni","embeddable":true,"href":"https:\/\/premino.pl\/index.php?rest_route=%2Fwp%2Fv2%2Fkategoria-hurtowni&post=46372"},{"taxonomy":"product_brand","embeddable":true,"href":"https:\/\/premino.pl\/index.php?rest_route=%2Fwp%2Fv2%2Fproduct_brand&post=46372"},{"taxonomy":"product_cat","embeddable":true,"href":"https:\/\/premino.pl\/index.php?rest_route=%2Fwp%2Fv2%2Fproduct_cat&post=46372"},{"taxonomy":"product_tag","embeddable":true,"href":"https:\/\/premino.pl\/index.php?rest_route=%2Fwp%2Fv2%2Fproduct_tag&post=46372"}],"curies":[{"name":"wp","href":"https:\/\/api.w.org\/{rel}","templated":true}]}}